{"id":31529,"date":"2025-11-02T14:36:18","date_gmt":"2025-11-02T14:36:18","guid":{"rendered":"https:\/\/fushaco.com\/?post_type=product&#038;p=31529"},"modified":"2026-04-23T13:20:38","modified_gmt":"2026-04-23T13:20:38","slug":"fush079","status":"publish","type":"product","link":"https:\/\/fushaco.com\/sq\/produkt\/fush079\/","title":{"rendered":"Loder Pelushi Sonic &#8211; FUSH079"},"content":{"rendered":"<p>Njihuni me <strong data-start=\"155\" data-end=\"177\">Sonic-un legjendar<\/strong>, heroi i dashur i loj\u00ebrave q\u00eb tani vjen n\u00eb form\u00ebn e nj\u00eb <strong data-start=\"234\" data-end=\"284\">lodre pelushi super t\u00eb but\u00eb dhe t\u00eb adhurueshme<\/strong>!<br data-start=\"285\" data-end=\"288\" \/>Kjo lod\u00ebr \u00ebsht\u00eb perfekte p\u00ebr f\u00ebmij\u00ebt q\u00eb duan aventurat plot energji dhe p\u00ebr fansat e karaktereve klasike t\u00eb videoloj\u00ebrave.<\/p>","protected":false},"excerpt":{"rendered":"<p data-start=\"414\" data-end=\"445\"><strong data-start=\"414\" data-end=\"443\">Karakteristikat kryesore:<\/strong><\/p>\n<ul data-start=\"446\" data-end=\"792\">\n<li data-start=\"446\" data-end=\"525\">\n<p data-start=\"448\" data-end=\"525\">Material pelushi me cil\u00ebsi t\u00eb lart\u00eb, shum\u00eb i but\u00eb dhe i rehatsh\u00ebm n\u00eb prekje<\/p>\n<\/li>\n<li data-start=\"526\" data-end=\"600\">\n<p data-start=\"528\" data-end=\"600\">Dizajn autentik me ngjyr\u00eb blu, vesh\u00eb karakteristik\u00eb dhe atlete t\u00eb kuqe<\/p>\n<\/li>\n<li data-start=\"601\" data-end=\"657\">\n<p data-start=\"603\" data-end=\"657\">E sigurt p\u00ebr f\u00ebmij\u00eb, pa pjes\u00eb t\u00eb vogla t\u00eb rrezikshme<\/p>\n<\/li>\n<li data-start=\"658\" data-end=\"724\">\n<p data-start=\"660\" data-end=\"724\">E p\u00ebrkryer p\u00ebr loj\u00eb, p\u00ebrqafim ose si dekor n\u00eb dhom\u00ebn e f\u00ebmij\u00ebs<\/p>\n<\/li>\n<li data-start=\"725\" data-end=\"792\">\n<p data-start=\"727\" data-end=\"792\">Ideale p\u00ebr koleksionist\u00eb t\u00eb personazheve t\u00eb famsh\u00ebm t\u00eb loj\u00ebrave<\/p>\n<\/li>\n<li data-start=\"725\" data-end=\"792\">Lartesia &#8211; 25cm<\/li>\n<\/ul>","protected":false},"featured_media":31527,"template":"","meta":[],"product_brand":[],"product_cat":[282],"product_tag":[],"class_list":{"0":"post-31529","1":"product","2":"type-product","3":"status-publish","4":"has-post-thumbnail","6":"product_cat-arusha-pelushi","8":"first","9":"instock","10":"sale","11":"taxable","12":"shipping-taxable","13":"purchasable","14":"product-type-simple"},"group_of_quantity":0,"min_quantity":0,"max_quantity":"","exclude_order_quantity_value_rules":"no","exclude_category_quantity_rules":"no","combine_variations":"no","jetpack_sharing_enabled":true,"_links":{"self":[{"href":"https:\/\/fushaco.com\/sq\/wp-json\/wp\/v2\/product\/31529","targetHints":{"allow":["GET"]}}],"collection":[{"href":"https:\/\/fushaco.com\/sq\/wp-json\/wp\/v2\/product"}],"about":[{"href":"https:\/\/fushaco.com\/sq\/wp-json\/wp\/v2\/types\/product"}],"version-history":[{"count":5,"href":"https:\/\/fushaco.com\/sq\/wp-json\/wp\/v2\/product\/31529\/revisions"}],"predecessor-version":[{"id":32966,"href":"https:\/\/fushaco.com\/sq\/wp-json\/wp\/v2\/product\/31529\/revisions\/32966"}],"wp:featuredmedia":[{"embeddable":true,"href":"https:\/\/fushaco.com\/sq\/wp-json\/wp\/v2\/media\/31527"}],"wp:attachment":[{"href":"https:\/\/fushaco.com\/sq\/wp-json\/wp\/v2\/media?parent=31529"}],"wp:term":[{"taxonomy":"product_brand","embeddable":true,"href":"https:\/\/fushaco.com\/sq\/wp-json\/wp\/v2\/product_brand?post=31529"},{"taxonomy":"product_cat","embeddable":true,"href":"https:\/\/fushaco.com\/sq\/wp-json\/wp\/v2\/product_cat?post=31529"},{"taxonomy":"product_tag","embeddable":true,"href":"https:\/\/fushaco.com\/sq\/wp-json\/wp\/v2\/product_tag?post=31529"}],"curies":[{"name":"wp","href":"https:\/\/api.w.org\/{rel}","templated":true}]}}