{"id":31531,"date":"2025-11-02T14:38:18","date_gmt":"2025-11-02T14:38:18","guid":{"rendered":"https:\/\/fushaco.com\/?post_type=product&#038;p=31531"},"modified":"2025-12-16T09:16:53","modified_gmt":"2025-12-16T09:16:53","slug":"fush080","status":"publish","type":"product","link":"https:\/\/fushaco.com\/sq\/produkt\/fush080\/","title":{"rendered":"Loder Pellushi Stitch &#8211; FUSH080"},"content":{"rendered":"<p>Sill buz\u00ebqeshje dhe arg\u00ebtim me k\u00ebt\u00eb <strong data-start=\"185\" data-end=\"215\">lod\u00ebr pelushi t\u00eb Stitch-it<\/strong>, e cila mban nj\u00eb <strong data-start=\"233\" data-end=\"260\">kitar\u00eb t\u00eb vog\u00ebl n\u00eb duar<\/strong> dhe syze cool mbi kok\u00eb!<br data-start=\"284\" data-end=\"287\" \/>E punuar nga <strong data-start=\"300\" data-end=\"356\">material pelushi premium, shum\u00eb i but\u00eb dhe rezistent<\/strong>, kjo lod\u00ebr \u00ebsht\u00eb e p\u00ebrsosur si dhurat\u00eb p\u00ebr f\u00ebmij\u00eb, adhurues t\u00eb filmave \u201cLilo &amp; Stitch\u201d, apo si dekor i \u00ebmb\u00ebl n\u00eb \u00e7do ambient.<\/p>","protected":false},"excerpt":{"rendered":"<p data-start=\"485\" data-end=\"516\"><strong data-start=\"485\" data-end=\"514\">Karakteristikat kryesore:<\/strong><\/p>\n<ul data-start=\"517\" data-end=\"785\">\n<li data-start=\"517\" data-end=\"570\">\n<p data-start=\"519\" data-end=\"570\">Pelush me cil\u00ebsi t\u00eb lart\u00eb, super i but\u00eb n\u00eb prekje<\/p>\n<\/li>\n<li data-start=\"571\" data-end=\"626\">\n<p data-start=\"573\" data-end=\"626\">Dizajn unik me syze, kitar\u00eb dhe vesh\u00eb t\u00eb m\u00ebdhenj<\/p>\n<\/li>\n<li data-start=\"686\" data-end=\"731\">\n<p data-start=\"688\" data-end=\"731\">I leht\u00eb dhe i sigurt p\u00ebr t\u00eb gjitha moshat<\/p>\n<\/li>\n<li data-start=\"732\" data-end=\"785\">\n<p data-start=\"734\" data-end=\"785\">Ideal p\u00ebr loj\u00eb, p\u00ebrqafim ose si dhurat\u00eb e ve\u00e7ant\u00eb<\/p>\n<\/li>\n<li data-start=\"732\" data-end=\"785\">Lartesia &#8211; 20cm<\/li>\n<\/ul>","protected":false},"featured_media":31533,"template":"","meta":[],"product_brand":[],"product_cat":[282],"product_tag":[],"class_list":{"0":"post-31531","1":"product","2":"type-product","3":"status-publish","4":"has-post-thumbnail","6":"product_cat-arusha-pelushi","8":"first","9":"instock","10":"taxable","11":"shipping-taxable","12":"purchasable","13":"product-type-variable"},"group_of_quantity":0,"min_quantity":0,"max_quantity":"","exclude_order_quantity_value_rules":"no","exclude_category_quantity_rules":"no","combine_variations":"no","jetpack_sharing_enabled":true,"_links":{"self":[{"href":"https:\/\/fushaco.com\/sq\/wp-json\/wp\/v2\/product\/31531","targetHints":{"allow":["GET"]}}],"collection":[{"href":"https:\/\/fushaco.com\/sq\/wp-json\/wp\/v2\/product"}],"about":[{"href":"https:\/\/fushaco.com\/sq\/wp-json\/wp\/v2\/types\/product"}],"version-history":[{"count":9,"href":"https:\/\/fushaco.com\/sq\/wp-json\/wp\/v2\/product\/31531\/revisions"}],"predecessor-version":[{"id":32986,"href":"https:\/\/fushaco.com\/sq\/wp-json\/wp\/v2\/product\/31531\/revisions\/32986"}],"wp:featuredmedia":[{"embeddable":true,"href":"https:\/\/fushaco.com\/sq\/wp-json\/wp\/v2\/media\/31533"}],"wp:attachment":[{"href":"https:\/\/fushaco.com\/sq\/wp-json\/wp\/v2\/media?parent=31531"}],"wp:term":[{"taxonomy":"product_brand","embeddable":true,"href":"https:\/\/fushaco.com\/sq\/wp-json\/wp\/v2\/product_brand?post=31531"},{"taxonomy":"product_cat","embeddable":true,"href":"https:\/\/fushaco.com\/sq\/wp-json\/wp\/v2\/product_cat?post=31531"},{"taxonomy":"product_tag","embeddable":true,"href":"https:\/\/fushaco.com\/sq\/wp-json\/wp\/v2\/product_tag?post=31531"}],"curies":[{"name":"wp","href":"https:\/\/api.w.org\/{rel}","templated":true}]}}