{"id":31544,"date":"2025-11-02T14:39:41","date_gmt":"2025-11-02T14:39:41","guid":{"rendered":"https:\/\/fushaco.com\/?post_type=product&#038;p=31544"},"modified":"2025-12-16T09:21:49","modified_gmt":"2025-12-16T09:21:49","slug":"fush081","status":"publish","type":"product","link":"https:\/\/fushaco.com\/sq\/produkt\/fush081\/","title":{"rendered":"Loder Pelushi Mario &#8211; FUSH081"},"content":{"rendered":"<p>Sill magjin\u00eb e bot\u00ebs s\u00eb Mario n\u00eb sht\u00ebpi me k\u00ebt\u00eb <strong data-start=\"179\" data-end=\"203\">lod\u00ebr pelushi<\/strong>, personazhi i dashur me kapel\u00ebn karakteristike!<br data-start=\"270\" data-end=\"273\" \/>E b\u00ebr\u00eb nga <strong data-start=\"284\" data-end=\"321\">material shum\u00eb i but\u00eb dhe cil\u00ebsor<\/strong>, kjo lod\u00ebr \u00ebsht\u00eb perfekte p\u00ebr loj\u00eb, p\u00ebr dekor ose si dhurat\u00eb p\u00ebr fansat e loj\u00ebrave klasike Nintendo.<\/p>","protected":false},"excerpt":{"rendered":"<p data-start=\"426\" data-end=\"457\"><strong data-start=\"426\" data-end=\"455\">Karakteristikat kryesore:<\/strong><\/p>\n<ul data-start=\"458\" data-end=\"752\">\n<li data-start=\"458\" data-end=\"508\">\n<p data-start=\"460\" data-end=\"508\">Material pelushi premium, i but\u00eb dhe rezistent<\/p>\n<\/li>\n<li data-start=\"574\" data-end=\"628\">\n<p data-start=\"576\" data-end=\"628\">I leht\u00eb, i sigurt dhe i p\u00ebrshtatsh\u00ebm p\u00ebr \u00e7do mosh\u00eb<\/p>\n<\/li>\n<li data-start=\"629\" data-end=\"678\">\n<p data-start=\"631\" data-end=\"678\">Ideale p\u00ebr loj\u00eb, koleksion ose dekor n\u00eb dhom\u00eb<\/p>\n<\/li>\n<li data-start=\"679\" data-end=\"752\">\n<p data-start=\"681\" data-end=\"752\">Pamje e \u00ebmb\u00ebl dhe e g\u00ebzueshme q\u00eb p\u00eblqehet nga f\u00ebmij\u00ebt dhe t\u00eb rriturit<\/p>\n<\/li>\n<li data-start=\"679\" data-end=\"752\">Lartesia &#8211; 20cm<\/li>\n<\/ul>","protected":false},"featured_media":31540,"template":"","meta":[],"product_brand":[],"product_cat":[282],"product_tag":[],"class_list":{"0":"post-31544","1":"product","2":"type-product","3":"status-publish","4":"has-post-thumbnail","6":"product_cat-arusha-pelushi","8":"first","9":"instock","10":"taxable","11":"shipping-taxable","12":"purchasable","13":"product-type-variable"},"group_of_quantity":0,"min_quantity":0,"max_quantity":"","exclude_order_quantity_value_rules":"no","exclude_category_quantity_rules":"no","combine_variations":"no","jetpack_sharing_enabled":true,"_links":{"self":[{"href":"https:\/\/fushaco.com\/sq\/wp-json\/wp\/v2\/product\/31544","targetHints":{"allow":["GET"]}}],"collection":[{"href":"https:\/\/fushaco.com\/sq\/wp-json\/wp\/v2\/product"}],"about":[{"href":"https:\/\/fushaco.com\/sq\/wp-json\/wp\/v2\/types\/product"}],"version-history":[{"count":5,"href":"https:\/\/fushaco.com\/sq\/wp-json\/wp\/v2\/product\/31544\/revisions"}],"predecessor-version":[{"id":32992,"href":"https:\/\/fushaco.com\/sq\/wp-json\/wp\/v2\/product\/31544\/revisions\/32992"}],"wp:featuredmedia":[{"embeddable":true,"href":"https:\/\/fushaco.com\/sq\/wp-json\/wp\/v2\/media\/31540"}],"wp:attachment":[{"href":"https:\/\/fushaco.com\/sq\/wp-json\/wp\/v2\/media?parent=31544"}],"wp:term":[{"taxonomy":"product_brand","embeddable":true,"href":"https:\/\/fushaco.com\/sq\/wp-json\/wp\/v2\/product_brand?post=31544"},{"taxonomy":"product_cat","embeddable":true,"href":"https:\/\/fushaco.com\/sq\/wp-json\/wp\/v2\/product_cat?post=31544"},{"taxonomy":"product_tag","embeddable":true,"href":"https:\/\/fushaco.com\/sq\/wp-json\/wp\/v2\/product_tag?post=31544"}],"curies":[{"name":"wp","href":"https:\/\/api.w.org\/{rel}","templated":true}]}}