{"id":31551,"date":"2025-11-02T14:41:15","date_gmt":"2025-11-02T14:41:15","guid":{"rendered":"https:\/\/fushaco.com\/?post_type=product&#038;p=31551"},"modified":"2025-12-16T09:21:38","modified_gmt":"2025-12-16T09:21:38","slug":"fush082-083","status":"publish","type":"product","link":"https:\/\/fushaco.com\/sq\/produkt\/fush082-083\/","title":{"rendered":"Super Heronj\u00eb Pellushi &#8211; FUSH082-083"},"content":{"rendered":"<p>Sjellim p\u00ebr ju lodr\u00ebn <strong data-start=\"145\" data-end=\"171\">Superhero Spider Plush<\/strong>, nj\u00eb kukull super e but\u00eb dhe shum\u00eb simpatike, e frym\u00ebzuar nga heroi i dashur nga f\u00ebmij\u00ebt. Me ngjyra t\u00eb gjalla, detaje t\u00eb sakta dhe material tep\u00ebr cil\u00ebsor, kjo lod\u00ebr \u00ebsht\u00eb perfekte p\u00ebr t\u2019u b\u00ebr\u00eb shoku m\u00eb i mir\u00eb i loj\u00ebs p\u00ebr \u00e7do f\u00ebmij\u00eb.<\/p>","protected":false},"excerpt":{"rendered":"<h3 data-start=\"406\" data-end=\"430\"><strong data-start=\"410\" data-end=\"430\">Karakteristikat:<\/strong><\/h3>\n<ul data-start=\"431\" data-end=\"847\">\n<li data-start=\"507\" data-end=\"614\">\n<p data-start=\"509\" data-end=\"614\"><strong data-start=\"509\" data-end=\"538\">Dizajn superhero t\u00ebrheq\u00ebs<\/strong> \u2013 me detaje t\u00eb qarta dhe forma t\u00eb rrumbullak\u00ebta q\u00eb e b\u00ebjn\u00eb shum\u00eb simpatik<\/p>\n<\/li>\n<li data-start=\"615\" data-end=\"677\">\n<p data-start=\"617\" data-end=\"677\"><strong data-start=\"617\" data-end=\"634\">Pesha e leht\u00eb<\/strong> \u2013 e p\u00ebrshtatshme p\u00ebr f\u00ebmij\u00eb t\u00eb \u00e7do moshe<\/p>\n<\/li>\n<li data-start=\"678\" data-end=\"759\">\n<p data-start=\"680\" data-end=\"759\"><strong data-start=\"680\" data-end=\"705\">Q\u00ebndrueshm\u00ebri e lart\u00eb<\/strong> \u2013 e punuar me qepje cil\u00ebsore p\u00ebr p\u00ebrdorim afatgjat\u00eb<\/p>\n<\/li>\n<li data-start=\"760\" data-end=\"847\">\n<p data-start=\"762\" data-end=\"847\"><strong data-start=\"762\" data-end=\"794\">Madh\u00ebsi perfekte p\u00ebr dhurat\u00eb<\/strong> \u2013 ideale p\u00ebr dit\u00eblindje, festa apo surpriza t\u00eb vogla<\/p>\n<\/li>\n<li data-start=\"760\" data-end=\"847\"><strong>Lartesia &#8211; 25cm<\/strong><\/li>\n<\/ul>","protected":false},"featured_media":31553,"template":"","meta":[],"product_brand":[],"product_cat":[282],"product_tag":[],"class_list":{"0":"post-31551","1":"product","2":"type-product","3":"status-publish","4":"has-post-thumbnail","6":"product_cat-arusha-pelushi","8":"first","9":"instock","10":"taxable","11":"shipping-taxable","12":"purchasable","13":"product-type-variable","14":"has-default-attributes"},"group_of_quantity":0,"min_quantity":0,"max_quantity":"","exclude_order_quantity_value_rules":"no","exclude_category_quantity_rules":"no","combine_variations":"no","jetpack_sharing_enabled":true,"_links":{"self":[{"href":"https:\/\/fushaco.com\/sq\/wp-json\/wp\/v2\/product\/31551","targetHints":{"allow":["GET"]}}],"collection":[{"href":"https:\/\/fushaco.com\/sq\/wp-json\/wp\/v2\/product"}],"about":[{"href":"https:\/\/fushaco.com\/sq\/wp-json\/wp\/v2\/types\/product"}],"version-history":[{"count":6,"href":"https:\/\/fushaco.com\/sq\/wp-json\/wp\/v2\/product\/31551\/revisions"}],"predecessor-version":[{"id":32991,"href":"https:\/\/fushaco.com\/sq\/wp-json\/wp\/v2\/product\/31551\/revisions\/32991"}],"wp:featuredmedia":[{"embeddable":true,"href":"https:\/\/fushaco.com\/sq\/wp-json\/wp\/v2\/media\/31553"}],"wp:attachment":[{"href":"https:\/\/fushaco.com\/sq\/wp-json\/wp\/v2\/media?parent=31551"}],"wp:term":[{"taxonomy":"product_brand","embeddable":true,"href":"https:\/\/fushaco.com\/sq\/wp-json\/wp\/v2\/product_brand?post=31551"},{"taxonomy":"product_cat","embeddable":true,"href":"https:\/\/fushaco.com\/sq\/wp-json\/wp\/v2\/product_cat?post=31551"},{"taxonomy":"product_tag","embeddable":true,"href":"https:\/\/fushaco.com\/sq\/wp-json\/wp\/v2\/product_tag?post=31551"}],"curies":[{"name":"wp","href":"https:\/\/api.w.org\/{rel}","templated":true}]}}