{"id":31570,"date":"2025-11-02T14:45:28","date_gmt":"2025-11-02T14:45:28","guid":{"rendered":"https:\/\/fushaco.com\/?post_type=product&#038;p=31570"},"modified":"2025-12-13T23:45:31","modified_gmt":"2025-12-13T23:45:31","slug":"fush084","status":"publish","type":"product","link":"https:\/\/fushaco.com\/sq\/produkt\/fush084\/","title":{"rendered":"Qant\u00eb &#8211; FUSH084"},"content":{"rendered":"<p>Kjo <strong data-start=\"171\" data-end=\"204\">\u00e7ant\u00eb shpine pelushi \u201cStitch\u201d<\/strong> \u00ebsht\u00eb perfekte p\u00ebr f\u00ebmij\u00ebt q\u00eb duan stilin arg\u00ebtues dhe t\u00eb ve\u00e7ant\u00eb!<br data-start=\"271\" data-end=\"274\" \/>E b\u00ebr\u00eb nga <strong data-start=\"285\" data-end=\"324\">material super i but\u00eb dhe rezistent<\/strong>, me <strong data-start=\"329\" data-end=\"373\">vesh\u00eb 3D dhe ngjyra t\u00eb gjalla blu e roz\u00eb<\/strong>, kjo \u00e7ant\u00eb do t\u00eb b\u00ebhet shoq\u00ebruesja e preferuar e \u00e7do vog\u00eblushi.<\/p>","protected":false},"excerpt":{"rendered":"<p data-start=\"441\" data-end=\"472\"><strong data-start=\"441\" data-end=\"470\">Karakteristikat kryesore:<\/strong><\/p>\n<ul data-start=\"473\" data-end=\"751\">\n<li data-start=\"473\" data-end=\"521\">\n<p data-start=\"475\" data-end=\"521\">Material pelushi premium, i but\u00eb dhe cil\u00ebsor<\/p>\n<\/li>\n<li data-start=\"522\" data-end=\"584\">\n<p data-start=\"524\" data-end=\"584\">Dizajn unik me figur\u00eb 3D t\u00eb Stitch dhe detaje t\u00eb q\u00ebndisura<\/p>\n<\/li>\n<li data-start=\"585\" data-end=\"632\">\n<p data-start=\"587\" data-end=\"632\">Breza t\u00eb rregulluesh\u00ebm p\u00ebr rehati maksimale<\/p>\n<\/li>\n<li data-start=\"633\" data-end=\"683\">\n<p data-start=\"635\" data-end=\"683\">Zinxhir praktik p\u00ebr hapje dhe mbyllje t\u00eb leht\u00eb<\/p>\n<\/li>\n<li data-start=\"684\" data-end=\"751\">\n<p data-start=\"686\" data-end=\"751\">E p\u00ebrshtatshme p\u00ebr shkoll\u00eb, udh\u00ebtime apo p\u00ebrdorim t\u00eb p\u00ebrditsh\u00ebm<\/p>\n<\/li>\n<\/ul>","protected":false},"featured_media":31565,"template":"","meta":[],"product_brand":[],"product_cat":[325],"product_tag":[],"class_list":{"0":"post-31570","1":"product","2":"type-product","3":"status-publish","4":"has-post-thumbnail","6":"product_cat-aksesore","8":"first","9":"instock","10":"sale","11":"taxable","12":"shipping-taxable","13":"purchasable","14":"product-type-simple"},"group_of_quantity":0,"min_quantity":0,"max_quantity":"","exclude_order_quantity_value_rules":"no","exclude_category_quantity_rules":"no","combine_variations":"no","jetpack_sharing_enabled":true,"_links":{"self":[{"href":"https:\/\/fushaco.com\/sq\/wp-json\/wp\/v2\/product\/31570","targetHints":{"allow":["GET"]}}],"collection":[{"href":"https:\/\/fushaco.com\/sq\/wp-json\/wp\/v2\/product"}],"about":[{"href":"https:\/\/fushaco.com\/sq\/wp-json\/wp\/v2\/types\/product"}],"version-history":[{"count":4,"href":"https:\/\/fushaco.com\/sq\/wp-json\/wp\/v2\/product\/31570\/revisions"}],"predecessor-version":[{"id":32955,"href":"https:\/\/fushaco.com\/sq\/wp-json\/wp\/v2\/product\/31570\/revisions\/32955"}],"wp:featuredmedia":[{"embeddable":true,"href":"https:\/\/fushaco.com\/sq\/wp-json\/wp\/v2\/media\/31565"}],"wp:attachment":[{"href":"https:\/\/fushaco.com\/sq\/wp-json\/wp\/v2\/media?parent=31570"}],"wp:term":[{"taxonomy":"product_brand","embeddable":true,"href":"https:\/\/fushaco.com\/sq\/wp-json\/wp\/v2\/product_brand?post=31570"},{"taxonomy":"product_cat","embeddable":true,"href":"https:\/\/fushaco.com\/sq\/wp-json\/wp\/v2\/product_cat?post=31570"},{"taxonomy":"product_tag","embeddable":true,"href":"https:\/\/fushaco.com\/sq\/wp-json\/wp\/v2\/product_tag?post=31570"}],"curies":[{"name":"wp","href":"https:\/\/api.w.org\/{rel}","templated":true}]}}