{"id":31573,"date":"2025-11-02T14:46:00","date_gmt":"2025-11-02T14:46:00","guid":{"rendered":"https:\/\/fushaco.com\/?post_type=product&#038;p=31573"},"modified":"2025-12-13T23:45:11","modified_gmt":"2025-12-13T23:45:11","slug":"fush085","status":"publish","type":"product","link":"https:\/\/fushaco.com\/sq\/produkt\/fush085\/","title":{"rendered":"Qant\u00eb &#8211; FUSH085"},"content":{"rendered":"<p>Kjo <strong data-start=\"172\" data-end=\"210\">\u00e7ant\u00eb shpine pelushi \u201cHello Kitty\u201d<\/strong> \u00ebsht\u00eb zgjedhja perfekte p\u00ebr vajzat q\u00eb adhurojn\u00eb stilin e \u00ebmb\u00ebl dhe lodrat pelushi!<br data-start=\"293\" data-end=\"296\" \/>E b\u00ebr\u00eb nga <strong data-start=\"307\" data-end=\"344\">material shum\u00eb i but\u00eb dhe cil\u00ebsor<\/strong>, me <strong data-start=\"349\" data-end=\"364\">detaje roz\u00eb<\/strong> dhe <strong data-start=\"369\" data-end=\"403\">dizajn t\u00eb bukur t\u00eb Hello Kitty<\/strong>, kjo \u00e7ant\u00eb \u00ebsht\u00eb ideale p\u00ebr p\u00ebrditshm\u00ebri, shkoll\u00eb, udh\u00ebtime apo si dhurat\u00eb e ve\u00e7ant\u00eb.<\/p>","protected":false},"excerpt":{"rendered":"<p data-start=\"493\" data-end=\"524\"><strong data-start=\"493\" data-end=\"522\">Karakteristikat kryesore:<\/strong><\/p>\n<ul data-start=\"525\" data-end=\"842\">\n<li data-start=\"525\" data-end=\"581\">\n<p data-start=\"527\" data-end=\"581\">Material pelushi premium, i but\u00eb dhe komod n\u00eb prekje<\/p>\n<\/li>\n<li data-start=\"582\" data-end=\"627\">\n<p data-start=\"584\" data-end=\"627\">Ngjyr\u00eb e bardh\u00eb me detaje roz\u00eb t\u00eb ndezura<\/p>\n<\/li>\n<li data-start=\"628\" data-end=\"689\">\n<p data-start=\"630\" data-end=\"689\">Mbyllje me zinxhir praktik dhe xhep i p\u00ebrparm\u00eb funksional<\/p>\n<\/li>\n<li data-start=\"690\" data-end=\"737\">\n<p data-start=\"692\" data-end=\"737\">Breza t\u00eb rregulluesh\u00ebm p\u00ebr rehati maksimale<\/p>\n<\/li>\n<li data-start=\"738\" data-end=\"790\">\n<p data-start=\"740\" data-end=\"790\">Dizajn i bukur me figur\u00eb t\u00eb q\u00ebndisur Hello Kitty<\/p>\n<\/li>\n<li data-start=\"791\" data-end=\"842\">\n<p data-start=\"793\" data-end=\"842\">E p\u00ebrshtatshme p\u00ebr vajza, f\u00ebmij\u00eb ose si dhurat\u00eb<\/p>\n<\/li>\n<\/ul>","protected":false},"featured_media":31566,"template":"","meta":[],"product_brand":[],"product_cat":[325],"product_tag":[],"class_list":{"0":"post-31573","1":"product","2":"type-product","3":"status-publish","4":"has-post-thumbnail","6":"product_cat-aksesore","8":"first","9":"instock","10":"sale","11":"taxable","12":"shipping-taxable","13":"purchasable","14":"product-type-simple"},"group_of_quantity":0,"min_quantity":0,"max_quantity":"","exclude_order_quantity_value_rules":"no","exclude_category_quantity_rules":"no","combine_variations":"no","jetpack_sharing_enabled":true,"_links":{"self":[{"href":"https:\/\/fushaco.com\/sq\/wp-json\/wp\/v2\/product\/31573","targetHints":{"allow":["GET"]}}],"collection":[{"href":"https:\/\/fushaco.com\/sq\/wp-json\/wp\/v2\/product"}],"about":[{"href":"https:\/\/fushaco.com\/sq\/wp-json\/wp\/v2\/types\/product"}],"version-history":[{"count":4,"href":"https:\/\/fushaco.com\/sq\/wp-json\/wp\/v2\/product\/31573\/revisions"}],"predecessor-version":[{"id":32954,"href":"https:\/\/fushaco.com\/sq\/wp-json\/wp\/v2\/product\/31573\/revisions\/32954"}],"wp:featuredmedia":[{"embeddable":true,"href":"https:\/\/fushaco.com\/sq\/wp-json\/wp\/v2\/media\/31566"}],"wp:attachment":[{"href":"https:\/\/fushaco.com\/sq\/wp-json\/wp\/v2\/media?parent=31573"}],"wp:term":[{"taxonomy":"product_brand","embeddable":true,"href":"https:\/\/fushaco.com\/sq\/wp-json\/wp\/v2\/product_brand?post=31573"},{"taxonomy":"product_cat","embeddable":true,"href":"https:\/\/fushaco.com\/sq\/wp-json\/wp\/v2\/product_cat?post=31573"},{"taxonomy":"product_tag","embeddable":true,"href":"https:\/\/fushaco.com\/sq\/wp-json\/wp\/v2\/product_tag?post=31573"}],"curies":[{"name":"wp","href":"https:\/\/api.w.org\/{rel}","templated":true}]}}