{"id":31577,"date":"2025-11-02T14:46:51","date_gmt":"2025-11-02T14:46:51","guid":{"rendered":"https:\/\/fushaco.com\/?post_type=product&#038;p=31577"},"modified":"2025-12-19T10:20:50","modified_gmt":"2025-12-19T10:20:50","slug":"fush107","status":"publish","type":"product","link":"https:\/\/fushaco.com\/sq\/produkt\/fush107\/","title":{"rendered":"Arush Pellushi &#8211; FUSH107"},"content":{"rendered":"<p>Surprizo t\u00eb dashurit e tu me k\u00ebt\u00eb <strong data-start=\"217\" data-end=\"244\">ari ngjyr\u00eb kafeje<\/strong>, q\u00eb mban n\u00eb duar nj\u00eb <strong data-start=\"266\" data-end=\"292\">torte t\u00eb vog\u00ebl me qiri<\/strong> dhe vesh nj\u00eb <strong data-start=\"306\" data-end=\"337\">kapel\u00eb feste me yll t\u00eb art\u00eb<\/strong> ku shkruhet \u201cHappy Birthday\u201d!<br data-start=\"367\" data-end=\"370\" \/>Nj\u00eb dhurat\u00eb e p\u00ebrsosur p\u00ebr t\u2019i sjell\u00eb buz\u00ebqeshje dhe g\u00ebzim dit\u00eblindjeve t\u00eb \u00e7do moshe.<\/p>","protected":false},"excerpt":{"rendered":"<p data-start=\"459\" data-end=\"490\"><strong data-start=\"459\" data-end=\"488\">Karakteristikat kryesore:<\/strong><\/p>\n<ul data-start=\"491\" data-end=\"743\">\n<li data-start=\"491\" data-end=\"541\">\n<p data-start=\"493\" data-end=\"541\">Material super i but\u00eb dhe i k\u00ebndsh\u00ebm n\u00eb prekje<\/p>\n<\/li>\n<li data-start=\"542\" data-end=\"601\">\n<p data-start=\"544\" data-end=\"601\">Kapel\u00eb e dekoruar me yll dhe mbishkrim \u201cHappy Birthday\u201d<\/p>\n<\/li>\n<li data-start=\"602\" data-end=\"646\">\n<p data-start=\"604\" data-end=\"646\">Torte pelushi me qiri t\u00eb ngjitur n\u00eb dor\u00eb<\/p>\n<\/li>\n<li data-start=\"647\" data-end=\"699\">\n<p data-start=\"649\" data-end=\"699\">Dizajn i \u00ebmb\u00ebl dhe i g\u00ebzuesh\u00ebm p\u00ebr raste festive<\/p>\n<\/li>\n<li data-start=\"700\" data-end=\"743\">\n<p data-start=\"702\" data-end=\"743\">E p\u00ebrshtatshme p\u00ebr f\u00ebmij\u00eb dhe t\u00eb rritur<\/p>\n<\/li>\n<li data-start=\"700\" data-end=\"743\">lartesia &#8211; 80cm<\/li>\n<\/ul>","protected":false},"featured_media":31568,"template":"","meta":[],"product_brand":[],"product_cat":[282],"product_tag":[],"class_list":{"0":"post-31577","1":"product","2":"type-product","3":"status-publish","4":"has-post-thumbnail","6":"product_cat-arusha-pelushi","8":"first","9":"instock","10":"sale","11":"taxable","12":"shipping-taxable","13":"purchasable","14":"product-type-simple"},"group_of_quantity":0,"min_quantity":0,"max_quantity":"","exclude_order_quantity_value_rules":"no","exclude_category_quantity_rules":"no","combine_variations":"no","jetpack_sharing_enabled":true,"_links":{"self":[{"href":"https:\/\/fushaco.com\/sq\/wp-json\/wp\/v2\/product\/31577","targetHints":{"allow":["GET"]}}],"collection":[{"href":"https:\/\/fushaco.com\/sq\/wp-json\/wp\/v2\/product"}],"about":[{"href":"https:\/\/fushaco.com\/sq\/wp-json\/wp\/v2\/types\/product"}],"version-history":[{"count":5,"href":"https:\/\/fushaco.com\/sq\/wp-json\/wp\/v2\/product\/31577\/revisions"}],"predecessor-version":[{"id":32990,"href":"https:\/\/fushaco.com\/sq\/wp-json\/wp\/v2\/product\/31577\/revisions\/32990"}],"wp:featuredmedia":[{"embeddable":true,"href":"https:\/\/fushaco.com\/sq\/wp-json\/wp\/v2\/media\/31568"}],"wp:attachment":[{"href":"https:\/\/fushaco.com\/sq\/wp-json\/wp\/v2\/media?parent=31577"}],"wp:term":[{"taxonomy":"product_brand","embeddable":true,"href":"https:\/\/fushaco.com\/sq\/wp-json\/wp\/v2\/product_brand?post=31577"},{"taxonomy":"product_cat","embeddable":true,"href":"https:\/\/fushaco.com\/sq\/wp-json\/wp\/v2\/product_cat?post=31577"},{"taxonomy":"product_tag","embeddable":true,"href":"https:\/\/fushaco.com\/sq\/wp-json\/wp\/v2\/product_tag?post=31577"}],"curies":[{"name":"wp","href":"https:\/\/api.w.org\/{rel}","templated":true}]}}