{"id":31592,"date":"2025-11-02T14:50:40","date_gmt":"2025-11-02T14:50:40","guid":{"rendered":"https:\/\/fushaco.com\/?post_type=product&#038;p=31592"},"modified":"2026-02-05T12:37:51","modified_gmt":"2026-02-05T12:37:51","slug":"fush193","status":"publish","type":"product","link":"https:\/\/fushaco.com\/sq\/produkt\/fush193\/","title":{"rendered":"Arush Pellushi &#8211; FUSH193"},"content":{"rendered":"<p>B\u00ebni dhurat\u00ebn m\u00eb t\u00eb paharrueshme me k\u00ebt\u00eb <strong data-start=\"189\" data-end=\"212\">ariu gjigant t\u00eb kuq<\/strong>, t\u00eb punuar nga <strong data-start=\"228\" data-end=\"263\">pelush shum\u00eb i but\u00eb dhe cil\u00ebsor<\/strong>, q\u00eb sjell ngroht\u00ebsi, dashuri dhe buz\u00ebqeshje.<br data-start=\"308\" data-end=\"311\" \/>Ky ari simpatik mban nj\u00eb <strong data-start=\"336\" data-end=\"377\">fjongo elegante me mbishkrimin \u201cLove\u201d<\/strong>, duke e b\u00ebr\u00eb dhurat\u00ebn tuaj perfekte p\u00ebr raste romantike dhe momente t\u00eb ve\u00e7anta.<\/p>","protected":false},"excerpt":{"rendered":"<p data-start=\"569\" data-end=\"600\"><strong data-start=\"569\" data-end=\"598\">Karakteristikat kryesore:<\/strong><\/p>\n<ul data-start=\"601\" data-end=\"858\">\n<li data-start=\"601\" data-end=\"640\">\n<p data-start=\"603\" data-end=\"640\">Madh\u00ebsi e madhe dhe dizajn impozant<\/p>\n<\/li>\n<li data-start=\"641\" data-end=\"683\">\n<p data-start=\"643\" data-end=\"683\">Pelush super i but\u00eb dhe cil\u00ebsi premium<\/p>\n<\/li>\n<li data-start=\"684\" data-end=\"723\">\n<p data-start=\"686\" data-end=\"723\">Fjongo sateni me mbishkrimin \u201cLove\u201d<\/p>\n<\/li>\n<li data-start=\"724\" data-end=\"785\">\n<p data-start=\"726\" data-end=\"785\">Ngjyr\u00eb e kuqe pasionante \u2013 simbol i dashuris\u00eb s\u00eb sinqert\u00eb<\/p>\n<\/li>\n<li data-start=\"786\" data-end=\"858\">\n<p data-start=\"788\" data-end=\"858\">E p\u00ebrsosur p\u00ebr t\u2019u vendosur n\u00eb dhom\u00eb ose p\u00ebr dhurat\u00eb t\u00eb paharrueshme<\/p>\n<\/li>\n<li data-start=\"786\" data-end=\"858\">lartesia &#8211; 120cm<\/li>\n<\/ul>","protected":false},"featured_media":31574,"template":"","meta":[],"product_brand":[],"product_cat":[282],"product_tag":[],"class_list":{"0":"post-31592","1":"product","2":"type-product","3":"status-publish","4":"has-post-thumbnail","6":"product_cat-arusha-pelushi","8":"first","9":"instock","10":"sale","11":"taxable","12":"shipping-taxable","13":"purchasable","14":"product-type-simple"},"group_of_quantity":0,"min_quantity":0,"max_quantity":"","exclude_order_quantity_value_rules":"no","exclude_category_quantity_rules":"no","combine_variations":"no","jetpack_sharing_enabled":true,"_links":{"self":[{"href":"https:\/\/fushaco.com\/sq\/wp-json\/wp\/v2\/product\/31592","targetHints":{"allow":["GET"]}}],"collection":[{"href":"https:\/\/fushaco.com\/sq\/wp-json\/wp\/v2\/product"}],"about":[{"href":"https:\/\/fushaco.com\/sq\/wp-json\/wp\/v2\/types\/product"}],"version-history":[{"count":6,"href":"https:\/\/fushaco.com\/sq\/wp-json\/wp\/v2\/product\/31592\/revisions"}],"predecessor-version":[{"id":33866,"href":"https:\/\/fushaco.com\/sq\/wp-json\/wp\/v2\/product\/31592\/revisions\/33866"}],"wp:featuredmedia":[{"embeddable":true,"href":"https:\/\/fushaco.com\/sq\/wp-json\/wp\/v2\/media\/31574"}],"wp:attachment":[{"href":"https:\/\/fushaco.com\/sq\/wp-json\/wp\/v2\/media?parent=31592"}],"wp:term":[{"taxonomy":"product_brand","embeddable":true,"href":"https:\/\/fushaco.com\/sq\/wp-json\/wp\/v2\/product_brand?post=31592"},{"taxonomy":"product_cat","embeddable":true,"href":"https:\/\/fushaco.com\/sq\/wp-json\/wp\/v2\/product_cat?post=31592"},{"taxonomy":"product_tag","embeddable":true,"href":"https:\/\/fushaco.com\/sq\/wp-json\/wp\/v2\/product_tag?post=31592"}],"curies":[{"name":"wp","href":"https:\/\/api.w.org\/{rel}","templated":true}]}}