{"id":31917,"date":"2025-11-07T10:42:27","date_gmt":"2025-11-07T10:42:27","guid":{"rendered":"https:\/\/fushaco.com\/?post_type=product&#038;p=31917"},"modified":"2026-03-16T15:11:23","modified_gmt":"2026-03-16T15:11:23","slug":"fush060","status":"publish","type":"product","link":"https:\/\/fushaco.com\/sq\/produkt\/fush060\/","title":{"rendered":"Qant\u00eb &#8211; FUSH060"},"content":{"rendered":"<p>\u00c7ant\u00eb shpine elegante dhe funksionale p\u00ebr biznes, udh\u00ebtime apo p\u00ebrdorim t\u00eb p\u00ebrditsh\u00ebm. Me material rezistent ndaj ujit, mbyllje me kod sigurie dhe port\u00eb USB p\u00ebr karikim, kjo \u00e7ant\u00eb \u00ebsht\u00eb kombinimi perfekt i stilit dhe siguris\u00eb.<\/p>","protected":false},"excerpt":{"rendered":"<p data-start=\"1149\" data-end=\"1178\"><strong data-start=\"1149\" data-end=\"1178\">Karakteristikat kryesore:<\/strong><\/p>\n<ul data-start=\"1179\" data-end=\"1757\">\n<li data-start=\"1179\" data-end=\"1258\">\n<p data-start=\"1181\" data-end=\"1258\"><strong data-start=\"1184\" data-end=\"1213\">Stil modern &amp; profesional<\/strong> \u2013 p\u00ebrshtatet p\u00ebr pun\u00eb, biznes apo udh\u00ebtime<\/p>\n<\/li>\n<li data-start=\"1259\" data-end=\"1321\">\n<p data-start=\"1261\" data-end=\"1321\"><strong data-start=\"1264\" data-end=\"1290\">Mbyllje me kod sigurie<\/strong> p\u00ebr mbrojtje kund\u00ebr vjedhjes<\/p>\n<\/li>\n<li data-start=\"1322\" data-end=\"1398\">\n<p data-start=\"1324\" data-end=\"1398\"><strong data-start=\"1327\" data-end=\"1359\">Material rezistent ndaj ujit<\/strong> \u2013 mbron pajisjet edhe n\u00eb dit\u00eb me shi<\/p>\n<\/li>\n<li data-start=\"1399\" data-end=\"1463\">\n<p data-start=\"1401\" data-end=\"1463\"><strong data-start=\"1404\" data-end=\"1429\">Port\u00eb USB e integruar<\/strong> p\u00ebr karikim t\u00eb leht\u00eb n\u00eb l\u00ebvizje<\/p>\n<\/li>\n<li data-start=\"1464\" data-end=\"1516\">\n<p data-start=\"1466\" data-end=\"1516\"><strong data-start=\"1469\" data-end=\"1500\">Ndarje e ve\u00e7ant\u00eb p\u00ebr laptop<\/strong> deri n\u00eb 15.6&#8243;<\/p>\n<\/li>\n<li data-start=\"1517\" data-end=\"1564\">\n<p data-start=\"1519\" data-end=\"1564\"><strong data-start=\"1522\" data-end=\"1542\">Rrip p\u00ebr valixhe<\/strong> p\u00ebr udh\u00ebtime komode<\/p>\n<\/li>\n<li data-start=\"1565\" data-end=\"1653\">\n<p data-start=\"1567\" data-end=\"1653\"><strong data-start=\"1570\" data-end=\"1608\">Ndarje t\u00eb brendshme t\u00eb organizuara<\/strong> p\u00ebr dokumente, tablet, telefona dhe kabllo<\/p>\n<\/li>\n<li data-start=\"1654\" data-end=\"1757\">\n<p data-start=\"1656\" data-end=\"1757\"><strong data-start=\"1659\" data-end=\"1697\">Sistem ajrosjeje n\u00eb pjes\u00ebn e pasme<\/strong> dhe rripa ergonomik\u00eb p\u00ebr rehati gjat\u00eb p\u00ebrdorimit t\u00eb gjat\u00eb<\/p>\n<\/li>\n<\/ul>","protected":false},"featured_media":32068,"template":"","meta":[],"product_brand":[],"product_cat":[325],"product_tag":[],"class_list":{"0":"post-31917","1":"product","2":"type-product","3":"status-publish","4":"has-post-thumbnail","6":"product_cat-aksesore","8":"first","9":"instock","10":"sale","11":"taxable","12":"shipping-taxable","13":"purchasable","14":"product-type-simple"},"group_of_quantity":0,"min_quantity":0,"max_quantity":"","exclude_order_quantity_value_rules":"no","exclude_category_quantity_rules":"no","combine_variations":"no","jetpack_sharing_enabled":true,"_links":{"self":[{"href":"https:\/\/fushaco.com\/sq\/wp-json\/wp\/v2\/product\/31917","targetHints":{"allow":["GET"]}}],"collection":[{"href":"https:\/\/fushaco.com\/sq\/wp-json\/wp\/v2\/product"}],"about":[{"href":"https:\/\/fushaco.com\/sq\/wp-json\/wp\/v2\/types\/product"}],"version-history":[{"count":4,"href":"https:\/\/fushaco.com\/sq\/wp-json\/wp\/v2\/product\/31917\/revisions"}],"predecessor-version":[{"id":32943,"href":"https:\/\/fushaco.com\/sq\/wp-json\/wp\/v2\/product\/31917\/revisions\/32943"}],"wp:featuredmedia":[{"embeddable":true,"href":"https:\/\/fushaco.com\/sq\/wp-json\/wp\/v2\/media\/32068"}],"wp:attachment":[{"href":"https:\/\/fushaco.com\/sq\/wp-json\/wp\/v2\/media?parent=31917"}],"wp:term":[{"taxonomy":"product_brand","embeddable":true,"href":"https:\/\/fushaco.com\/sq\/wp-json\/wp\/v2\/product_brand?post=31917"},{"taxonomy":"product_cat","embeddable":true,"href":"https:\/\/fushaco.com\/sq\/wp-json\/wp\/v2\/product_cat?post=31917"},{"taxonomy":"product_tag","embeddable":true,"href":"https:\/\/fushaco.com\/sq\/wp-json\/wp\/v2\/product_tag?post=31917"}],"curies":[{"name":"wp","href":"https:\/\/api.w.org\/{rel}","templated":true}]}}