{"id":31988,"date":"2025-11-07T14:21:12","date_gmt":"2025-11-07T14:21:12","guid":{"rendered":"https:\/\/fushaco.com\/?post_type=product&#038;p=31988"},"modified":"2025-12-23T11:03:43","modified_gmt":"2025-12-23T11:03:43","slug":"fush102","status":"publish","type":"product","link":"https:\/\/fushaco.com\/sq\/produkt\/fush102\/","title":{"rendered":"Lule Artificiale Cosmos \u2013 FUSH102"},"content":{"rendered":"<p>Kjo <strong data-start=\"177\" data-end=\"206\">lule e artificiale<\/strong> \u00ebsht\u00eb nj\u00eb shtes\u00eb e p\u00ebrsosur p\u00ebr \u00e7do ambient q\u00eb k\u00ebrkon <strong data-start=\"261\" data-end=\"305\">thjesht\u00ebsi, eleganc\u00eb dhe ndjesi natyrore<\/strong>. E punuar me detaje t\u00eb im\u00ebta, ajo imiton n\u00eb m\u00ebnyr\u00eb t\u00eb p\u00ebrkryer petalet delikate dhe ngjyrat e buta t\u00eb nj\u00eb luleje t\u00eb v\u00ebrtet\u00eb.<\/p>","protected":false},"excerpt":{"rendered":"<h3 data-start=\"613\" data-end=\"634\">Karakteristikat<\/h3>\n<ul data-start=\"635\" data-end=\"863\">\n<li data-start=\"750\" data-end=\"808\">\n<p data-start=\"752\" data-end=\"808\">Q\u00ebndrueshme dhe e p\u00ebrshtatshme p\u00ebr p\u00ebrdorim afatgjat\u00eb.<\/p>\n<\/li>\n<li data-start=\"809\" data-end=\"863\">\n<p data-start=\"811\" data-end=\"863\">Leht\u00eb p\u00ebr t\u2019u kombinuar me lule t\u00eb tjera dekorative.<\/p>\n<\/li>\n<li data-start=\"809\" data-end=\"863\">\n<p data-start=\"811\" data-end=\"863\">E persosur p\u00ebr ambientin tuaj<\/p>\n<\/li>\n<li data-start=\"809\" data-end=\"863\">Lartesia &#8211; 42cm<\/li>\n<\/ul>","protected":false},"featured_media":31993,"template":"","meta":[],"product_brand":[],"product_cat":[307],"product_tag":[],"class_list":{"0":"post-31988","1":"product","2":"type-product","3":"status-publish","4":"has-post-thumbnail","6":"product_cat-lule-artificiale","8":"first","9":"instock","10":"taxable","11":"shipping-taxable","12":"purchasable","13":"product-type-variable"},"group_of_quantity":0,"min_quantity":0,"max_quantity":"","exclude_order_quantity_value_rules":"no","exclude_category_quantity_rules":"no","combine_variations":"no","jetpack_sharing_enabled":true,"_links":{"self":[{"href":"https:\/\/fushaco.com\/sq\/wp-json\/wp\/v2\/product\/31988","targetHints":{"allow":["GET"]}}],"collection":[{"href":"https:\/\/fushaco.com\/sq\/wp-json\/wp\/v2\/product"}],"about":[{"href":"https:\/\/fushaco.com\/sq\/wp-json\/wp\/v2\/types\/product"}],"version-history":[{"count":5,"href":"https:\/\/fushaco.com\/sq\/wp-json\/wp\/v2\/product\/31988\/revisions"}],"predecessor-version":[{"id":33597,"href":"https:\/\/fushaco.com\/sq\/wp-json\/wp\/v2\/product\/31988\/revisions\/33597"}],"wp:featuredmedia":[{"embeddable":true,"href":"https:\/\/fushaco.com\/sq\/wp-json\/wp\/v2\/media\/31993"}],"wp:attachment":[{"href":"https:\/\/fushaco.com\/sq\/wp-json\/wp\/v2\/media?parent=31988"}],"wp:term":[{"taxonomy":"product_brand","embeddable":true,"href":"https:\/\/fushaco.com\/sq\/wp-json\/wp\/v2\/product_brand?post=31988"},{"taxonomy":"product_cat","embeddable":true,"href":"https:\/\/fushaco.com\/sq\/wp-json\/wp\/v2\/product_cat?post=31988"},{"taxonomy":"product_tag","embeddable":true,"href":"https:\/\/fushaco.com\/sq\/wp-json\/wp\/v2\/product_tag?post=31988"}],"curies":[{"name":"wp","href":"https:\/\/api.w.org\/{rel}","templated":true}]}}