{"id":32006,"date":"2025-11-07T16:35:01","date_gmt":"2025-11-07T16:35:01","guid":{"rendered":"https:\/\/fushaco.com\/?post_type=product&#038;p=32006"},"modified":"2025-12-23T11:04:05","modified_gmt":"2025-12-23T11:04:05","slug":"fush111","status":"publish","type":"product","link":"https:\/\/fushaco.com\/sq\/produkt\/fush111\/","title":{"rendered":"Lule Artificiale Jasmine \u2013 FUSH111"},"content":{"rendered":"<h3 data-start=\"435\" data-end=\"466\">Karakteristikat kryesore:<\/h3>\n<ul data-start=\"467\" data-end=\"782\">\n<li data-start=\"467\" data-end=\"521\">\n<p data-start=\"469\" data-end=\"521\"><strong data-start=\"469\" data-end=\"479\">Ngjyra<\/strong>: E bardh\u00eb ose e kuqe (sipas zgjedhjes).<\/p>\n<\/li>\n<li data-start=\"522\" data-end=\"593\">\n<p data-start=\"524\" data-end=\"593\"><strong data-start=\"524\" data-end=\"537\">Materiali<\/strong>: Plastik\u00eb dhe p\u00eblhur\u00eb cil\u00ebsore, me tekstur\u00eb natyrale.<\/p>\n<\/li>\n<li data-start=\"594\" data-end=\"627\">\n<p data-start=\"596\" data-end=\"627\"><strong data-start=\"596\" data-end=\"608\">Gjat\u00ebsia<\/strong>: 85cm<\/p>\n<\/li>\n<li data-start=\"628\" data-end=\"691\">\n<p data-start=\"630\" data-end=\"691\"><strong data-start=\"630\" data-end=\"646\">Stil realist<\/strong>, me gjethe t\u00eb gjelbra dhe petale delikate.<\/p>\n<\/li>\n<li data-start=\"692\" data-end=\"782\">\n<p data-start=\"694\" data-end=\"782\"><strong data-start=\"694\" data-end=\"737\">Fleksib\u00ebl dhe e leht\u00eb p\u00ebr t\u2019u kombinuar<\/strong> me lule t\u00eb tjera artificiale apo dekorime.<\/p>\n<\/li>\n<\/ul>","protected":false},"excerpt":{"rendered":"<ul data-start=\"808\" data-end=\"996\">\n<li data-start=\"808\" data-end=\"857\">\n<p data-start=\"810\" data-end=\"857\">Dekorim sht\u00ebpie, zyre ose ambientesh festive.<\/p>\n<\/li>\n<li data-start=\"858\" data-end=\"923\">\n<p data-start=\"860\" data-end=\"923\">Aranzhime florale n\u00eb vazo, kuti dhuratash, apo buqeta nusesh.<\/p>\n<\/li>\n<li data-start=\"924\" data-end=\"996\">\n<p data-start=\"926\" data-end=\"996\">Evente, dasma dhe festa q\u00eb k\u00ebrkojn\u00eb nj\u00eb prekje t\u00eb but\u00eb dhe elegante.<\/p>\n<\/li>\n<\/ul>","protected":false},"featured_media":32007,"template":"","meta":[],"product_brand":[],"product_cat":[307],"product_tag":[],"class_list":{"0":"post-32006","1":"product","2":"type-product","3":"status-publish","4":"has-post-thumbnail","6":"product_cat-lule-artificiale","8":"first","9":"instock","10":"taxable","11":"shipping-taxable","12":"purchasable","13":"product-type-variable"},"group_of_quantity":0,"min_quantity":0,"max_quantity":"","exclude_order_quantity_value_rules":"no","exclude_category_quantity_rules":"no","combine_variations":"no","jetpack_sharing_enabled":true,"_links":{"self":[{"href":"https:\/\/fushaco.com\/sq\/wp-json\/wp\/v2\/product\/32006","targetHints":{"allow":["GET"]}}],"collection":[{"href":"https:\/\/fushaco.com\/sq\/wp-json\/wp\/v2\/product"}],"about":[{"href":"https:\/\/fushaco.com\/sq\/wp-json\/wp\/v2\/types\/product"}],"version-history":[{"count":5,"href":"https:\/\/fushaco.com\/sq\/wp-json\/wp\/v2\/product\/32006\/revisions"}],"predecessor-version":[{"id":33598,"href":"https:\/\/fushaco.com\/sq\/wp-json\/wp\/v2\/product\/32006\/revisions\/33598"}],"wp:featuredmedia":[{"embeddable":true,"href":"https:\/\/fushaco.com\/sq\/wp-json\/wp\/v2\/media\/32007"}],"wp:attachment":[{"href":"https:\/\/fushaco.com\/sq\/wp-json\/wp\/v2\/media?parent=32006"}],"wp:term":[{"taxonomy":"product_brand","embeddable":true,"href":"https:\/\/fushaco.com\/sq\/wp-json\/wp\/v2\/product_brand?post=32006"},{"taxonomy":"product_cat","embeddable":true,"href":"https:\/\/fushaco.com\/sq\/wp-json\/wp\/v2\/product_cat?post=32006"},{"taxonomy":"product_tag","embeddable":true,"href":"https:\/\/fushaco.com\/sq\/wp-json\/wp\/v2\/product_tag?post=32006"}],"curies":[{"name":"wp","href":"https:\/\/api.w.org\/{rel}","templated":true}]}}