{"id":32020,"date":"2025-11-07T16:46:07","date_gmt":"2025-11-07T16:46:07","guid":{"rendered":"https:\/\/fushaco.com\/?post_type=product&#038;p=32020"},"modified":"2026-02-14T08:49:16","modified_gmt":"2026-02-14T08:49:16","slug":"fush117","status":"publish","type":"product","link":"https:\/\/fushaco.com\/sq\/produkt\/fush117\/","title":{"rendered":"Hydrangea Artificiale Lule Dekorative \u2013 FUSH117"},"content":{"rendered":"<h3 data-start=\"495\" data-end=\"526\">Karakteristikat kryesore:<\/h3>\n<ul data-start=\"527\" data-end=\"800\">\n<li data-start=\"527\" data-end=\"552\">\n<p data-start=\"529\" data-end=\"552\"><strong data-start=\"529\" data-end=\"539\">Ngjyra<\/strong>: E bardh\u00eb.<\/p>\n<\/li>\n<li data-start=\"553\" data-end=\"613\">\n<p data-start=\"555\" data-end=\"613\"><strong data-start=\"555\" data-end=\"568\">Materiali<\/strong>: P\u00eblhur\u00eb cil\u00ebsore dhe fiber rezistente.<\/p>\n<\/li>\n<li data-start=\"614\" data-end=\"647\">\n<p data-start=\"616\" data-end=\"647\"><strong data-start=\"616\" data-end=\"628\">Lart\u00ebsia<\/strong>: 48cm<\/p>\n<\/li>\n<li data-start=\"648\" data-end=\"722\">\n<p data-start=\"650\" data-end=\"722\"><strong data-start=\"650\" data-end=\"668\">Pamje realiste<\/strong> me petale t\u00eb buta dhe gjethe me struktur\u00eb natyrale.<\/p>\n<\/li>\n<li data-start=\"723\" data-end=\"800\">\n<p data-start=\"725\" data-end=\"800\">E leht\u00eb p\u00ebr t\u2019u kombinuar me lule t\u00eb tjera n\u00eb vazo, buqeta apo aranzhime.<\/p>\n<\/li>\n<\/ul>","protected":false},"excerpt":{"rendered":"<h3 data-start=\"119\" data-end=\"201\">Lule Dekorative Hydrangea e Bardh\u00eb \u2013 Eleganc\u00eb dhe Past\u00ebrti n\u00eb \u00c7do Ambient<\/h3>\n<p data-start=\"203\" data-end=\"488\">Shto nj\u00eb prekje <strong data-start=\"219\" data-end=\"257\">elegance, qet\u00ebsie dhe natyrshm\u00ebrie<\/strong> n\u00eb ambientin t\u00ebnd me k\u00ebt\u00eb <strong data-start=\"284\" data-end=\"325\">lule dekorative hydrangea artificiale<\/strong>. Me petale t\u00eb bardha delikate dhe gjethe t\u00eb gjelbra natyrale, kjo lule sjell ndjesin\u00eb e nj\u00eb luleje t\u00eb fresk\u00ebt gjat\u00eb gjith\u00eb vitit \u2013 pa nevoj\u00eb p\u00ebr uj\u00eb apo kujdes.<\/p>","protected":false},"featured_media":32021,"template":"","meta":[],"product_brand":[],"product_cat":[307],"product_tag":[],"class_list":{"0":"post-32020","1":"product","2":"type-product","3":"status-publish","4":"has-post-thumbnail","6":"product_cat-lule-artificiale","8":"first","9":"instock","10":"taxable","11":"shipping-taxable","12":"purchasable","13":"product-type-variable","14":"has-default-attributes"},"group_of_quantity":0,"min_quantity":0,"max_quantity":"","exclude_order_quantity_value_rules":"no","exclude_category_quantity_rules":"no","combine_variations":"no","jetpack_sharing_enabled":true,"_links":{"self":[{"href":"https:\/\/fushaco.com\/sq\/wp-json\/wp\/v2\/product\/32020","targetHints":{"allow":["GET"]}}],"collection":[{"href":"https:\/\/fushaco.com\/sq\/wp-json\/wp\/v2\/product"}],"about":[{"href":"https:\/\/fushaco.com\/sq\/wp-json\/wp\/v2\/types\/product"}],"version-history":[{"count":5,"href":"https:\/\/fushaco.com\/sq\/wp-json\/wp\/v2\/product\/32020\/revisions"}],"predecessor-version":[{"id":33580,"href":"https:\/\/fushaco.com\/sq\/wp-json\/wp\/v2\/product\/32020\/revisions\/33580"}],"wp:featuredmedia":[{"embeddable":true,"href":"https:\/\/fushaco.com\/sq\/wp-json\/wp\/v2\/media\/32021"}],"wp:attachment":[{"href":"https:\/\/fushaco.com\/sq\/wp-json\/wp\/v2\/media?parent=32020"}],"wp:term":[{"taxonomy":"product_brand","embeddable":true,"href":"https:\/\/fushaco.com\/sq\/wp-json\/wp\/v2\/product_brand?post=32020"},{"taxonomy":"product_cat","embeddable":true,"href":"https:\/\/fushaco.com\/sq\/wp-json\/wp\/v2\/product_cat?post=32020"},{"taxonomy":"product_tag","embeddable":true,"href":"https:\/\/fushaco.com\/sq\/wp-json\/wp\/v2\/product_tag?post=32020"}],"curies":[{"name":"wp","href":"https:\/\/api.w.org\/{rel}","templated":true}]}}