{"id":32228,"date":"2025-11-11T12:05:33","date_gmt":"2025-11-11T12:05:33","guid":{"rendered":"https:\/\/fushaco.com\/?post_type=product&#038;p=32228"},"modified":"2026-02-19T21:45:06","modified_gmt":"2026-02-19T21:45:06","slug":"fush010","status":"publish","type":"product","link":"https:\/\/fushaco.com\/sq\/produkt\/fush010\/","title":{"rendered":"Paketime Bizhuterish &#8211; FUSH010"},"content":{"rendered":"<ul>\n<li data-start=\"197\" data-end=\"244\">\n<p data-start=\"199\" data-end=\"244\">Lloji i produktit: <strong data-start=\"218\" data-end=\"244\">Paketime p\u00ebr bizhuteri<\/strong><\/p>\n<\/li>\n<li data-start=\"245\" data-end=\"270\">\n<p data-start=\"247\" data-end=\"270\">Dizajn: <strong data-start=\"255\" data-end=\"270\">Form\u00eb zemre<\/strong><\/p>\n<\/li>\n<li data-start=\"271\" data-end=\"301\">\n<p data-start=\"273\" data-end=\"301\">Stil: <strong data-start=\"279\" data-end=\"301\">Elegant \/ Romantik<\/strong><\/p>\n<\/li>\n<li data-start=\"302\" data-end=\"358\">\n<p data-start=\"304\" data-end=\"358\">Material: <strong data-start=\"314\" data-end=\"358\">Material cil\u00ebsor p\u00ebr paketim bizhuterish<\/strong><\/p>\n<\/li>\n<li data-start=\"359\" data-end=\"426\">\n<p data-start=\"361\" data-end=\"426\">P\u00ebrdorimi: <strong data-start=\"372\" data-end=\"426\">P\u00ebr unaza, var\u00ebse, byzylyk\u00eb dhe bizhuteri t\u00eb vogla<\/strong><\/p>\n<\/li>\n<li data-start=\"427\" data-end=\"505\">\n<p data-start=\"429\" data-end=\"505\">I p\u00ebrshtatsh\u00ebm p\u00ebr: <strong data-start=\"449\" data-end=\"505\">Dyqane bizhuterish, dhurata dhe p\u00ebrdorim profesional<\/strong><\/p>\n<\/li>\n<li data-start=\"506\" data-end=\"547\">\n<p data-start=\"508\" data-end=\"547\">Ngjyra: <strong data-start=\"516\" data-end=\"547\">Sipas variantit t\u00eb zgjedhur<\/strong><\/p>\n<\/li>\n<\/ul>","protected":false},"excerpt":{"rendered":"<p>Paketime Bizhuterish <strong data-start=\"208\" data-end=\"219\">FUSH010<\/strong> \u00ebsht\u00eb zgjedhja ideale p\u00ebr prezantim elegant t\u00eb bizhuterive dhe dhuratave speciale. Me dizajn romantik n\u00eb form\u00eb zemre dhe detaje delikate, ky paketim i jep produktit tuaj nj\u00eb pamje <strong data-start=\"400\" data-end=\"425\">luksoze dhe t\u00ebrheq\u00ebse<\/strong>, perfekte p\u00ebr raste t\u00eb ve\u00e7anta si <strong data-start=\"460\" data-end=\"519\">Sh\u00ebn Valentini, fejesa, dit\u00eblindje apo dhurata surpriz\u00eb<\/strong>.<\/p>","protected":false},"featured_media":32231,"template":"","meta":[],"product_brand":[],"product_cat":[278],"product_tag":[],"class_list":{"0":"post-32228","1":"product","2":"type-product","3":"status-publish","4":"has-post-thumbnail","6":"product_cat-paketime","8":"first","9":"instock","10":"sale","11":"taxable","12":"shipping-taxable","13":"purchasable","14":"product-type-variable","15":"has-default-attributes"},"group_of_quantity":0,"min_quantity":3,"max_quantity":"","exclude_order_quantity_value_rules":"no","exclude_category_quantity_rules":"no","combine_variations":"no","jetpack_sharing_enabled":true,"_links":{"self":[{"href":"https:\/\/fushaco.com\/sq\/wp-json\/wp\/v2\/product\/32228","targetHints":{"allow":["GET"]}}],"collection":[{"href":"https:\/\/fushaco.com\/sq\/wp-json\/wp\/v2\/product"}],"about":[{"href":"https:\/\/fushaco.com\/sq\/wp-json\/wp\/v2\/types\/product"}],"version-history":[{"count":4,"href":"https:\/\/fushaco.com\/sq\/wp-json\/wp\/v2\/product\/32228\/revisions"}],"predecessor-version":[{"id":34032,"href":"https:\/\/fushaco.com\/sq\/wp-json\/wp\/v2\/product\/32228\/revisions\/34032"}],"wp:featuredmedia":[{"embeddable":true,"href":"https:\/\/fushaco.com\/sq\/wp-json\/wp\/v2\/media\/32231"}],"wp:attachment":[{"href":"https:\/\/fushaco.com\/sq\/wp-json\/wp\/v2\/media?parent=32228"}],"wp:term":[{"taxonomy":"product_brand","embeddable":true,"href":"https:\/\/fushaco.com\/sq\/wp-json\/wp\/v2\/product_brand?post=32228"},{"taxonomy":"product_cat","embeddable":true,"href":"https:\/\/fushaco.com\/sq\/wp-json\/wp\/v2\/product_cat?post=32228"},{"taxonomy":"product_tag","embeddable":true,"href":"https:\/\/fushaco.com\/sq\/wp-json\/wp\/v2\/product_tag?post=32228"}],"curies":[{"name":"wp","href":"https:\/\/api.w.org\/{rel}","templated":true}]}}