{"id":32244,"date":"2025-11-11T12:20:21","date_gmt":"2025-11-11T12:20:21","guid":{"rendered":"https:\/\/fushaco.com\/?post_type=product&#038;p=32244"},"modified":"2026-05-07T07:13:06","modified_gmt":"2026-05-07T07:13:06","slug":"fush118","status":"publish","type":"product","link":"https:\/\/fushaco.com\/sq\/produkt\/fush118\/","title":{"rendered":"Dizajn transparent me shkronja &#8211; FUSH118"},"content":{"rendered":"<p data-start=\"153\" data-end=\"384\">Shtoni nj\u00eb prekje t\u00eb \u00ebmb\u00ebl dhe elegante n\u00eb \u00e7do fest\u00eb me k\u00ebto kuti dekorative.T\u00eb krijuara me dizajn modern, k\u00ebto kube transparente jan\u00eb perfekte p\u00ebr baby shower, dit\u00eblindje t\u00eb para, apo sesione fotografike.<\/p>\n<p data-start=\"386\" data-end=\"419\">","protected":false},"excerpt":{"rendered":"<p data-start=\"386\" data-end=\"419\"><strong data-start=\"388\" data-end=\"417\">Karakteristikat kryesore:<\/strong><\/p>\n<ul data-start=\"420\" data-end=\"814\">\n<li data-start=\"420\" data-end=\"512\">\n<p data-start=\"422\" data-end=\"512\">Set prej <strong data-start=\"431\" data-end=\"456\">4 kutish transparente<\/strong><\/p>\n<\/li>\n<li data-start=\"513\" data-end=\"567\">\n<p data-start=\"515\" data-end=\"567\">Dizajn i past\u00ebr dhe minimal, me shkronja t\u00eb bardha<\/p>\n<\/li>\n<li data-start=\"613\" data-end=\"687\">\n<p data-start=\"615\" data-end=\"687\">Material i q\u00ebndruesh\u00ebm, i leht\u00eb dhe i sigurt p\u00ebr ambiente t\u00eb brendshme<\/p>\n<\/li>\n<li data-start=\"688\" data-end=\"736\">\n<p data-start=\"690\" data-end=\"736\">Montim i thjesht\u00eb dhe pamje shum\u00eb dekorative<\/p>\n<\/li>\n<li data-start=\"737\" data-end=\"814\">\n<p data-start=\"739\" data-end=\"814\">Perfekt p\u00ebr stola dekorimi, p\u00ebr tavolinat e festave ose si sfond fotografik<\/p>\n<\/li>\n<\/ul>","protected":false},"featured_media":32248,"template":"","meta":[],"product_brand":[],"product_cat":[312,306],"product_tag":[],"class_list":{"0":"post-32244","1":"product","2":"type-product","3":"status-publish","4":"has-post-thumbnail","6":"product_cat-baby-shower","7":"product_cat-dekore","9":"first","10":"instock","11":"sale","12":"taxable","13":"shipping-taxable","14":"purchasable","15":"product-type-variable"},"group_of_quantity":0,"min_quantity":0,"max_quantity":"","exclude_order_quantity_value_rules":"no","exclude_category_quantity_rules":"no","combine_variations":"no","jetpack_sharing_enabled":true,"_links":{"self":[{"href":"https:\/\/fushaco.com\/sq\/wp-json\/wp\/v2\/product\/32244","targetHints":{"allow":["GET"]}}],"collection":[{"href":"https:\/\/fushaco.com\/sq\/wp-json\/wp\/v2\/product"}],"about":[{"href":"https:\/\/fushaco.com\/sq\/wp-json\/wp\/v2\/types\/product"}],"version-history":[{"count":5,"href":"https:\/\/fushaco.com\/sq\/wp-json\/wp\/v2\/product\/32244\/revisions"}],"predecessor-version":[{"id":33246,"href":"https:\/\/fushaco.com\/sq\/wp-json\/wp\/v2\/product\/32244\/revisions\/33246"}],"wp:featuredmedia":[{"embeddable":true,"href":"https:\/\/fushaco.com\/sq\/wp-json\/wp\/v2\/media\/32248"}],"wp:attachment":[{"href":"https:\/\/fushaco.com\/sq\/wp-json\/wp\/v2\/media?parent=32244"}],"wp:term":[{"taxonomy":"product_brand","embeddable":true,"href":"https:\/\/fushaco.com\/sq\/wp-json\/wp\/v2\/product_brand?post=32244"},{"taxonomy":"product_cat","embeddable":true,"href":"https:\/\/fushaco.com\/sq\/wp-json\/wp\/v2\/product_cat?post=32244"},{"taxonomy":"product_tag","embeddable":true,"href":"https:\/\/fushaco.com\/sq\/wp-json\/wp\/v2\/product_tag?post=32244"}],"curies":[{"name":"wp","href":"https:\/\/api.w.org\/{rel}","templated":true}]}}