{"id":32274,"date":"2025-11-11T12:25:56","date_gmt":"2025-11-11T12:25:56","guid":{"rendered":"https:\/\/fushaco.com\/?post_type=product&#038;p=32274"},"modified":"2026-02-10T10:44:59","modified_gmt":"2026-02-10T10:44:59","slug":"fush198","status":"publish","type":"product","link":"https:\/\/fushaco.com\/sq\/produkt\/fush198\/","title":{"rendered":"Shandar Dekorativ\u00eb &#8211; FUSH198"},"content":{"rendered":"<p data-start=\"156\" data-end=\"418\">Krijoni nj\u00eb ambient elegant dhe t\u00eb rafinuar me k\u00ebt\u00eb <strong data-start=\"208\" data-end=\"248\">mbajt\u00ebse qirinjsh dekorative moderne<\/strong>. Dizajni i saj vertikal me element\u00eb transparent\u00eb ofron nj\u00eb pamje t\u00eb past\u00ebr dhe bashk\u00ebkohore, duke e b\u00ebr\u00eb ideale p\u00ebr dekorime minimaliste dhe luksoze.<\/p>\n<p data-start=\"420\" data-end=\"439\">","protected":false},"excerpt":{"rendered":"<h4 data-start=\"846\" data-end=\"867\">Karakteristikat:<\/h4>\n<ul data-start=\"868\" data-end=\"1029\">\n<li data-start=\"868\" data-end=\"900\">\n<p data-start=\"870\" data-end=\"900\">Dizajn modern dhe minimalist<\/p>\n<\/li>\n<li data-start=\"944\" data-end=\"984\">\n<p data-start=\"946\" data-end=\"984\">Struktur\u00eb stabile dhe cil\u00ebsi e lart\u00eb<\/p>\n<\/li>\n<li data-start=\"985\" data-end=\"1029\">\n<p data-start=\"987\" data-end=\"1029\">Ideale p\u00ebr evente dhe p\u00ebrdorim dekorativ<\/p>\n<\/li>\n<\/ul>","protected":false},"featured_media":32251,"template":"","meta":[],"product_brand":[],"product_cat":[306],"product_tag":[],"class_list":{"0":"post-32274","1":"product","2":"type-product","3":"status-publish","4":"has-post-thumbnail","6":"product_cat-dekore","8":"first","9":"instock","10":"sale","11":"taxable","12":"shipping-taxable","13":"purchasable","14":"product-type-simple"},"group_of_quantity":0,"min_quantity":0,"max_quantity":"","exclude_order_quantity_value_rules":"no","exclude_category_quantity_rules":"no","combine_variations":"no","jetpack_sharing_enabled":true,"_links":{"self":[{"href":"https:\/\/fushaco.com\/sq\/wp-json\/wp\/v2\/product\/32274","targetHints":{"allow":["GET"]}}],"collection":[{"href":"https:\/\/fushaco.com\/sq\/wp-json\/wp\/v2\/product"}],"about":[{"href":"https:\/\/fushaco.com\/sq\/wp-json\/wp\/v2\/types\/product"}],"version-history":[{"count":4,"href":"https:\/\/fushaco.com\/sq\/wp-json\/wp\/v2\/product\/32274\/revisions"}],"predecessor-version":[{"id":33255,"href":"https:\/\/fushaco.com\/sq\/wp-json\/wp\/v2\/product\/32274\/revisions\/33255"}],"wp:featuredmedia":[{"embeddable":true,"href":"https:\/\/fushaco.com\/sq\/wp-json\/wp\/v2\/media\/32251"}],"wp:attachment":[{"href":"https:\/\/fushaco.com\/sq\/wp-json\/wp\/v2\/media?parent=32274"}],"wp:term":[{"taxonomy":"product_brand","embeddable":true,"href":"https:\/\/fushaco.com\/sq\/wp-json\/wp\/v2\/product_brand?post=32274"},{"taxonomy":"product_cat","embeddable":true,"href":"https:\/\/fushaco.com\/sq\/wp-json\/wp\/v2\/product_cat?post=32274"},{"taxonomy":"product_tag","embeddable":true,"href":"https:\/\/fushaco.com\/sq\/wp-json\/wp\/v2\/product_tag?post=32274"}],"curies":[{"name":"wp","href":"https:\/\/api.w.org\/{rel}","templated":true}]}}