{"id":32276,"date":"2025-11-11T12:27:01","date_gmt":"2025-11-11T12:27:01","guid":{"rendered":"https:\/\/fushaco.com\/?post_type=product&#038;p=32276"},"modified":"2025-12-30T09:27:24","modified_gmt":"2025-12-30T09:27:24","slug":"fush235","status":"publish","type":"product","link":"https:\/\/fushaco.com\/sq\/produkt\/fush235\/","title":{"rendered":"Display Akrilik p\u00ebr Evente &#8211; FUSH235"},"content":{"rendered":"<p data-start=\"154\" data-end=\"416\">Kjo \u00ebsht\u00eb zgjedhja ideale p\u00ebr ata q\u00eb k\u00ebrkojn\u00eb eleganc\u00eb, simetri dhe stil modern n\u00eb dekorim. Dizajni rrethor me linja vertikale krijon nj\u00eb pamje t\u00eb past\u00ebr, luksoze dhe shum\u00eb t\u00ebrheq\u00ebse vizualisht.<\/p>\n<p data-start=\"418\" data-end=\"433\">","protected":false},"excerpt":{"rendered":"<h4 data-start=\"794\" data-end=\"815\">Karakteristikat:<\/h4>\n<ul data-start=\"816\" data-end=\"965\">\n<li data-start=\"816\" data-end=\"845\">\n<p data-start=\"818\" data-end=\"845\">Dizajn modern me 3 nivele<\/p>\n<\/li>\n<li data-start=\"875\" data-end=\"913\">\n<p data-start=\"877\" data-end=\"913\">Form\u00eb rrethore me detaje vertikale<\/p>\n<\/li>\n<li data-start=\"914\" data-end=\"965\">\n<p data-start=\"916\" data-end=\"965\">E p\u00ebrshtatshme p\u00ebr evente dhe dekor profesional<\/p>\n<\/li>\n<\/ul>","protected":false},"featured_media":33649,"template":"","meta":[],"product_brand":[],"product_cat":[306],"product_tag":[],"class_list":{"0":"post-32276","1":"product","2":"type-product","3":"status-publish","4":"has-post-thumbnail","6":"product_cat-dekore","8":"first","9":"instock","10":"sale","11":"taxable","12":"shipping-taxable","13":"purchasable","14":"product-type-simple"},"group_of_quantity":0,"min_quantity":0,"max_quantity":"","exclude_order_quantity_value_rules":"no","exclude_category_quantity_rules":"no","combine_variations":"no","jetpack_sharing_enabled":true,"_links":{"self":[{"href":"https:\/\/fushaco.com\/sq\/wp-json\/wp\/v2\/product\/32276","targetHints":{"allow":["GET"]}}],"collection":[{"href":"https:\/\/fushaco.com\/sq\/wp-json\/wp\/v2\/product"}],"about":[{"href":"https:\/\/fushaco.com\/sq\/wp-json\/wp\/v2\/types\/product"}],"version-history":[{"count":6,"href":"https:\/\/fushaco.com\/sq\/wp-json\/wp\/v2\/product\/32276\/revisions"}],"predecessor-version":[{"id":32975,"href":"https:\/\/fushaco.com\/sq\/wp-json\/wp\/v2\/product\/32276\/revisions\/32975"}],"wp:featuredmedia":[{"embeddable":true,"href":"https:\/\/fushaco.com\/sq\/wp-json\/wp\/v2\/media\/33649"}],"wp:attachment":[{"href":"https:\/\/fushaco.com\/sq\/wp-json\/wp\/v2\/media?parent=32276"}],"wp:term":[{"taxonomy":"product_brand","embeddable":true,"href":"https:\/\/fushaco.com\/sq\/wp-json\/wp\/v2\/product_brand?post=32276"},{"taxonomy":"product_cat","embeddable":true,"href":"https:\/\/fushaco.com\/sq\/wp-json\/wp\/v2\/product_cat?post=32276"},{"taxonomy":"product_tag","embeddable":true,"href":"https:\/\/fushaco.com\/sq\/wp-json\/wp\/v2\/product_tag?post=32276"}],"curies":[{"name":"wp","href":"https:\/\/api.w.org\/{rel}","templated":true}]}}