{"id":32298,"date":"2025-11-11T12:34:26","date_gmt":"2025-11-11T12:34:26","guid":{"rendered":"https:\/\/fushaco.com\/?post_type=product&#038;p=32298"},"modified":"2025-12-23T10:53:10","modified_gmt":"2025-12-23T10:53:10","slug":"fush140","status":"publish","type":"product","link":"https:\/\/fushaco.com\/sq\/produkt\/fush140\/","title":{"rendered":"Tr\u00ebndafila t\u00eb Bardh\u00eb Artificial\u00eb \u2013 FUSH140"},"content":{"rendered":"","protected":false},"excerpt":{"rendered":"<p>Kjo Lule buqet i ka 10 fije<\/p>","protected":false},"featured_media":32267,"template":"","meta":[],"product_brand":[],"product_cat":[307],"product_tag":[],"class_list":{"0":"post-32298","1":"product","2":"type-product","3":"status-publish","4":"has-post-thumbnail","6":"product_cat-lule-artificiale","8":"first","9":"instock","10":"taxable","11":"shipping-taxable","12":"purchasable","13":"product-type-simple"},"group_of_quantity":0,"min_quantity":0,"max_quantity":"","exclude_order_quantity_value_rules":"no","exclude_category_quantity_rules":"no","combine_variations":"no","jetpack_sharing_enabled":true,"_links":{"self":[{"href":"https:\/\/fushaco.com\/sq\/wp-json\/wp\/v2\/product\/32298","targetHints":{"allow":["GET"]}}],"collection":[{"href":"https:\/\/fushaco.com\/sq\/wp-json\/wp\/v2\/product"}],"about":[{"href":"https:\/\/fushaco.com\/sq\/wp-json\/wp\/v2\/types\/product"}],"version-history":[{"count":4,"href":"https:\/\/fushaco.com\/sq\/wp-json\/wp\/v2\/product\/32298\/revisions"}],"predecessor-version":[{"id":33579,"href":"https:\/\/fushaco.com\/sq\/wp-json\/wp\/v2\/product\/32298\/revisions\/33579"}],"wp:featuredmedia":[{"embeddable":true,"href":"https:\/\/fushaco.com\/sq\/wp-json\/wp\/v2\/media\/32267"}],"wp:attachment":[{"href":"https:\/\/fushaco.com\/sq\/wp-json\/wp\/v2\/media?parent=32298"}],"wp:term":[{"taxonomy":"product_brand","embeddable":true,"href":"https:\/\/fushaco.com\/sq\/wp-json\/wp\/v2\/product_brand?post=32298"},{"taxonomy":"product_cat","embeddable":true,"href":"https:\/\/fushaco.com\/sq\/wp-json\/wp\/v2\/product_cat?post=32298"},{"taxonomy":"product_tag","embeddable":true,"href":"https:\/\/fushaco.com\/sq\/wp-json\/wp\/v2\/product_tag?post=32298"}],"curies":[{"name":"wp","href":"https:\/\/api.w.org\/{rel}","templated":true}]}}