{"id":32333,"date":"2025-11-13T21:04:01","date_gmt":"2025-11-13T21:04:01","guid":{"rendered":"https:\/\/fushaco.com\/?post_type=product&#038;p=32333"},"modified":"2026-02-19T21:45:03","modified_gmt":"2026-02-19T21:45:03","slug":"fush037","status":"publish","type":"product","link":"https:\/\/fushaco.com\/sq\/produkt\/fush037\/","title":{"rendered":"Paketime Bizhuterish &#8211; FUSH037"},"content":{"rendered":"<p data-start=\"189\" data-end=\"467\">Sillni eleganc\u00eb dhe emocion n\u00eb \u00e7do dhurat\u00eb me k\u00ebt\u00eb <strong data-start=\"240\" data-end=\"267\">kuti luksoze dekorative<\/strong>, e cila p\u00ebrmban nj\u00eb <strong data-start=\"288\" data-end=\"321\">tr\u00ebndafil t\u00eb bukur <\/strong>t\u00eb vendosur n\u00eb nj\u00eb kapak transparent. Ideale p\u00ebr dhurata romantike, dekorim ambienti, surpriza speciale apo si nj\u00eb detaj i vog\u00ebl me shum\u00eb kuptim.<\/p>\n<p data-start=\"469\" data-end=\"662\">Me dizajn modern dhe t\u00eb punuar me kujdes, kjo kuti kombinon funksionalitetin me estetik\u00ebn fal\u00eb <strong data-start=\"564\" data-end=\"593\">sirtarit t\u00eb vog\u00ebl praktik<\/strong>, ku mund t\u00eb vendosen bizhuteri, unaza, vath\u00eb, ose surpriza t\u00eb vogla.<\/p>","protected":false},"excerpt":{"rendered":"<h3 data-start=\"669\" data-end=\"702\"><strong data-start=\"673\" data-end=\"702\">Karakteristikat kryesore:<\/strong><\/h3>\n<ul data-start=\"703\" data-end=\"1216\">\n<li data-start=\"703\" data-end=\"777\">\n<p data-start=\"705\" data-end=\"777\"><strong data-start=\"705\" data-end=\"729\">Model elegant \u201cLOVE\u201d<\/strong> me zemra t\u00eb gdhendura p\u00ebr nj\u00eb prekje romantike.<\/p>\n<\/li>\n<li data-start=\"778\" data-end=\"866\">\n<p data-start=\"780\" data-end=\"866\"><strong data-start=\"780\" data-end=\"803\">Tr\u00ebndafil dekorativ<\/strong> me ngjyr\u00eb t\u00eb kuqe intensive \u2013 i q\u00ebndruesh\u00ebm dhe shum\u00eb realist.<\/p>\n<\/li>\n<li data-start=\"867\" data-end=\"951\">\n<p data-start=\"869\" data-end=\"951\"><strong data-start=\"869\" data-end=\"899\">Kapak transparent akriliku<\/strong> p\u00ebr prezantim t\u00eb bukur dhe mbrojtje t\u00eb tr\u00ebndafilit.<\/p>\n<\/li>\n<li data-start=\"952\" data-end=\"1037\">\n<p data-start=\"954\" data-end=\"1037\"><strong data-start=\"954\" data-end=\"972\">Sirtar praktik<\/strong> me dorez\u00eb metalike \u2013 ideal p\u00ebr bizhuteri apo dhurata t\u00eb fshehta.<\/p>\n<\/li>\n<li data-start=\"1117\" data-end=\"1182\">\n<p data-start=\"1119\" data-end=\"1131\"><strong data-start=\"1119\" data-end=\"1131\">P\u00ebrmasa:<\/strong><\/p>\n<ul data-start=\"1134\" data-end=\"1182\">\n<li data-start=\"1134\" data-end=\"1157\">\n<p data-start=\"1136\" data-end=\"1157\"><strong data-start=\"1136\" data-end=\"1149\">Lart\u00ebsia:<\/strong> 10 cm<\/p>\n<\/li>\n<li data-start=\"1160\" data-end=\"1182\">\n<p data-start=\"1162\" data-end=\"1182\"><strong data-start=\"1162\" data-end=\"1175\">Gjer\u00ebsia:<\/strong> 8 cm<\/p>\n<\/li>\n<\/ul>\n<\/li>\n<\/ul>","protected":false},"featured_media":32334,"template":"","meta":[],"product_brand":[],"product_cat":[278],"product_tag":[],"class_list":{"0":"post-32333","1":"product","2":"type-product","3":"status-publish","4":"has-post-thumbnail","6":"product_cat-paketime","8":"first","9":"instock","10":"sale","11":"taxable","12":"shipping-taxable","13":"purchasable","14":"product-type-simple"},"group_of_quantity":0,"min_quantity":10,"max_quantity":"","exclude_order_quantity_value_rules":"no","exclude_category_quantity_rules":"no","combine_variations":"no","jetpack_sharing_enabled":true,"_links":{"self":[{"href":"https:\/\/fushaco.com\/sq\/wp-json\/wp\/v2\/product\/32333","targetHints":{"allow":["GET"]}}],"collection":[{"href":"https:\/\/fushaco.com\/sq\/wp-json\/wp\/v2\/product"}],"about":[{"href":"https:\/\/fushaco.com\/sq\/wp-json\/wp\/v2\/types\/product"}],"version-history":[{"count":4,"href":"https:\/\/fushaco.com\/sq\/wp-json\/wp\/v2\/product\/32333\/revisions"}],"predecessor-version":[{"id":33099,"href":"https:\/\/fushaco.com\/sq\/wp-json\/wp\/v2\/product\/32333\/revisions\/33099"}],"wp:featuredmedia":[{"embeddable":true,"href":"https:\/\/fushaco.com\/sq\/wp-json\/wp\/v2\/media\/32334"}],"wp:attachment":[{"href":"https:\/\/fushaco.com\/sq\/wp-json\/wp\/v2\/media?parent=32333"}],"wp:term":[{"taxonomy":"product_brand","embeddable":true,"href":"https:\/\/fushaco.com\/sq\/wp-json\/wp\/v2\/product_brand?post=32333"},{"taxonomy":"product_cat","embeddable":true,"href":"https:\/\/fushaco.com\/sq\/wp-json\/wp\/v2\/product_cat?post=32333"},{"taxonomy":"product_tag","embeddable":true,"href":"https:\/\/fushaco.com\/sq\/wp-json\/wp\/v2\/product_tag?post=32333"}],"curies":[{"name":"wp","href":"https:\/\/api.w.org\/{rel}","templated":true}]}}