{"id":32349,"date":"2025-11-13T22:35:56","date_gmt":"2025-11-13T22:35:56","guid":{"rendered":"https:\/\/fushaco.com\/?post_type=product&#038;p=32349"},"modified":"2025-12-16T12:10:35","modified_gmt":"2025-12-16T12:10:35","slug":"fush228","status":"publish","type":"product","link":"https:\/\/fushaco.com\/sq\/produkt\/fush228\/","title":{"rendered":"\u00c7ant\u00eb p\u00ebr dhurata &#8211; FUSH228"},"content":{"rendered":"<p>Sillni nj\u00eb buz\u00ebqeshje n\u00eb \u00e7do dhurat\u00eb me k\u00ebt\u00eb \u00e7ant\u00eb dhuratash moderne <strong data-start=\"230\" data-end=\"244\">\u201cBE HAPPY\u201d<\/strong>. Me nj\u00eb dizajn minimalistik dhe shirit t\u00eb fort\u00eb, kjo \u00e7ant\u00eb \u00ebsht\u00eb ideale p\u00ebr \u00e7do rast \u2013 dit\u00eblindje, festa, evente speciale apo surpriza t\u00eb vogla t\u00eb p\u00ebrditshme.<\/p>","protected":false},"excerpt":{"rendered":"<p data-start=\"437\" data-end=\"466\"><strong data-start=\"437\" data-end=\"466\">Karakteristikat kryesore:<\/strong><\/p>\n<ul data-start=\"467\" data-end=\"894\">\n<li data-start=\"467\" data-end=\"564\">\n<p data-start=\"469\" data-end=\"564\"><strong data-start=\"469\" data-end=\"495\">Material i q\u00ebndruesh\u00ebm<\/strong> dhe cil\u00ebsor \u2013 perfekt p\u00ebr dhurata me pesh\u00eb t\u00eb leht\u00eb deri mesatare.<\/p>\n<\/li>\n<li data-start=\"629\" data-end=\"708\">\n<p data-start=\"631\" data-end=\"708\"><strong data-start=\"631\" data-end=\"661\">Dizajn motivues \u201cBE HAPPY\u201d<\/strong> q\u00eb shton nj\u00eb prekje pozitive dhe t\u00eb ve\u00e7ant\u00eb.<\/p>\n<\/li>\n<li data-start=\"709\" data-end=\"799\">\n<p data-start=\"711\" data-end=\"799\"><strong data-start=\"711\" data-end=\"739\">Doreza t\u00eb zeza t\u00eb trasha<\/strong>, shum\u00eb t\u00eb rehatshme dhe rezistente p\u00ebr mbajtje t\u00eb sigurt.<\/p>\n<\/li>\n<li data-start=\"800\" data-end=\"894\">\n<p data-start=\"802\" data-end=\"894\"><strong data-start=\"802\" data-end=\"824\">E p\u00ebrshtatshme p\u00ebr<\/strong> bizhuteri, kozmetik\u00eb, aksesor\u00eb, objekte dekoruese dhe shum\u00eb m\u00eb tep\u00ebr.<\/p>\n<\/li>\n<li data-start=\"800\" data-end=\"894\"><strong>Lartesia e qantes &#8211; 23cm<\/strong><\/li>\n<li data-start=\"800\" data-end=\"894\"><strong>12 Cop\u00eb nje komplet<\/strong><\/li>\n<\/ul>","protected":false},"featured_media":30198,"template":"","meta":[],"product_brand":[],"product_cat":[311],"product_tag":[],"class_list":{"0":"post-32349","1":"product","2":"type-product","3":"status-publish","4":"has-post-thumbnail","6":"product_cat-ambalazhim","8":"first","9":"instock","10":"taxable","11":"shipping-taxable","12":"purchasable","13":"product-type-variable","14":"has-default-attributes"},"group_of_quantity":0,"min_quantity":0,"max_quantity":"","exclude_order_quantity_value_rules":"no","exclude_category_quantity_rules":"no","combine_variations":"no","jetpack_sharing_enabled":true,"_links":{"self":[{"href":"https:\/\/fushaco.com\/sq\/wp-json\/wp\/v2\/product\/32349","targetHints":{"allow":["GET"]}}],"collection":[{"href":"https:\/\/fushaco.com\/sq\/wp-json\/wp\/v2\/product"}],"about":[{"href":"https:\/\/fushaco.com\/sq\/wp-json\/wp\/v2\/types\/product"}],"version-history":[{"count":5,"href":"https:\/\/fushaco.com\/sq\/wp-json\/wp\/v2\/product\/32349\/revisions"}],"predecessor-version":[{"id":33053,"href":"https:\/\/fushaco.com\/sq\/wp-json\/wp\/v2\/product\/32349\/revisions\/33053"}],"wp:featuredmedia":[{"embeddable":true,"href":"https:\/\/fushaco.com\/sq\/wp-json\/wp\/v2\/media\/30198"}],"wp:attachment":[{"href":"https:\/\/fushaco.com\/sq\/wp-json\/wp\/v2\/media?parent=32349"}],"wp:term":[{"taxonomy":"product_brand","embeddable":true,"href":"https:\/\/fushaco.com\/sq\/wp-json\/wp\/v2\/product_brand?post=32349"},{"taxonomy":"product_cat","embeddable":true,"href":"https:\/\/fushaco.com\/sq\/wp-json\/wp\/v2\/product_cat?post=32349"},{"taxonomy":"product_tag","embeddable":true,"href":"https:\/\/fushaco.com\/sq\/wp-json\/wp\/v2\/product_tag?post=32349"}],"curies":[{"name":"wp","href":"https:\/\/api.w.org\/{rel}","templated":true}]}}