{"id":32448,"date":"2025-12-03T10:11:59","date_gmt":"2025-12-03T10:11:59","guid":{"rendered":"https:\/\/fushaco.com\/?post_type=product&#038;p=32448"},"modified":"2025-12-18T16:03:52","modified_gmt":"2025-12-18T16:03:52","slug":"fush233","status":"publish","type":"product","link":"https:\/\/fushaco.com\/sq\/produkt\/fush233\/","title":{"rendered":"Flutur Dekorative LED p\u00ebr Evente &#8211; FUSH233"},"content":{"rendered":"","protected":false},"excerpt":{"rendered":"<p data-start=\"85\" data-end=\"156\"><strong data-start=\"85\" data-end=\"156\">Flutur Dekorative LED \u2013 3 Ngjyra t\u00eb Ndryshueshme &amp; Krah\u00eb q\u00eb L\u00ebvizin<\/strong><\/p>\n<p data-start=\"158\" data-end=\"312\">Kjo flutur dekorative LED \u00ebsht\u00eb dizajnuar p\u00ebr t\u00eb sjell\u00eb nj\u00eb efekt magjik n\u00eb \u00e7do ambient. Ajo vjen me <strong data-start=\"259\" data-end=\"296\">3 ngjyra ndri\u00e7imi t\u00eb ndryshueshme<\/strong> sipas d\u00ebshir\u00ebs:<\/p>\n<p data-start=\"314\" data-end=\"458\">\u2728 <strong data-start=\"316\" data-end=\"329\">Blue Neon<\/strong> \u2013 efekt modern dhe energjik<br data-start=\"357\" data-end=\"360\" \/>\u2728 <strong data-start=\"362\" data-end=\"376\">Cold White<\/strong> \u2013 drit\u00eb e past\u00ebr dhe elegante<br data-start=\"406\" data-end=\"409\" \/>\u2728 <strong data-start=\"411\" data-end=\"426\">Warm Yellow<\/strong> \u2013 ton i ngroht\u00eb dhe relaksues<\/p>\n<p data-start=\"460\" data-end=\"640\">P\u00ebrve\u00e7 ndri\u00e7imit spektakolar, kjo flutur ka edhe nj\u00eb ve\u00e7ori t\u00eb ve\u00e7ant\u00eb:<br data-start=\"531\" data-end=\"534\" \/>\ud83e\udd8b <strong data-start=\"537\" data-end=\"555\">Krah\u00ebt l\u00ebvizin<\/strong>, duke krijuar nj\u00eb efekt sikur flutura po rrah krah\u00ebt n\u00eb m\u00ebnyr\u00eb t\u00eb but\u00eb dhe natyrale.<\/p>\n<p data-start=\"642\" data-end=\"886\">E vendosur mbi nj\u00eb baz\u00eb metalike t\u00eb q\u00ebndrueshme, kjo flutur \u00ebsht\u00eb ideale p\u00ebr dhoma gjumi, studio kreative, dekorime festive, evente apo vitrina dyqanesh. Dizajni transparent i krah\u00ebve me konture LED i jep nj\u00eb pamje shum\u00eb elegante dhe t\u00ebrheq\u00ebse.<\/p>\n<p data-start=\"888\" data-end=\"952\">Nj\u00eb dekor unik q\u00eb sjell drit\u00eb, stil dhe l\u00ebvizje n\u00eb \u00e7do hap\u00ebsir\u00eb!<\/p>","protected":false},"featured_media":32477,"template":"","meta":[],"product_brand":[],"product_cat":[306],"product_tag":[],"class_list":{"0":"post-32448","1":"product","2":"type-product","3":"status-publish","4":"has-post-thumbnail","6":"product_cat-dekore","8":"first","9":"instock","10":"sale","11":"taxable","12":"shipping-taxable","13":"purchasable","14":"product-type-variable"},"group_of_quantity":0,"min_quantity":0,"max_quantity":"","exclude_order_quantity_value_rules":"no","exclude_category_quantity_rules":"no","combine_variations":"no","jetpack_sharing_enabled":true,"_links":{"self":[{"href":"https:\/\/fushaco.com\/sq\/wp-json\/wp\/v2\/product\/32448","targetHints":{"allow":["GET"]}}],"collection":[{"href":"https:\/\/fushaco.com\/sq\/wp-json\/wp\/v2\/product"}],"about":[{"href":"https:\/\/fushaco.com\/sq\/wp-json\/wp\/v2\/types\/product"}],"version-history":[{"count":2,"href":"https:\/\/fushaco.com\/sq\/wp-json\/wp\/v2\/product\/32448\/revisions"}],"predecessor-version":[{"id":33244,"href":"https:\/\/fushaco.com\/sq\/wp-json\/wp\/v2\/product\/32448\/revisions\/33244"}],"wp:featuredmedia":[{"embeddable":true,"href":"https:\/\/fushaco.com\/sq\/wp-json\/wp\/v2\/media\/32477"}],"wp:attachment":[{"href":"https:\/\/fushaco.com\/sq\/wp-json\/wp\/v2\/media?parent=32448"}],"wp:term":[{"taxonomy":"product_brand","embeddable":true,"href":"https:\/\/fushaco.com\/sq\/wp-json\/wp\/v2\/product_brand?post=32448"},{"taxonomy":"product_cat","embeddable":true,"href":"https:\/\/fushaco.com\/sq\/wp-json\/wp\/v2\/product_cat?post=32448"},{"taxonomy":"product_tag","embeddable":true,"href":"https:\/\/fushaco.com\/sq\/wp-json\/wp\/v2\/product_tag?post=32448"}],"curies":[{"name":"wp","href":"https:\/\/api.w.org\/{rel}","templated":true}]}}