{"id":32559,"date":"2025-12-03T12:39:39","date_gmt":"2025-12-03T12:39:39","guid":{"rendered":"https:\/\/fushaco.com\/?post_type=product&#038;p=32559"},"modified":"2026-04-26T23:21:31","modified_gmt":"2026-04-26T23:21:31","slug":"28120-pishine-intex","status":"publish","type":"product","link":"https:\/\/fushaco.com\/sq\/produkt\/28120-pishine-intex\/","title":{"rendered":"Pishine Intex &#8211; 305cm x 76cm"},"content":{"rendered":"<h2 data-start=\"463\" data-end=\"492\"><strong data-start=\"466\" data-end=\"492\">Specifikime Teknike<\/strong><\/h2>\n<ul data-start=\"493\" data-end=\"686\">\n<li data-start=\"493\" data-end=\"517\">\n<p data-start=\"495\" data-end=\"517\"><strong data-start=\"495\" data-end=\"508\">Diametri:<\/strong> 305 cm<\/p>\n<\/li>\n<li data-start=\"518\" data-end=\"541\">\n<p data-start=\"520\" data-end=\"541\"><strong data-start=\"520\" data-end=\"533\">Lart\u00ebsia:<\/strong> 76 cm<\/p>\n<\/li>\n<li data-start=\"542\" data-end=\"598\">\n<p data-start=\"544\" data-end=\"598\"><strong data-start=\"544\" data-end=\"580\">Kapaciteti i ujit (80% mbushje):<\/strong> <strong data-start=\"581\" data-end=\"596\">3,853 litra<\/strong><\/p>\n<\/li>\n<li data-start=\"599\" data-end=\"636\">\n<p data-start=\"601\" data-end=\"636\"><strong data-start=\"601\" data-end=\"622\">Modeli i brendit:<\/strong> Intex 28120<\/p>\n<\/li>\n<li data-start=\"637\" data-end=\"660\">\n<p data-start=\"639\" data-end=\"660\"><strong data-start=\"639\" data-end=\"649\">Forma:<\/strong> Rrethore<\/p>\n<\/li>\n<li data-start=\"661\" data-end=\"686\">\n<p data-start=\"663\" data-end=\"686\"><strong data-start=\"663\" data-end=\"674\">Ngjyra:<\/strong> Blu e hapur<\/p>\n<\/li>\n<\/ul>\n<hr data-start=\"688\" data-end=\"691\" \/>\n<h2 data-start=\"693\" data-end=\"725\"><strong data-start=\"696\" data-end=\"725\">\ud83d\udee0 Materiali dhe Nd\u00ebrtimi<\/strong><\/h2>\n<ul data-start=\"726\" data-end=\"1053\">\n<li data-start=\"726\" data-end=\"805\">\n<p data-start=\"728\" data-end=\"805\">Pishin\u00eb me <strong data-start=\"739\" data-end=\"756\">ring t\u00eb fryr\u00eb<\/strong> q\u00eb ngrihet automatikisht gjat\u00eb mbushjes me uj\u00eb<\/p>\n<\/li>\n<li data-start=\"806\" data-end=\"891\">\n<p data-start=\"808\" data-end=\"891\">Material <strong data-start=\"817\" data-end=\"840\">PVC trefish (3-ply)<\/strong>: rezistenc\u00eb e lart\u00eb ndaj shpimeve dhe konsumimit<\/p>\n<\/li>\n<li data-start=\"892\" data-end=\"978\">\n<p data-start=\"894\" data-end=\"978\">Muret e pishin\u00ebs jan\u00eb t\u00eb perforcuara me fibra t\u00eb forta p\u00ebr q\u00ebndrueshm\u00ebri afatgjat\u00eb<\/p>\n<\/li>\n<li data-start=\"979\" data-end=\"1053\">\n<p data-start=\"981\" data-end=\"1053\">Montim super i thjesht\u00eb \u2014 vet\u00ebm fryje pjes\u00ebn e sip\u00ebrme dhe mbushe me uj\u00eb<\/p>\n<\/li>\n<\/ul>\n<hr data-start=\"1055\" data-end=\"1058\" \/>\n<h2 data-start=\"1060\" data-end=\"1092\"><strong data-start=\"1063\" data-end=\"1092\">\ud83c\udf1e P\u00ebrdorim i rekomanduar<\/strong><\/h2>\n<ul data-start=\"1093\" data-end=\"1256\">\n<li data-start=\"1093\" data-end=\"1119\">\n<p data-start=\"1095\" data-end=\"1119\">P\u00ebr familje dhe f\u00ebmij\u00eb<\/p>\n<\/li>\n<li data-start=\"1120\" data-end=\"1158\">\n<p data-start=\"1122\" data-end=\"1158\">Ideal p\u00ebr oborre, kopshte, tarraca<\/p>\n<\/li>\n<li data-start=\"1159\" data-end=\"1214\">\n<p data-start=\"1161\" data-end=\"1214\">Pishin\u00eb praktike verore pa instalime t\u00eb komplikuara<\/p>\n<\/li>\n<li data-start=\"1215\" data-end=\"1256\">\n<p data-start=\"1217\" data-end=\"1256\">Perfekte p\u00ebr freskim, loj\u00ebra dhe relaks<\/p>\n<\/li>\n<\/ul>\n<hr data-start=\"1258\" data-end=\"1261\" \/>\n<h2 data-start=\"1263\" data-end=\"1291\"><strong data-start=\"1266\" data-end=\"1291\">\u2714 Avantazhet kryesore<\/strong><\/h2>\n<ul data-start=\"1292\" data-end=\"1609\">\n<li data-start=\"1292\" data-end=\"1354\">\n<p data-start=\"1294\" data-end=\"1354\">Vendoset dhe montohet jasht\u00ebzakonisht leht\u00eb (10\u201315 minuta)<\/p>\n<\/li>\n<li data-start=\"1355\" data-end=\"1402\">\n<p data-start=\"1357\" data-end=\"1402\">Strukture fleksib\u00ebl dhe e sigurt p\u00ebr f\u00ebmij\u00eb<\/p>\n<\/li>\n<li data-start=\"1403\" data-end=\"1460\">\n<p data-start=\"1405\" data-end=\"1460\">Kapacitet i mjaftuesh\u00ebm p\u00ebr disa persona nj\u00ebkoh\u00ebsisht<\/p>\n<\/li>\n<li data-start=\"1461\" data-end=\"1495\">\n<p data-start=\"1463\" data-end=\"1495\">Material i fort\u00eb dhe jet\u00ebgjat\u00eb<\/p>\n<\/li>\n<li data-start=\"1496\" data-end=\"1542\">\n<p data-start=\"1498\" data-end=\"1542\">Mund t\u00eb paloset dhe ruhet pa z\u00ebn\u00eb hap\u00ebsir\u00eb<\/p>\n<\/li>\n<li data-start=\"1543\" data-end=\"1609\">\n<p data-start=\"1545\" data-end=\"1609\">Ndihmon p\u00ebr t\u00eb freskuar dit\u00ebt e nxehta t\u00eb ver\u00ebs pa pishin\u00eb fikse<\/p>\n<\/li>\n<\/ul>","protected":false},"excerpt":{"rendered":"<p>Pishina Intex Easy Set 28120 \u00ebsht\u00eb nj\u00eb nga modelet m\u00eb praktike dhe m\u00eb t\u00eb k\u00ebrkuara t\u00eb sezonit. Me diamet\u00ebr <strong data-start=\"295\" data-end=\"305\">305 cm<\/strong> dhe lart\u00ebsi <strong data-start=\"318\" data-end=\"327\">76 cm<\/strong>, kjo pishin\u00eb \u00ebsht\u00eb ideale p\u00ebr familje dhe f\u00ebmij\u00eb q\u00eb duan t\u00eb shijojn\u00eb ver\u00ebn me freski, komoditet dhe pa instalime t\u00eb nd\u00ebrlikuara.<\/p>","protected":false},"featured_media":32513,"template":"","meta":[],"product_brand":[],"product_cat":[343],"product_tag":[],"class_list":{"0":"post-32559","1":"product","2":"type-product","3":"status-publish","4":"has-post-thumbnail","6":"product_cat-pishina","8":"first","9":"instock","10":"sale","11":"taxable","12":"shipping-taxable","13":"purchasable","14":"product-type-simple"},"group_of_quantity":0,"min_quantity":0,"max_quantity":"","exclude_order_quantity_value_rules":"no","exclude_category_quantity_rules":"no","combine_variations":"no","jetpack_sharing_enabled":true,"_links":{"self":[{"href":"https:\/\/fushaco.com\/sq\/wp-json\/wp\/v2\/product\/32559","targetHints":{"allow":["GET"]}}],"collection":[{"href":"https:\/\/fushaco.com\/sq\/wp-json\/wp\/v2\/product"}],"about":[{"href":"https:\/\/fushaco.com\/sq\/wp-json\/wp\/v2\/types\/product"}],"version-history":[{"count":2,"href":"https:\/\/fushaco.com\/sq\/wp-json\/wp\/v2\/product\/32559\/revisions"}],"predecessor-version":[{"id":35757,"href":"https:\/\/fushaco.com\/sq\/wp-json\/wp\/v2\/product\/32559\/revisions\/35757"}],"wp:featuredmedia":[{"embeddable":true,"href":"https:\/\/fushaco.com\/sq\/wp-json\/wp\/v2\/media\/32513"}],"wp:attachment":[{"href":"https:\/\/fushaco.com\/sq\/wp-json\/wp\/v2\/media?parent=32559"}],"wp:term":[{"taxonomy":"product_brand","embeddable":true,"href":"https:\/\/fushaco.com\/sq\/wp-json\/wp\/v2\/product_brand?post=32559"},{"taxonomy":"product_cat","embeddable":true,"href":"https:\/\/fushaco.com\/sq\/wp-json\/wp\/v2\/product_cat?post=32559"},{"taxonomy":"product_tag","embeddable":true,"href":"https:\/\/fushaco.com\/sq\/wp-json\/wp\/v2\/product_tag?post=32559"}],"curies":[{"name":"wp","href":"https:\/\/api.w.org\/{rel}","templated":true}]}}