{"id":32575,"date":"2025-12-03T13:11:53","date_gmt":"2025-12-03T13:11:53","guid":{"rendered":"https:\/\/fushaco.com\/?post_type=product&#038;p=32575"},"modified":"2025-12-03T14:19:23","modified_gmt":"2025-12-03T14:19:23","slug":"29000-filter","status":"publish","type":"product","link":"https:\/\/fushaco.com\/sq\/produkt\/29000-filter\/","title":{"rendered":"29000-Filter"},"content":{"rendered":"<h2 data-start=\"501\" data-end=\"527\"><strong data-start=\"504\" data-end=\"527\">Ve\u00e7orit\u00eb Kryesore<\/strong><\/h2>\n<ul data-start=\"528\" data-end=\"875\">\n<li data-start=\"528\" data-end=\"567\">\n<p data-start=\"530\" data-end=\"567\"><strong data-start=\"530\" data-end=\"541\">Modeli:<\/strong> Filter Cartridge Type A<\/p>\n<\/li>\n<li data-start=\"568\" data-end=\"593\">\n<p data-start=\"570\" data-end=\"593\"><strong data-start=\"570\" data-end=\"579\">Kodi:<\/strong> Intex 29000<\/p>\n<\/li>\n<li data-start=\"594\" data-end=\"682\">\n<p data-start=\"596\" data-end=\"682\"><strong data-start=\"596\" data-end=\"630\">Pastron ujin n\u00eb m\u00ebnyr\u00eb efikase<\/strong>, duke mbajtur qarkullimin t\u00eb past\u00ebr dhe higjienik<\/p>\n<\/li>\n<li data-start=\"683\" data-end=\"754\">\n<p data-start=\"685\" data-end=\"754\">Material me cil\u00ebsi t\u00eb lart\u00eb, i p\u00ebrshtatsh\u00ebm p\u00ebr p\u00ebrdorim t\u00eb zgjatur<\/p>\n<\/li>\n<li data-start=\"755\" data-end=\"790\">\n<p data-start=\"757\" data-end=\"790\">Leht\u00ebsi n\u00eb instalim dhe nd\u00ebrrim<\/p>\n<\/li>\n<li data-start=\"791\" data-end=\"875\">\n<p data-start=\"793\" data-end=\"875\">Duhet t\u00eb pastrohet rregullisht dhe t\u00eb nd\u00ebrrohet \u00e7do <strong data-start=\"845\" data-end=\"857\">2\u20134 jav\u00eb<\/strong>, sipas p\u00ebrdorimit<\/p>\n<\/li>\n<\/ul>\n<hr data-start=\"877\" data-end=\"880\" \/>\n<h2 data-start=\"882\" data-end=\"899\"><strong data-start=\"885\" data-end=\"899\">\u00a0P\u00ebrmasa<\/strong><\/h2>\n<ul data-start=\"900\" data-end=\"996\">\n<li data-start=\"900\" data-end=\"925\">\n<p data-start=\"902\" data-end=\"925\"><strong data-start=\"902\" data-end=\"915\">Lart\u00ebsia:<\/strong> 20.2 cm<\/p>\n<\/li>\n<li data-start=\"926\" data-end=\"961\">\n<p data-start=\"928\" data-end=\"961\"><strong data-start=\"928\" data-end=\"951\">Diametri i jasht\u00ebm:<\/strong> 10.8 cm<\/p>\n<\/li>\n<li data-start=\"962\" data-end=\"996\">\n<p data-start=\"964\" data-end=\"996\"><strong data-start=\"964\" data-end=\"989\">Diametri i brendsh\u00ebm:<\/strong> 5 cm<\/p>\n<\/li>\n<\/ul>\n<hr data-start=\"998\" data-end=\"1001\" \/>\n<h2 data-start=\"1003\" data-end=\"1043\"><strong data-start=\"1006\" data-end=\"1043\">\u00a0Kompatibil me k\u00ebto pompa Intex<\/strong><\/h2>\n<ul>\n<li style=\"list-style-type: none;\">\n<ul data-start=\"1044\" data-end=\"1298\">\n<li data-start=\"1044\" data-end=\"1227\">\n<p data-start=\"1046\" data-end=\"1063\">Pompa filtrimi:<\/p>\n<ul data-start=\"1066\" data-end=\"1227\">\n<li data-start=\"1066\" data-end=\"1091\">\n<p data-start=\"1068\" data-end=\"1091\"><strong data-start=\"1068\" data-end=\"1077\">28603<\/strong> (2,006 L\/h)<\/p>\n<\/li>\n<li data-start=\"1094\" data-end=\"1127\">\n<p data-start=\"1096\" data-end=\"1127\"><strong data-start=\"1096\" data-end=\"1113\">28637 \/ 28638<\/strong> (3,785 L\/h)<\/p>\n<\/li>\n<li data-start=\"1130\" data-end=\"1155\">\n<p data-start=\"1132\" data-end=\"1155\"><strong data-start=\"1132\" data-end=\"1141\">28635<\/strong> (3,407 L\/h)<\/p>\n<\/li>\n<li data-start=\"1158\" data-end=\"1183\">\n<p data-start=\"1160\" data-end=\"1183\"><strong data-start=\"1160\" data-end=\"1169\">28633<\/strong> (2,271 L\/h)<\/p>\n<\/li>\n<li data-start=\"1186\" data-end=\"1227\">\n<p data-start=\"1188\" data-end=\"1227\"><strong data-start=\"1188\" data-end=\"1197\">28636<\/strong> (5,678 L\/h \u2013 disa versione)<\/p>\n<\/li>\n<\/ul>\n<\/li>\n<li data-start=\"1228\" data-end=\"1298\">\n<p data-start=\"1230\" data-end=\"1239\">Serit\u00eb:<\/p>\n<ul data-start=\"1242\" data-end=\"1298\">\n<li data-start=\"1242\" data-end=\"1259\">\n<p data-start=\"1244\" data-end=\"1259\">02, 604, 604G<\/p>\n<\/li>\n<li data-start=\"1262\" data-end=\"1298\">\n<p data-start=\"1264\" data-end=\"1298\">637R, 56637, 56636, 58604, 58605<\/p>\n<\/li>\n<\/ul>\n<\/li>\n<\/ul>\n<\/li>\n<\/ul>","protected":false},"excerpt":{"rendered":"<p>Filtri <strong data-start=\"176\" data-end=\"200\">Intex 29000 (Type A)<\/strong> \u00ebsht\u00eb nj\u00eb kartush filtrimi me performanc\u00eb t\u00eb lart\u00eb, i projektuar posa\u00e7\u00ebrisht p\u00ebr pompat e filtrimit t\u00eb pishinave Intex. Ai siguron pastrim t\u00eb vazhduesh\u00ebm t\u00eb ujit duke kapur papast\u00ebrtit\u00eb, pluhurin dhe grimcat e pad\u00ebshiruara, p\u00ebr ta mbajtur pishin\u00ebn t\u00eb past\u00ebr dhe t\u00eb sigurt gjat\u00eb gjith\u00eb sezonit.<\/p>","protected":false},"featured_media":32523,"template":"","meta":[],"product_brand":[],"product_cat":[325,343],"product_tag":[],"class_list":{"0":"post-32575","1":"product","2":"type-product","3":"status-publish","4":"has-post-thumbnail","6":"product_cat-aksesore","7":"product_cat-pishina","9":"first","10":"instock","11":"taxable","12":"shipping-taxable","13":"purchasable","14":"product-type-simple"},"group_of_quantity":0,"min_quantity":0,"max_quantity":"","exclude_order_quantity_value_rules":"no","exclude_category_quantity_rules":"no","combine_variations":"no","jetpack_sharing_enabled":true,"_links":{"self":[{"href":"https:\/\/fushaco.com\/sq\/wp-json\/wp\/v2\/product\/32575","targetHints":{"allow":["GET"]}}],"collection":[{"href":"https:\/\/fushaco.com\/sq\/wp-json\/wp\/v2\/product"}],"about":[{"href":"https:\/\/fushaco.com\/sq\/wp-json\/wp\/v2\/types\/product"}],"version-history":[{"count":1,"href":"https:\/\/fushaco.com\/sq\/wp-json\/wp\/v2\/product\/32575\/revisions"}],"predecessor-version":[{"id":32576,"href":"https:\/\/fushaco.com\/sq\/wp-json\/wp\/v2\/product\/32575\/revisions\/32576"}],"wp:featuredmedia":[{"embeddable":true,"href":"https:\/\/fushaco.com\/sq\/wp-json\/wp\/v2\/media\/32523"}],"wp:attachment":[{"href":"https:\/\/fushaco.com\/sq\/wp-json\/wp\/v2\/media?parent=32575"}],"wp:term":[{"taxonomy":"product_brand","embeddable":true,"href":"https:\/\/fushaco.com\/sq\/wp-json\/wp\/v2\/product_brand?post=32575"},{"taxonomy":"product_cat","embeddable":true,"href":"https:\/\/fushaco.com\/sq\/wp-json\/wp\/v2\/product_cat?post=32575"},{"taxonomy":"product_tag","embeddable":true,"href":"https:\/\/fushaco.com\/sq\/wp-json\/wp\/v2\/product_tag?post=32575"}],"curies":[{"name":"wp","href":"https:\/\/api.w.org\/{rel}","templated":true}]}}