{"id":32579,"date":"2025-12-03T13:14:53","date_gmt":"2025-12-03T13:14:53","guid":{"rendered":"https:\/\/fushaco.com\/?post_type=product&#038;p=32579"},"modified":"2026-04-26T23:16:07","modified_gmt":"2026-04-26T23:16:07","slug":"57181-pishine-intex","status":"publish","type":"product","link":"https:\/\/fushaco.com\/sq\/produkt\/57181-pishine-intex\/","title":{"rendered":"Pishin\u00eb p\u00ebr Femij\u00eb &#8211; 262cm x 175cm x 56 cm"},"content":{"rendered":"<h2 data-start=\"476\" data-end=\"498\"><strong data-start=\"479\" data-end=\"498\">Specifikimet<\/strong><\/h2>\n<ul data-start=\"499\" data-end=\"822\">\n<li data-start=\"499\" data-end=\"520\">\n<p data-start=\"501\" data-end=\"520\"><strong data-start=\"501\" data-end=\"512\">Brandi:<\/strong> Intex<\/p>\n<\/li>\n<li data-start=\"521\" data-end=\"542\">\n<p data-start=\"523\" data-end=\"542\"><strong data-start=\"523\" data-end=\"534\">Modeli:<\/strong> 57181<\/p>\n<\/li>\n<li data-start=\"543\" data-end=\"586\">\n<p data-start=\"545\" data-end=\"586\"><strong data-start=\"545\" data-end=\"555\">Lloji:<\/strong> Pishin\u00eb familjare inflatable<\/p>\n<\/li>\n<li data-start=\"587\" data-end=\"683\">\n<p data-start=\"589\" data-end=\"603\"><strong data-start=\"589\" data-end=\"601\">P\u00ebrmasa:<\/strong><\/p>\n<ul data-start=\"606\" data-end=\"683\">\n<li data-start=\"606\" data-end=\"630\">\n<p data-start=\"608\" data-end=\"630\"><strong data-start=\"608\" data-end=\"621\">Gjat\u00ebsia:<\/strong> 262 cm<\/p>\n<\/li>\n<li data-start=\"633\" data-end=\"657\">\n<p data-start=\"635\" data-end=\"657\"><strong data-start=\"635\" data-end=\"648\">Gjer\u00ebsia:<\/strong> 175 cm<\/p>\n<\/li>\n<li data-start=\"660\" data-end=\"683\">\n<p data-start=\"662\" data-end=\"683\"><strong data-start=\"662\" data-end=\"675\">Lart\u00ebsia:<\/strong> 56 cm<\/p>\n<\/li>\n<\/ul>\n<\/li>\n<li data-start=\"684\" data-end=\"740\">\n<p data-start=\"686\" data-end=\"740\"><strong data-start=\"686\" data-end=\"722\">Kapaciteti i ujit (80% mbushje):<\/strong> rreth <strong data-start=\"729\" data-end=\"738\">770 L<\/strong><\/p>\n<\/li>\n<li data-start=\"741\" data-end=\"791\">\n<p data-start=\"743\" data-end=\"791\"><strong data-start=\"743\" data-end=\"757\">Materiali:<\/strong> PVC i q\u00ebndruesh\u00ebm, 2 unaza ajri<\/p>\n<\/li>\n<li data-start=\"792\" data-end=\"822\">\n<p data-start=\"794\" data-end=\"822\"><strong data-start=\"794\" data-end=\"805\">Ngjyra:<\/strong> Mente &amp; Bardh\u00eb<\/p>\n<\/li>\n<\/ul>\n<h2 data-start=\"829\" data-end=\"855\"><strong data-start=\"832\" data-end=\"855\">\u00a0Ve\u00e7orit\u00eb Kryesore<\/strong><\/h2>\n<ul data-start=\"856\" data-end=\"1115\">\n<li data-start=\"856\" data-end=\"908\">\n<p data-start=\"858\" data-end=\"908\">Dy unaza t\u00eb m\u00ebdha ajri p\u00ebr stabilitet dhe rehati<\/p>\n<\/li>\n<li data-start=\"909\" data-end=\"969\">\n<p data-start=\"911\" data-end=\"969\">Material PVC i trash\u00eb dhe i fort\u00eb p\u00ebr p\u00ebrdorim afatgjat\u00eb<\/p>\n<\/li>\n<li data-start=\"970\" data-end=\"1016\">\n<p data-start=\"972\" data-end=\"1016\">Hap\u00ebsir\u00eb e bollshme p\u00ebr familjet me f\u00ebmij\u00eb<\/p>\n<\/li>\n<li data-start=\"1017\" data-end=\"1070\">\n<p data-start=\"1019\" data-end=\"1070\">Valvul\u00eb e shkarkimit p\u00ebr zbrazje t\u00eb leht\u00eb t\u00eb ujit<\/p>\n<\/li>\n<li data-start=\"1071\" data-end=\"1115\">\n<p data-start=\"1073\" data-end=\"1115\">Dizajn modern dhe shum\u00eb praktik p\u00ebr ver\u00eb<\/p>\n<\/li>\n<\/ul>","protected":false},"excerpt":{"rendered":"<p data-start=\"169\" data-end=\"469\">Pishina familjare <strong data-start=\"187\" data-end=\"202\">Intex 57181<\/strong> \u00ebsht\u00eb projektuar p\u00ebr t\u2019u ofruar f\u00ebmij\u00ebve dhe t\u00eb rriturve momente relaksi dhe arg\u00ebtimi gjat\u00eb dit\u00ebve t\u00eb nxehta t\u00eb ver\u00ebs. Me dizajn modern ngjyr\u00eb mente dhe dy unaza t\u00eb forta ajri, kjo pishin\u00eb \u00ebsht\u00eb ideale p\u00ebr p\u00ebrdorim n\u00eb oborr, tarrac\u00eb apo hap\u00ebsira t\u00eb tjera t\u00eb jashtme.<\/p>","protected":false},"featured_media":32525,"template":"","meta":[],"product_brand":[],"product_cat":[343],"product_tag":[],"class_list":{"0":"post-32579","1":"product","2":"type-product","3":"status-publish","4":"has-post-thumbnail","6":"product_cat-pishina","8":"first","9":"instock","10":"sale","11":"taxable","12":"shipping-taxable","13":"purchasable","14":"product-type-simple"},"group_of_quantity":0,"min_quantity":0,"max_quantity":"","exclude_order_quantity_value_rules":"no","exclude_category_quantity_rules":"no","combine_variations":"no","jetpack_sharing_enabled":true,"_links":{"self":[{"href":"https:\/\/fushaco.com\/sq\/wp-json\/wp\/v2\/product\/32579","targetHints":{"allow":["GET"]}}],"collection":[{"href":"https:\/\/fushaco.com\/sq\/wp-json\/wp\/v2\/product"}],"about":[{"href":"https:\/\/fushaco.com\/sq\/wp-json\/wp\/v2\/types\/product"}],"version-history":[{"count":3,"href":"https:\/\/fushaco.com\/sq\/wp-json\/wp\/v2\/product\/32579\/revisions"}],"predecessor-version":[{"id":35747,"href":"https:\/\/fushaco.com\/sq\/wp-json\/wp\/v2\/product\/32579\/revisions\/35747"}],"wp:featuredmedia":[{"embeddable":true,"href":"https:\/\/fushaco.com\/sq\/wp-json\/wp\/v2\/media\/32525"}],"wp:attachment":[{"href":"https:\/\/fushaco.com\/sq\/wp-json\/wp\/v2\/media?parent=32579"}],"wp:term":[{"taxonomy":"product_brand","embeddable":true,"href":"https:\/\/fushaco.com\/sq\/wp-json\/wp\/v2\/product_brand?post=32579"},{"taxonomy":"product_cat","embeddable":true,"href":"https:\/\/fushaco.com\/sq\/wp-json\/wp\/v2\/product_cat?post=32579"},{"taxonomy":"product_tag","embeddable":true,"href":"https:\/\/fushaco.com\/sq\/wp-json\/wp\/v2\/product_tag?post=32579"}],"curies":[{"name":"wp","href":"https:\/\/api.w.org\/{rel}","templated":true}]}}