{"id":32591,"date":"2025-12-03T13:22:37","date_gmt":"2025-12-03T13:22:37","guid":{"rendered":"https:\/\/fushaco.com\/?post_type=product&#038;p=32591"},"modified":"2026-04-26T23:05:20","modified_gmt":"2026-04-26T23:05:20","slug":"59020-aksesore","status":"publish","type":"product","link":"https:\/\/fushaco.com\/sq\/produkt\/59020-aksesore\/","title":{"rendered":"Topi klasik Intex"},"content":{"rendered":"<h2 data-start=\"349\" data-end=\"371\"><strong data-start=\"352\" data-end=\"371\">\u00a0Specifikimet<\/strong><\/h2>\n<ul data-start=\"372\" data-end=\"608\">\n<li data-start=\"372\" data-end=\"393\">\n<p data-start=\"374\" data-end=\"393\"><strong data-start=\"374\" data-end=\"385\">Brandi:<\/strong> Intex<\/p>\n<\/li>\n<li data-start=\"394\" data-end=\"415\">\n<p data-start=\"396\" data-end=\"415\"><strong data-start=\"396\" data-end=\"407\">Modeli:<\/strong> 59020<\/p>\n<\/li>\n<li data-start=\"416\" data-end=\"439\">\n<p data-start=\"418\" data-end=\"439\"><strong data-start=\"418\" data-end=\"431\">Diametri:<\/strong> 51 cm<\/p>\n<\/li>\n<li data-start=\"440\" data-end=\"484\">\n<p data-start=\"442\" data-end=\"484\"><strong data-start=\"442\" data-end=\"456\">Materiali:<\/strong> PVC cil\u00ebsor dhe rezistent<\/p>\n<\/li>\n<li data-start=\"485\" data-end=\"544\">\n<p data-start=\"487\" data-end=\"544\"><strong data-start=\"487\" data-end=\"499\">Ngjyrat:<\/strong> Multicolor (bardh\u00eb, e verdh\u00eb, e kuqe, blu)<\/p>\n<\/li>\n<li data-start=\"545\" data-end=\"608\">\n<p data-start=\"547\" data-end=\"608\"><strong data-start=\"547\" data-end=\"557\">Pesha:<\/strong> Shum\u00eb e leht\u00eb \u2013 perfekt p\u00ebr f\u00ebmij\u00eb dhe t\u00eb rritur<\/p>\n<\/li>\n<\/ul>\n<hr data-start=\"610\" data-end=\"613\" \/>\n<h2 data-start=\"615\" data-end=\"641\"><strong data-start=\"618\" data-end=\"641\">\u00a0Ve\u00e7orit\u00eb Kryesore<\/strong><\/h2>\n<ul data-start=\"642\" data-end=\"852\">\n<li data-start=\"642\" data-end=\"673\">\n<p data-start=\"644\" data-end=\"673\">Dizajn klasik shum\u00ebngjyr\u00ebsh<\/p>\n<\/li>\n<li data-start=\"674\" data-end=\"718\">\n<p data-start=\"676\" data-end=\"718\">Material rezistent ndaj diellit dhe ujit<\/p>\n<\/li>\n<li data-start=\"719\" data-end=\"752\">\n<p data-start=\"721\" data-end=\"752\">Leht\u00ebsi n\u00eb fryrje dhe \u00e7fryrje<\/p>\n<\/li>\n<li data-start=\"753\" data-end=\"808\">\n<p data-start=\"755\" data-end=\"808\">I sigurt dhe ideal p\u00ebr arg\u00ebtim n\u00eb pishin\u00eb ose plazh<\/p>\n<\/li>\n<li data-start=\"809\" data-end=\"852\">\n<p data-start=\"811\" data-end=\"852\">I p\u00ebrshtatsh\u00ebm p\u00ebr aktivitete familjare<\/p>\n<\/li>\n<\/ul>\n<hr data-start=\"854\" data-end=\"857\" \/>\n<h2 data-start=\"859\" data-end=\"886\"><strong data-start=\"862\" data-end=\"886\">\u00a0E rekomanduar p\u00ebr<\/strong><\/h2>\n<ul data-start=\"887\" data-end=\"952\">\n<li data-start=\"887\" data-end=\"909\">\n<p data-start=\"889\" data-end=\"909\">F\u00ebmij\u00eb <strong data-start=\"896\" data-end=\"907\">3+ vje\u00e7<\/strong><\/p>\n<\/li>\n<li data-start=\"910\" data-end=\"952\">\n<p data-start=\"912\" data-end=\"952\">T\u00eb gjitha moshat q\u00eb duan loj\u00ebra verore<\/p>\n<\/li>\n<\/ul>","protected":false},"excerpt":{"rendered":"<p data-start=\"147\" data-end=\"342\">Topi klasik shum\u00ebngjyr\u00ebsh nga <strong data-start=\"177\" data-end=\"186\">Intex<\/strong> \u00ebsht\u00eb aksesor perfekt p\u00ebr plazh, pishin\u00eb apo oborr. I leht\u00eb, arg\u00ebtues dhe i p\u00ebrshtatsh\u00ebm p\u00ebr t\u00eb gjitha moshat, ky top sjell loj\u00ebra t\u00eb pafundme gjat\u00eb ver\u00ebs.<\/p>","protected":false},"featured_media":32531,"template":"","meta":[],"product_brand":[],"product_cat":[343],"product_tag":[],"class_list":{"0":"post-32591","1":"product","2":"type-product","3":"status-publish","4":"has-post-thumbnail","6":"product_cat-pishina","8":"first","9":"instock","10":"sale","11":"taxable","12":"shipping-taxable","13":"purchasable","14":"product-type-simple"},"group_of_quantity":0,"min_quantity":0,"max_quantity":"","exclude_order_quantity_value_rules":"no","exclude_category_quantity_rules":"no","combine_variations":"no","jetpack_sharing_enabled":true,"_links":{"self":[{"href":"https:\/\/fushaco.com\/sq\/wp-json\/wp\/v2\/product\/32591","targetHints":{"allow":["GET"]}}],"collection":[{"href":"https:\/\/fushaco.com\/sq\/wp-json\/wp\/v2\/product"}],"about":[{"href":"https:\/\/fushaco.com\/sq\/wp-json\/wp\/v2\/types\/product"}],"version-history":[{"count":2,"href":"https:\/\/fushaco.com\/sq\/wp-json\/wp\/v2\/product\/32591\/revisions"}],"predecessor-version":[{"id":35738,"href":"https:\/\/fushaco.com\/sq\/wp-json\/wp\/v2\/product\/32591\/revisions\/35738"}],"wp:featuredmedia":[{"embeddable":true,"href":"https:\/\/fushaco.com\/sq\/wp-json\/wp\/v2\/media\/32531"}],"wp:attachment":[{"href":"https:\/\/fushaco.com\/sq\/wp-json\/wp\/v2\/media?parent=32591"}],"wp:term":[{"taxonomy":"product_brand","embeddable":true,"href":"https:\/\/fushaco.com\/sq\/wp-json\/wp\/v2\/product_brand?post=32591"},{"taxonomy":"product_cat","embeddable":true,"href":"https:\/\/fushaco.com\/sq\/wp-json\/wp\/v2\/product_cat?post=32591"},{"taxonomy":"product_tag","embeddable":true,"href":"https:\/\/fushaco.com\/sq\/wp-json\/wp\/v2\/product_tag?post=32591"}],"curies":[{"name":"wp","href":"https:\/\/api.w.org\/{rel}","templated":true}]}}