{"id":32614,"date":"2025-12-03T13:48:47","date_gmt":"2025-12-03T13:48:47","guid":{"rendered":"https:\/\/fushaco.com\/?post_type=product&#038;p=32614"},"modified":"2026-04-15T15:12:50","modified_gmt":"2026-04-15T15:12:50","slug":"fush124","status":"publish","type":"product","link":"https:\/\/fushaco.com\/sq\/produkt\/fush124\/","title":{"rendered":"Loder &#8211; FUSH124"},"content":{"rendered":"<h4 data-start=\"319\" data-end=\"355\"><strong data-start=\"326\" data-end=\"355\">Karakteristikat kryesore:<\/strong><\/h4>\n<ul data-start=\"357\" data-end=\"1026\">\n<li data-start=\"357\" data-end=\"536\">\n<p data-start=\"359\" data-end=\"536\"><strong data-start=\"359\" data-end=\"383\">Aktivizim me l\u00ebvizje<\/strong> \u2013 N\u00eb momentin q\u00eb tunden ose goditen leht\u00eb, topat fillojn\u00eb t\u00eb <strong data-start=\"445\" data-end=\"461\">b\u00ebjn\u00eb muzik\u00eb<\/strong> dhe t\u00eb <strong data-start=\"469\" data-end=\"496\">shk\u00eblqejn\u00eb me drita LED<\/strong>, duke krijuar nj\u00eb efekt super arg\u00ebtues!<\/p>\n<\/li>\n<li data-start=\"537\" data-end=\"689\">\n<p data-start=\"539\" data-end=\"689\"><strong data-start=\"539\" data-end=\"563\">3 ngjyra t\u00eb ndryshme<\/strong> \u2013 T\u00eb disponueshme n\u00eb <strong data-start=\"585\" data-end=\"598\">t\u00eb verdh\u00eb<\/strong>, <strong data-start=\"600\" data-end=\"607\">blu<\/strong> dhe <strong data-start=\"612\" data-end=\"626\">portokalli<\/strong>, me dizajn futbolli p\u00ebr t\u2019i b\u00ebr\u00eb edhe m\u00eb t\u00ebrheq\u00ebs p\u00ebr f\u00ebmij\u00ebt.<\/p>\n<\/li>\n<li data-start=\"690\" data-end=\"783\">\n<p data-start=\"692\" data-end=\"783\"><strong data-start=\"692\" data-end=\"720\">Drita LED shum\u00ebngjyr\u00ebshe<\/strong> \u2013 Ndri\u00e7im i bukur dhe t\u00ebrheq\u00ebs q\u00eb ndez dhe pulson gjat\u00eb loj\u00ebs.<\/p>\n<\/li>\n<li data-start=\"784\" data-end=\"857\">\n<p data-start=\"786\" data-end=\"857\"><strong data-start=\"786\" data-end=\"829\">Material plastik i sigurt dhe rezistent<\/strong>, i p\u00ebrshtatsh\u00ebm p\u00ebr f\u00ebmij\u00eb.<\/p>\n<\/li>\n<li data-start=\"858\" data-end=\"942\">\n<p data-start=\"860\" data-end=\"942\"><strong data-start=\"860\" data-end=\"899\">Madh\u00ebsi ideale p\u00ebr duart e f\u00ebmij\u00ebve<\/strong> \u2013 Leht\u00eb p\u00ebr t\u2019u kapur, mbajtur dhe tundur.<\/p>\n<\/li>\n<li data-start=\"943\" data-end=\"1026\">\n<p data-start=\"945\" data-end=\"1026\"><strong data-start=\"945\" data-end=\"962\">Efekte zanore<\/strong> \u2013 Melodi arg\u00ebtuese q\u00eb aktivizohen automatikisht kur topi l\u00ebviz.<\/p>\n<\/li>\n<\/ul>\n<h4 data-start=\"1028\" data-end=\"1056\"><strong data-start=\"1036\" data-end=\"1054\">Sasia n\u00eb pako:<\/strong><\/h4>\n<p data-start=\"1057\" data-end=\"1125\"><strong data-start=\"1057\" data-end=\"1068\">12 COP\u00cb<\/strong> p\u00ebr pako (p\u00ebrzierje ngjyrash: e verdh\u00eb, blu, portokalli)<\/p>\n<h4 data-start=\"1127\" data-end=\"1160\">\ud83c\udf89 <strong data-start=\"1135\" data-end=\"1158\">I p\u00ebrshtatsh\u00ebm p\u00ebr:<\/strong><\/h4>\n<ul data-start=\"1161\" data-end=\"1282\">\n<li data-start=\"1161\" data-end=\"1183\">\n<p data-start=\"1163\" data-end=\"1183\">Festa dit\u00eblindjesh<\/p>\n<\/li>\n<li data-start=\"1184\" data-end=\"1206\">\n<p data-start=\"1186\" data-end=\"1206\">Dhurata p\u00ebr f\u00ebmij\u00eb<\/p>\n<\/li>\n<li data-start=\"1207\" data-end=\"1227\">\n<p data-start=\"1209\" data-end=\"1227\">\u00c7erdhe &amp; kopshte<\/p>\n<\/li>\n<li data-start=\"1228\" data-end=\"1245\">\n<p data-start=\"1230\" data-end=\"1245\">Pako surpriz\u00eb<\/p>\n<\/li>\n<li data-start=\"1246\" data-end=\"1282\">\n<p data-start=\"1248\" data-end=\"1282\">Loj\u00ebra interaktive dhe arg\u00ebtuese<\/p>\n<\/li>\n<\/ul>","protected":false},"excerpt":{"rendered":"<p>K\u00ebta topa fantastik\u00eb n\u00eb form\u00eb futbolli jan\u00eb lodra perfekte p\u00ebr f\u00ebmij\u00ebt q\u00eb duan arg\u00ebtim, muzik\u00eb dhe drita! Produkti \u00ebsht\u00eb i dizajnuar me nj\u00eb dorez\u00eb plastike lart, q\u00eb i b\u00ebn shum\u00eb t\u00eb leht\u00eb p\u00ebr t\u2019u kapur dhe p\u00ebrdorur nga f\u00ebmij\u00ebt e vegj\u00ebl.<\/p>","protected":false},"featured_media":32615,"template":"","meta":[],"product_brand":[],"product_cat":[325],"product_tag":[],"class_list":{"0":"post-32614","1":"product","2":"type-product","3":"status-publish","4":"has-post-thumbnail","6":"product_cat-aksesore","8":"first","9":"instock","10":"sale","11":"taxable","12":"shipping-taxable","13":"purchasable","14":"product-type-simple"},"group_of_quantity":0,"min_quantity":0,"max_quantity":"","exclude_order_quantity_value_rules":"no","exclude_category_quantity_rules":"no","combine_variations":"no","jetpack_sharing_enabled":true,"_links":{"self":[{"href":"https:\/\/fushaco.com\/sq\/wp-json\/wp\/v2\/product\/32614","targetHints":{"allow":["GET"]}}],"collection":[{"href":"https:\/\/fushaco.com\/sq\/wp-json\/wp\/v2\/product"}],"about":[{"href":"https:\/\/fushaco.com\/sq\/wp-json\/wp\/v2\/types\/product"}],"version-history":[{"count":3,"href":"https:\/\/fushaco.com\/sq\/wp-json\/wp\/v2\/product\/32614\/revisions"}],"predecessor-version":[{"id":35655,"href":"https:\/\/fushaco.com\/sq\/wp-json\/wp\/v2\/product\/32614\/revisions\/35655"}],"wp:featuredmedia":[{"embeddable":true,"href":"https:\/\/fushaco.com\/sq\/wp-json\/wp\/v2\/media\/32615"}],"wp:attachment":[{"href":"https:\/\/fushaco.com\/sq\/wp-json\/wp\/v2\/media?parent=32614"}],"wp:term":[{"taxonomy":"product_brand","embeddable":true,"href":"https:\/\/fushaco.com\/sq\/wp-json\/wp\/v2\/product_brand?post=32614"},{"taxonomy":"product_cat","embeddable":true,"href":"https:\/\/fushaco.com\/sq\/wp-json\/wp\/v2\/product_cat?post=32614"},{"taxonomy":"product_tag","embeddable":true,"href":"https:\/\/fushaco.com\/sq\/wp-json\/wp\/v2\/product_tag?post=32614"}],"curies":[{"name":"wp","href":"https:\/\/api.w.org\/{rel}","templated":true}]}}