{"id":32645,"date":"2025-12-03T14:07:28","date_gmt":"2025-12-03T14:07:28","guid":{"rendered":"https:\/\/fushaco.com\/?post_type=product&#038;p=32645"},"modified":"2025-12-13T23:42:22","modified_gmt":"2025-12-13T23:42:22","slug":"fush143","status":"publish","type":"product","link":"https:\/\/fushaco.com\/sq\/produkt\/fush143\/","title":{"rendered":"Ndriqim &#8211; FUSH143"},"content":{"rendered":"<p data-start=\"397\" data-end=\"476\">P\u00ebllumbat duken sikur jan\u00eb n\u00eb fluturim t\u00eb leht\u00eb, duke e b\u00ebr\u00eb dekorin ideal p\u00ebr:<\/p>\n<ul data-start=\"478\" data-end=\"638\">\n<li data-start=\"478\" data-end=\"509\">\n<p data-start=\"480\" data-end=\"509\"><strong data-start=\"480\" data-end=\"509\">Sht\u00ebpi dhe dhoma ndenjeje<\/strong><\/p>\n<\/li>\n<li data-start=\"510\" data-end=\"548\">\n<p data-start=\"512\" data-end=\"548\"><strong data-start=\"512\" data-end=\"548\">Dhoma gjumi dhe ambiente pushimi<\/strong><\/p>\n<\/li>\n<li data-start=\"549\" data-end=\"595\">\n<p data-start=\"551\" data-end=\"595\"><strong data-start=\"551\" data-end=\"595\">Restorante, kafene dhe ambiente eventesh<\/strong><\/p>\n<\/li>\n<li data-start=\"596\" data-end=\"638\">\n<p data-start=\"598\" data-end=\"638\"><strong data-start=\"598\" data-end=\"638\">Dekor dasmash apo ambientesh festive<\/strong><\/p>\n<\/li>\n<\/ul>\n<p data-start=\"640\" data-end=\"828\">Dritat jan\u00eb t\u00eb varura individualisht, duke lejuar kombinime kreative sipas shijes. Materiali i cil\u00ebsis\u00eb s\u00eb lart\u00eb dhe ngjyra e bardh\u00eb matte i japin produktit nj\u00eb pamje elegante dhe luksoze.<\/p>\n<p data-start=\"830\" data-end=\"859\"><strong data-start=\"830\" data-end=\"859\">Karakteristikat kryesore:<\/strong><\/p>\n<ul data-start=\"860\" data-end=\"1025\">\n<li data-start=\"860\" data-end=\"880\">\n<p data-start=\"862\" data-end=\"880\">Set me <strong data-start=\"869\" data-end=\"880\">10 cop\u00eb<\/strong><\/p>\n<\/li>\n<li data-start=\"881\" data-end=\"911\">\n<p data-start=\"883\" data-end=\"911\">Form\u00eb artistike <strong data-start=\"899\" data-end=\"911\">p\u00ebllumbi<\/strong><\/p>\n<\/li>\n<li data-start=\"912\" data-end=\"955\">\n<p data-start=\"914\" data-end=\"955\">Ndri\u00e7im i but\u00eb, i ngroht\u00eb dhe relaksues<\/p>\n<\/li>\n<li data-start=\"956\" data-end=\"985\">\n<p data-start=\"958\" data-end=\"985\">Dizajn modern dhe minimal<\/p>\n<\/li>\n<li data-start=\"986\" data-end=\"1025\">\n<p data-start=\"988\" data-end=\"1025\">Ideal p\u00ebr dekor unik dhe atmosferik<\/p>\n<\/li>\n<\/ul>\n<p data-start=\"1027\" data-end=\"1135\">Ky dekor \u00ebsht\u00eb zgjidhja perfekte p\u00ebr ata q\u00eb duan t\u2019i japin ambientit stil, ndjesi paqeje dhe bukuri vizuale.<\/p>","protected":false},"excerpt":{"rendered":"<p>Ky set unik prej <strong data-start=\"161\" data-end=\"203\">10 copash dekorative n\u00eb form\u00eb p\u00ebllumbi<\/strong> sjell eleganc\u00eb, qet\u00ebsi dhe nj\u00eb ndjenj\u00eb lirie n\u00eb \u00e7do ambient. \u00c7do element \u00ebsht\u00eb i punuar me dizajn modern minimal, me linja t\u00eb buta dhe ndri\u00e7im t\u00eb ngroht\u00eb q\u00eb krijon nj\u00eb atmosfer\u00eb relaksuese.<\/p>","protected":false},"featured_media":32652,"template":"","meta":[],"product_brand":[],"product_cat":[325,306],"product_tag":[],"class_list":{"0":"post-32645","1":"product","2":"type-product","3":"status-publish","4":"has-post-thumbnail","6":"product_cat-aksesore","7":"product_cat-dekore","9":"first","10":"instock","11":"sale","12":"taxable","13":"shipping-taxable","14":"purchasable","15":"product-type-simple"},"group_of_quantity":0,"min_quantity":0,"max_quantity":"","exclude_order_quantity_value_rules":"no","exclude_category_quantity_rules":"no","combine_variations":"no","jetpack_sharing_enabled":true,"_links":{"self":[{"href":"https:\/\/fushaco.com\/sq\/wp-json\/wp\/v2\/product\/32645","targetHints":{"allow":["GET"]}}],"collection":[{"href":"https:\/\/fushaco.com\/sq\/wp-json\/wp\/v2\/product"}],"about":[{"href":"https:\/\/fushaco.com\/sq\/wp-json\/wp\/v2\/types\/product"}],"version-history":[{"count":2,"href":"https:\/\/fushaco.com\/sq\/wp-json\/wp\/v2\/product\/32645\/revisions"}],"predecessor-version":[{"id":32946,"href":"https:\/\/fushaco.com\/sq\/wp-json\/wp\/v2\/product\/32645\/revisions\/32946"}],"wp:featuredmedia":[{"embeddable":true,"href":"https:\/\/fushaco.com\/sq\/wp-json\/wp\/v2\/media\/32652"}],"wp:attachment":[{"href":"https:\/\/fushaco.com\/sq\/wp-json\/wp\/v2\/media?parent=32645"}],"wp:term":[{"taxonomy":"product_brand","embeddable":true,"href":"https:\/\/fushaco.com\/sq\/wp-json\/wp\/v2\/product_brand?post=32645"},{"taxonomy":"product_cat","embeddable":true,"href":"https:\/\/fushaco.com\/sq\/wp-json\/wp\/v2\/product_cat?post=32645"},{"taxonomy":"product_tag","embeddable":true,"href":"https:\/\/fushaco.com\/sq\/wp-json\/wp\/v2\/product_tag?post=32645"}],"curies":[{"name":"wp","href":"https:\/\/api.w.org\/{rel}","templated":true}]}}