{"id":32789,"date":"2025-12-05T22:55:25","date_gmt":"2025-12-05T22:55:25","guid":{"rendered":"https:\/\/fushaco.com\/?post_type=product&#038;p=32789"},"modified":"2025-12-18T15:58:02","modified_gmt":"2025-12-18T15:58:02","slug":"fush024","status":"publish","type":"product","link":"https:\/\/fushaco.com\/sq\/produkt\/fush024\/","title":{"rendered":"Ndriqim Dekorues &#8211; FUSH024"},"content":{"rendered":"<ul>\n<li data-start=\"748\" data-end=\"797\">\n<p data-start=\"750\" data-end=\"797\"><strong data-start=\"750\" data-end=\"776\">Dizajn Crystal Diamond<\/strong> me efekt shk\u00eblqimi<\/p>\n<\/li>\n<li data-start=\"798\" data-end=\"864\">\n<p data-start=\"800\" data-end=\"864\"><strong data-start=\"800\" data-end=\"829\">Ndri\u00e7im LED shum\u00ebngjyr\u00ebsh<\/strong> \u2013 efekt mahnit\u00ebs dit\u00ebn dhe nat\u00ebn<\/p>\n<\/li>\n<li data-start=\"865\" data-end=\"909\">\n<p data-start=\"867\" data-end=\"909\">P\u00ebrb\u00ebhet nga <strong data-start=\"880\" data-end=\"907\">shkronjat I \u2013 Zem\u00ebr \u2013 U<\/strong><\/p>\n<\/li>\n<li data-start=\"910\" data-end=\"958\">\n<p data-start=\"912\" data-end=\"958\">Material akrilik me prerje t\u00eb stilit diamant<\/p>\n<\/li>\n<li data-start=\"959\" data-end=\"1012\">\n<p data-start=\"961\" data-end=\"1012\">E q\u00ebndrueshme, e leht\u00eb dhe estetikisht e p\u00ebrsosur<\/p>\n<\/li>\n<li data-start=\"1013\" data-end=\"1100\">\n<p data-start=\"1015\" data-end=\"1100\">E p\u00ebrkryer p\u00ebr: Dhurata romantike, dekor, evente, propozime, dit\u00ebn e t\u00eb dashuruarve<\/p>\n<\/li>\n<li data-start=\"1101\" data-end=\"1147\">\n<p data-start=\"1103\" data-end=\"1147\">Ideale p\u00ebr foto, video dhe surpriza kreative<\/p>\n<\/li>\n<\/ul>","protected":false},"excerpt":{"rendered":"<p data-start=\"213\" data-end=\"506\">Shprehni dashurin\u00eb n\u00eb m\u00ebnyr\u00ebn m\u00eb t\u00eb bukur dhe m\u00eb moderne me <strong data-start=\"273\" data-end=\"305\">Dekorin Kristal LED \u201cI \u2764\ufe0f U\u201d<\/strong>, nj\u00eb produkt unik q\u00eb kombinon dizajnin kristal me ndri\u00e7imin shum\u00ebngjyr\u00ebsh. Forma gjeometrike dhe dritat e brendshme LED krijojn\u00eb nj\u00eb efekt mahnit\u00ebs, duke e b\u00ebr\u00eb k\u00ebt\u00eb dekor nj\u00eb dhurat\u00eb t\u00eb paharrueshme.<\/p>\n<p data-start=\"508\" data-end=\"706\">Ideale p\u00ebr dhurata romantike, dekorim festash, anniversar\u00eb, dhom\u00eb gjumi apo surpriza speciale. Dizajni i tij shk\u00eblqyes plot eleganc\u00eb edhe n\u00eb err\u00ebsir\u00eb, duke sjell\u00eb nj\u00eb atmosfer\u00eb t\u00eb ngroht\u00eb e magjike.<\/p>","protected":false},"featured_media":32790,"template":"","meta":[],"product_brand":[],"product_cat":[325,306],"product_tag":[],"class_list":{"0":"post-32789","1":"product","2":"type-product","3":"status-publish","4":"has-post-thumbnail","6":"product_cat-aksesore","7":"product_cat-dekore","9":"first","10":"instock","11":"sale","12":"taxable","13":"shipping-taxable","14":"purchasable","15":"product-type-simple"},"group_of_quantity":0,"min_quantity":0,"max_quantity":"","exclude_order_quantity_value_rules":"no","exclude_category_quantity_rules":"no","combine_variations":"no","jetpack_sharing_enabled":true,"_links":{"self":[{"href":"https:\/\/fushaco.com\/sq\/wp-json\/wp\/v2\/product\/32789","targetHints":{"allow":["GET"]}}],"collection":[{"href":"https:\/\/fushaco.com\/sq\/wp-json\/wp\/v2\/product"}],"about":[{"href":"https:\/\/fushaco.com\/sq\/wp-json\/wp\/v2\/types\/product"}],"version-history":[{"count":4,"href":"https:\/\/fushaco.com\/sq\/wp-json\/wp\/v2\/product\/32789\/revisions"}],"predecessor-version":[{"id":33239,"href":"https:\/\/fushaco.com\/sq\/wp-json\/wp\/v2\/product\/32789\/revisions\/33239"}],"wp:featuredmedia":[{"embeddable":true,"href":"https:\/\/fushaco.com\/sq\/wp-json\/wp\/v2\/media\/32790"}],"wp:attachment":[{"href":"https:\/\/fushaco.com\/sq\/wp-json\/wp\/v2\/media?parent=32789"}],"wp:term":[{"taxonomy":"product_brand","embeddable":true,"href":"https:\/\/fushaco.com\/sq\/wp-json\/wp\/v2\/product_brand?post=32789"},{"taxonomy":"product_cat","embeddable":true,"href":"https:\/\/fushaco.com\/sq\/wp-json\/wp\/v2\/product_cat?post=32789"},{"taxonomy":"product_tag","embeddable":true,"href":"https:\/\/fushaco.com\/sq\/wp-json\/wp\/v2\/product_tag?post=32789"}],"curies":[{"name":"wp","href":"https:\/\/api.w.org\/{rel}","templated":true}]}}