{"id":32808,"date":"2025-12-06T12:08:40","date_gmt":"2025-12-06T12:08:40","guid":{"rendered":"https:\/\/fushaco.com\/?post_type=product&#038;p=32808"},"modified":"2026-04-16T15:49:37","modified_gmt":"2026-04-16T15:49:37","slug":"fush312","status":"publish","type":"product","link":"https:\/\/fushaco.com\/sq\/produkt\/fush312\/","title":{"rendered":"Trotinet &#8211; FUSH312"},"content":{"rendered":"<h3 data-start=\"585\" data-end=\"610\"><strong data-start=\"589\" data-end=\"608\">Karakteristikat<\/strong><\/h3>\n<ul data-start=\"611\" data-end=\"864\">\n<li data-start=\"611\" data-end=\"635\">\n<p data-start=\"613\" data-end=\"635\">Ngjyr\u00eb t\u00ebrheq\u00ebse blu dhe roz\u00eb<\/p>\n<\/li>\n<li data-start=\"636\" data-end=\"671\">\n<p data-start=\"638\" data-end=\"671\">3 rrota p\u00ebr stabilitet t\u00eb lart\u00eb<\/p>\n<\/li>\n<li data-start=\"672\" data-end=\"719\">\n<p data-start=\"674\" data-end=\"719\">Timon i rehatsh\u00ebm dhe i leht\u00eb p\u00ebr t\u2019u kapur<\/p>\n<\/li>\n<li data-start=\"720\" data-end=\"749\">\n<p data-start=\"722\" data-end=\"749\">Platform\u00eb antirr\u00ebshqit\u00ebse<\/p>\n<\/li>\n<li data-start=\"750\" data-end=\"788\">\n<p data-start=\"752\" data-end=\"788\">P\u00ebrshtatet p\u00ebr f\u00ebmij\u00eb nga 2\u20136 vje\u00e7<\/p>\n<\/li>\n<li data-start=\"789\" data-end=\"864\">\n<p data-start=\"791\" data-end=\"864\">Material cil\u00ebsor, i q\u00ebndruesh\u00ebm dhe i sigurt p\u00ebr p\u00ebrdorim t\u00eb p\u00ebrditsh\u00ebm<\/p>\n<\/li>\n<\/ul>","protected":false},"excerpt":{"rendered":"<p>Skuteri ideal p\u00ebr f\u00ebmij\u00ebt q\u00eb duan arg\u00ebtim dhe l\u00ebvizje t\u00eb sigurt! Me dizajn modern dhe material t\u00eb q\u00ebndruesh\u00ebm, ky skuter 3-rrot\u00ebsh ofron stabilitet maksimal dhe p\u00ebrvoj\u00eb t\u00eb leht\u00eb drejtimi p\u00ebr moshat e vogla.<br data-start=\"463\" data-end=\"466\" \/>Rrotat silikoni rrotullohen but\u00eb dhe pa zhurm\u00eb, nd\u00ebrsa pedana e poshtme ka dizajn antirr\u00ebshqit\u00ebs p\u00ebr siguri t\u00eb plot\u00eb.<\/p>","protected":false},"featured_media":32809,"template":"","meta":[],"product_brand":[],"product_cat":[344],"product_tag":[],"class_list":{"0":"post-32808","1":"product","2":"type-product","3":"status-publish","4":"has-post-thumbnail","6":"product_cat-trotineta","8":"first","9":"instock","10":"sale","11":"taxable","12":"shipping-taxable","13":"purchasable","14":"product-type-variable","15":"has-default-attributes"},"group_of_quantity":0,"min_quantity":0,"max_quantity":"","exclude_order_quantity_value_rules":"no","exclude_category_quantity_rules":"no","combine_variations":"no","jetpack_sharing_enabled":true,"_links":{"self":[{"href":"https:\/\/fushaco.com\/sq\/wp-json\/wp\/v2\/product\/32808","targetHints":{"allow":["GET"]}}],"collection":[{"href":"https:\/\/fushaco.com\/sq\/wp-json\/wp\/v2\/product"}],"about":[{"href":"https:\/\/fushaco.com\/sq\/wp-json\/wp\/v2\/types\/product"}],"version-history":[{"count":3,"href":"https:\/\/fushaco.com\/sq\/wp-json\/wp\/v2\/product\/32808\/revisions"}],"predecessor-version":[{"id":33042,"href":"https:\/\/fushaco.com\/sq\/wp-json\/wp\/v2\/product\/32808\/revisions\/33042"}],"wp:featuredmedia":[{"embeddable":true,"href":"https:\/\/fushaco.com\/sq\/wp-json\/wp\/v2\/media\/32809"}],"wp:attachment":[{"href":"https:\/\/fushaco.com\/sq\/wp-json\/wp\/v2\/media?parent=32808"}],"wp:term":[{"taxonomy":"product_brand","embeddable":true,"href":"https:\/\/fushaco.com\/sq\/wp-json\/wp\/v2\/product_brand?post=32808"},{"taxonomy":"product_cat","embeddable":true,"href":"https:\/\/fushaco.com\/sq\/wp-json\/wp\/v2\/product_cat?post=32808"},{"taxonomy":"product_tag","embeddable":true,"href":"https:\/\/fushaco.com\/sq\/wp-json\/wp\/v2\/product_tag?post=32808"}],"curies":[{"name":"wp","href":"https:\/\/api.w.org\/{rel}","templated":true}]}}