{"id":32814,"date":"2025-12-06T12:16:09","date_gmt":"2025-12-06T12:16:09","guid":{"rendered":"https:\/\/fushaco.com\/?post_type=product&#038;p=32814"},"modified":"2026-03-26T11:51:51","modified_gmt":"2026-03-26T11:51:51","slug":"fush315","status":"publish","type":"product","link":"https:\/\/fushaco.com\/sq\/produkt\/fush315\/","title":{"rendered":"Trotinet &#8211; FUSH315"},"content":{"rendered":"<ul>\n<li data-start=\"539\" data-end=\"584\">\n<p data-start=\"541\" data-end=\"584\">Ngjyr\u00eb e kuqe energjike me dizajn sportiv + Dizajn i bukur n\u00eb roz\u00eb &amp; navy<\/p>\n<\/li>\n<li data-start=\"585\" data-end=\"640\">\n<p data-start=\"587\" data-end=\"640\">Rrota t\u00eb para me <strong data-start=\"604\" data-end=\"638\">LED q\u00eb ndri\u00e7ojn\u00eb automatikisht<\/strong><\/p>\n<\/li>\n<li data-start=\"641\" data-end=\"687\">\n<p data-start=\"643\" data-end=\"687\">Timon ergonomik, i rehatsh\u00ebm dhe rezistent<\/p>\n<\/li>\n<li data-start=\"688\" data-end=\"725\">\n<p data-start=\"690\" data-end=\"725\">Platform\u00eb e gjer\u00eb antirr\u00ebshqit\u00ebse<\/p>\n<\/li>\n<li data-start=\"726\" data-end=\"806\">\n<p data-start=\"728\" data-end=\"806\">Mekaniz\u00ebm drejtimi &#8220;lean-to-steer&#8221; \u2013 i leht\u00eb p\u00ebr t\u2019u kontrolluar nga f\u00ebmij\u00ebt<\/p>\n<\/li>\n<li data-start=\"807\" data-end=\"845\">\n<p data-start=\"809\" data-end=\"845\">E p\u00ebrshtatshme p\u00ebr f\u00ebmij\u00eb 2\u20137 vje\u00e7<\/p>\n<\/li>\n<li data-start=\"846\" data-end=\"890\">\n<p data-start=\"848\" data-end=\"890\">Material i fort\u00eb dhe shum\u00eb i q\u00ebndruesh\u00ebm<\/p>\n<\/li>\n<\/ul>","protected":false},"excerpt":{"rendered":"<p>Ky skuter modern me ngjyr\u00eb t\u00eb kuqe sportive \u00ebsht\u00eb zgjedhja perfekte p\u00ebr f\u00ebmij\u00ebt q\u00eb duan shpejt\u00ebsi, stil dhe arg\u00ebtim t\u00eb pafund! Me 3 rrota ekstra stabile dhe drita LED q\u00eb ndri\u00e7ojn\u00eb gjat\u00eb l\u00ebvizjes, skuteri ofron siguri maksimale dhe nj\u00eb eksperienc\u00eb t\u00eb paharrueshme loj\u00ebrash.<br \/>\nNj\u00eb skuter fantastik me ngjyra atraktive roz\u00eb dhe navy, i krijuar p\u00ebr t\u2019i ofruar f\u00ebmij\u00ebve arg\u00ebtim t\u00eb sigurt dhe shum\u00eb stil! Rrotat LED shtojn\u00eb efekt magjik gjat\u00eb vozitjes, duke e b\u00ebr\u00eb k\u00ebt\u00eb model shum\u00eb t\u00eb dashur nga f\u00ebmij\u00ebt.<\/p>","protected":false},"featured_media":32816,"template":"","meta":[],"product_brand":[],"product_cat":[344],"product_tag":[],"class_list":{"0":"post-32814","1":"product","2":"type-product","3":"status-publish","4":"has-post-thumbnail","6":"product_cat-trotineta","8":"first","9":"instock","10":"sale","11":"taxable","12":"shipping-taxable","13":"purchasable","14":"product-type-variable","15":"has-default-attributes"},"group_of_quantity":0,"min_quantity":0,"max_quantity":"","exclude_order_quantity_value_rules":"no","exclude_category_quantity_rules":"no","combine_variations":"no","jetpack_sharing_enabled":true,"_links":{"self":[{"href":"https:\/\/fushaco.com\/sq\/wp-json\/wp\/v2\/product\/32814","targetHints":{"allow":["GET"]}}],"collection":[{"href":"https:\/\/fushaco.com\/sq\/wp-json\/wp\/v2\/product"}],"about":[{"href":"https:\/\/fushaco.com\/sq\/wp-json\/wp\/v2\/types\/product"}],"version-history":[{"count":3,"href":"https:\/\/fushaco.com\/sq\/wp-json\/wp\/v2\/product\/32814\/revisions"}],"predecessor-version":[{"id":33040,"href":"https:\/\/fushaco.com\/sq\/wp-json\/wp\/v2\/product\/32814\/revisions\/33040"}],"wp:featuredmedia":[{"embeddable":true,"href":"https:\/\/fushaco.com\/sq\/wp-json\/wp\/v2\/media\/32816"}],"wp:attachment":[{"href":"https:\/\/fushaco.com\/sq\/wp-json\/wp\/v2\/media?parent=32814"}],"wp:term":[{"taxonomy":"product_brand","embeddable":true,"href":"https:\/\/fushaco.com\/sq\/wp-json\/wp\/v2\/product_brand?post=32814"},{"taxonomy":"product_cat","embeddable":true,"href":"https:\/\/fushaco.com\/sq\/wp-json\/wp\/v2\/product_cat?post=32814"},{"taxonomy":"product_tag","embeddable":true,"href":"https:\/\/fushaco.com\/sq\/wp-json\/wp\/v2\/product_tag?post=32814"}],"curies":[{"name":"wp","href":"https:\/\/api.w.org\/{rel}","templated":true}]}}