{"id":32830,"date":"2025-12-06T12:28:33","date_gmt":"2025-12-06T12:28:33","guid":{"rendered":"https:\/\/fushaco.com\/?post_type=product&#038;p=32830"},"modified":"2026-03-21T08:57:16","modified_gmt":"2026-03-21T08:57:16","slug":"fush319","status":"publish","type":"product","link":"https:\/\/fushaco.com\/sq\/produkt\/fush319\/","title":{"rendered":"Trotinet Superman &#8211; FUSH319"},"content":{"rendered":"<p data-start=\"420\" data-end=\"772\">\u2714 <strong data-start=\"422\" data-end=\"448\">Doreza antirr\u00ebshqit\u00ebse<\/strong> me dizajn Superman p\u00ebr kontroll maksimal<br data-start=\"489\" data-end=\"492\" \/>\u2714 <strong data-start=\"494\" data-end=\"518\">Rrota t\u00eb q\u00ebndrueshme<\/strong> p\u00ebr l\u00ebvizje t\u00eb leht\u00eb dhe t\u00eb but\u00eb<br data-start=\"551\" data-end=\"554\" \/>\u2714 <strong data-start=\"556\" data-end=\"580\">Platform\u00eb e dekoruar<\/strong> me grafik\u00eb t\u00eb Superman-it p\u00ebr nj\u00eb pamje mbres\u00ebl\u00ebn\u00ebse<br data-start=\"633\" data-end=\"636\" \/>\u2714 <strong data-start=\"638\" data-end=\"665\">Sistem frenimi t\u00eb pasm\u00eb<\/strong> p\u00ebr siguri t\u00eb lart\u00eb gjat\u00eb p\u00ebrdorimit<br data-start=\"702\" data-end=\"705\" \/>\u2714 I p\u00ebrshtatsh\u00ebm p\u00ebr p\u00ebrdorim n\u00eb ambiente t\u00eb jashtme dhe t\u00eb sheshta<\/p>\n<p data-start=\"774\" data-end=\"913\">Ky skuter kombinon q\u00ebndrueshm\u00ebri, komoditet dhe dizajn heroik\u2014i p\u00ebrsosur p\u00ebr \u00e7do vog\u00eblush q\u00eb d\u00ebshiron t\u00eb ndihet si nj\u00eb super hero \u00e7do dit\u00eb!<\/p>","protected":false},"excerpt":{"rendered":"<h3 data-section-id=\"kynuuk\" data-start=\"87\" data-end=\"135\">Trotinet p\u00ebr F\u00ebmij\u00eb me 3 Rrota (5\u201310 Vje\u00e7)<\/h3>\n<p>Ky <strong data-start=\"133\" data-end=\"170\">skuter fantastik me tem\u00eb Superman<\/strong> \u00ebsht\u00eb zgjedhja perfekte p\u00ebr f\u00ebmij\u00ebt q\u00eb adhurojn\u00eb superheronjt\u00eb dhe duan t\u00eb l\u00ebvizin me stil. Me ngjyrat karakteristike <strong data-start=\"289\" data-end=\"308\">blu dhe t\u00eb kuqe<\/strong>, si dhe logon ikonike t\u00eb Superman-it n\u00eb pjes\u00ebn e p\u00ebrparme, ky skuter ofron arg\u00ebtim dhe siguri n\u00eb \u00e7do l\u00ebvizje.<\/p>","protected":false},"featured_media":32831,"template":"","meta":[],"product_brand":[],"product_cat":[344],"product_tag":[],"class_list":{"0":"post-32830","1":"product","2":"type-product","3":"status-publish","4":"has-post-thumbnail","6":"product_cat-trotineta","8":"first","9":"instock","10":"sale","11":"taxable","12":"shipping-taxable","13":"purchasable","14":"product-type-simple"},"group_of_quantity":0,"min_quantity":0,"max_quantity":"","exclude_order_quantity_value_rules":"no","exclude_category_quantity_rules":"no","combine_variations":"no","jetpack_sharing_enabled":true,"_links":{"self":[{"href":"https:\/\/fushaco.com\/sq\/wp-json\/wp\/v2\/product\/32830","targetHints":{"allow":["GET"]}}],"collection":[{"href":"https:\/\/fushaco.com\/sq\/wp-json\/wp\/v2\/product"}],"about":[{"href":"https:\/\/fushaco.com\/sq\/wp-json\/wp\/v2\/types\/product"}],"version-history":[{"count":4,"href":"https:\/\/fushaco.com\/sq\/wp-json\/wp\/v2\/product\/32830\/revisions"}],"predecessor-version":[{"id":35349,"href":"https:\/\/fushaco.com\/sq\/wp-json\/wp\/v2\/product\/32830\/revisions\/35349"}],"wp:featuredmedia":[{"embeddable":true,"href":"https:\/\/fushaco.com\/sq\/wp-json\/wp\/v2\/media\/32831"}],"wp:attachment":[{"href":"https:\/\/fushaco.com\/sq\/wp-json\/wp\/v2\/media?parent=32830"}],"wp:term":[{"taxonomy":"product_brand","embeddable":true,"href":"https:\/\/fushaco.com\/sq\/wp-json\/wp\/v2\/product_brand?post=32830"},{"taxonomy":"product_cat","embeddable":true,"href":"https:\/\/fushaco.com\/sq\/wp-json\/wp\/v2\/product_cat?post=32830"},{"taxonomy":"product_tag","embeddable":true,"href":"https:\/\/fushaco.com\/sq\/wp-json\/wp\/v2\/product_tag?post=32830"}],"curies":[{"name":"wp","href":"https:\/\/api.w.org\/{rel}","templated":true}]}}