{"id":32847,"date":"2025-12-06T12:37:04","date_gmt":"2025-12-06T12:37:04","guid":{"rendered":"https:\/\/fushaco.com\/?post_type=product&#038;p=32847"},"modified":"2026-05-14T16:16:45","modified_gmt":"2026-05-14T16:16:45","slug":"fush326","status":"publish","type":"product","link":"https:\/\/fushaco.com\/sq\/produkt\/fush326\/","title":{"rendered":"Trotinet &#8211; FUSH326"},"content":{"rendered":"<h4 data-start=\"522\" data-end=\"555\"><strong data-start=\"527\" data-end=\"555\">Karakteristikat kryesore<\/strong><\/h4>\n<p data-start=\"556\" data-end=\"1031\">\u2714 <strong data-start=\"558\" data-end=\"580\">Rrota me drita LED<\/strong> \u2013 ndri\u00e7ojn\u00eb automatikisht gjat\u00eb l\u00ebvizjes, duke krijuar efekt shum\u00eb t\u00eb dashur p\u00ebr f\u00ebmij\u00ebt<br data-start=\"669\" data-end=\"672\" \/>\u2714 <strong data-start=\"674\" data-end=\"712\">Material i fort\u00eb dhe i q\u00ebndruesh\u00ebm<\/strong>, ideal p\u00ebr p\u00ebrdorim afatgjat\u00eb<br data-start=\"742\" data-end=\"745\" \/>\u2714 <strong data-start=\"747\" data-end=\"781\">Platform\u00eb e gjer\u00eb dhe e sigurt<\/strong> me dizajn arg\u00ebtues p\u00ebr f\u00ebmij\u00eb<br data-start=\"811\" data-end=\"814\" \/>\u2714 <strong data-start=\"816\" data-end=\"842\" data-is-only-node=\"\">Doreza antirr\u00ebshqit\u00ebse<\/strong> t\u00eb dizajnuara p\u00ebr kapje t\u00eb fort\u00eb dhe komode<br data-start=\"886\" data-end=\"889\" \/>\u2714 <strong data-start=\"891\" data-end=\"916\">Timon i rregulluesh\u00ebm<\/strong>, p\u00ebr t\u2019u p\u00ebrshtatur me rritjen e f\u00ebmij\u00ebs<br data-start=\"957\" data-end=\"960\" \/>\u2714 <strong data-start=\"962\" data-end=\"997\">3 rrota p\u00ebr stabilitet maksimal<\/strong>, t\u00eb p\u00ebrshtatshme p\u00ebr fillestar\u00eb<\/p>\n<p data-start=\"1033\" data-end=\"1261\">Me ngjyra t\u00eb bukura, ilustrime t\u00eb dashura p\u00ebr f\u00ebmij\u00eb dhe drita LED q\u00eb i japin nj\u00eb efekt magjik gjat\u00eb vozitjes, k\u00ebto modele jan\u00eb perfekte si <strong data-start=\"1173\" data-end=\"1184\">dhurat\u00eb<\/strong>, si lod\u00ebr edukative dhe si mjet p\u00ebr zhvillimin e ekuilibrit dhe koordinimit.<\/p>","protected":false},"excerpt":{"rendered":"<p>K\u00ebta skuter\u00eb t\u00eb mrekulluesh\u00ebm p\u00ebr f\u00ebmij\u00eb, t\u00eb disponuesh\u00ebm n\u00eb ngjyr\u00eb <strong data-start=\"269\" data-end=\"276\">blu<\/strong> dhe <strong data-start=\"281\" data-end=\"289\">roz\u00eb<\/strong>, jan\u00eb krijuar p\u00ebr t\u00eb sjell\u00eb arg\u00ebtim, siguri dhe zhvillim t\u00eb ekuilibrit tek m\u00eb t\u00eb vegjlit. Me nj\u00eb dizajn t\u00eb \u00ebmb\u00ebl dhe ngjyra t\u00eb gjalla, skuter\u00ebt jan\u00eb zgjedhja ideale p\u00ebr l\u00ebvizje t\u00eb p\u00ebrditshme n\u00eb park, oborr apo ambiente t\u00eb sheshta.<\/p>","protected":false},"featured_media":32848,"template":"","meta":[],"product_brand":[],"product_cat":[344],"product_tag":[],"class_list":{"0":"post-32847","1":"product","2":"type-product","3":"status-publish","4":"has-post-thumbnail","6":"product_cat-trotineta","8":"first","9":"instock","10":"sale","11":"taxable","12":"shipping-taxable","13":"purchasable","14":"product-type-variable","15":"has-default-attributes"},"group_of_quantity":0,"min_quantity":0,"max_quantity":"","exclude_order_quantity_value_rules":"no","exclude_category_quantity_rules":"no","combine_variations":"no","jetpack_sharing_enabled":true,"_links":{"self":[{"href":"https:\/\/fushaco.com\/sq\/wp-json\/wp\/v2\/product\/32847","targetHints":{"allow":["GET"]}}],"collection":[{"href":"https:\/\/fushaco.com\/sq\/wp-json\/wp\/v2\/product"}],"about":[{"href":"https:\/\/fushaco.com\/sq\/wp-json\/wp\/v2\/types\/product"}],"version-history":[{"count":2,"href":"https:\/\/fushaco.com\/sq\/wp-json\/wp\/v2\/product\/32847\/revisions"}],"predecessor-version":[{"id":33033,"href":"https:\/\/fushaco.com\/sq\/wp-json\/wp\/v2\/product\/32847\/revisions\/33033"}],"wp:featuredmedia":[{"embeddable":true,"href":"https:\/\/fushaco.com\/sq\/wp-json\/wp\/v2\/media\/32848"}],"wp:attachment":[{"href":"https:\/\/fushaco.com\/sq\/wp-json\/wp\/v2\/media?parent=32847"}],"wp:term":[{"taxonomy":"product_brand","embeddable":true,"href":"https:\/\/fushaco.com\/sq\/wp-json\/wp\/v2\/product_brand?post=32847"},{"taxonomy":"product_cat","embeddable":true,"href":"https:\/\/fushaco.com\/sq\/wp-json\/wp\/v2\/product_cat?post=32847"},{"taxonomy":"product_tag","embeddable":true,"href":"https:\/\/fushaco.com\/sq\/wp-json\/wp\/v2\/product_tag?post=32847"}],"curies":[{"name":"wp","href":"https:\/\/api.w.org\/{rel}","templated":true}]}}