{"id":32853,"date":"2025-12-06T12:42:13","date_gmt":"2025-12-06T12:42:13","guid":{"rendered":"https:\/\/fushaco.com\/?post_type=product&#038;p=32853"},"modified":"2026-05-07T11:06:40","modified_gmt":"2026-05-07T11:06:40","slug":"fush327","status":"publish","type":"product","link":"https:\/\/fushaco.com\/sq\/produkt\/fush327\/","title":{"rendered":"Trotinet &#8211; FUSH327"},"content":{"rendered":"<h4 data-start=\"816\" data-end=\"849\"><strong data-start=\"821\" data-end=\"849\">Karakteristikat kryesore<\/strong><\/h4>\n<p data-start=\"850\" data-end=\"1446\">\u2714 <strong data-start=\"852\" data-end=\"891\">Drit\u00eb LED shum\u00ebngjyr\u00ebshe<\/strong>\u00a0n\u00eb pjes\u00ebn e p\u00ebrparme \u2013 efekti i ve\u00e7ant\u00eb i drit\u00ebs e b\u00ebn skuterin edhe m\u00eb arg\u00ebtues dhe lejon dukshm\u00ebri m\u00eb t\u00eb mir\u00eb n\u00eb err\u00ebsir\u00eb<br data-start=\"1015\" data-end=\"1018\" \/>\u2714 <strong data-start=\"1020\" data-end=\"1033\">Rrota LED<\/strong> me drita t\u00eb integruara q\u00eb ndri\u00e7ojn\u00eb gjat\u00eb ecjes<br data-start=\"1081\" data-end=\"1084\" \/>\u2714 <strong data-start=\"1086\" data-end=\"1111\">Timon i rregulluesh\u00ebm<\/strong>, i p\u00ebrshtatur p\u00ebr moshat e ndryshme<br data-start=\"1147\" data-end=\"1150\" \/>\u2714 <strong data-start=\"1152\" data-end=\"1178\">Doreza antirr\u00ebshqit\u00ebse<\/strong> p\u00ebr komoditet dhe kontroll maksimal<br data-start=\"1214\" data-end=\"1217\" data-is-only-node=\"\" \/>\u2714 <strong data-start=\"1219\" data-end=\"1254\">3 rrota p\u00ebr stabilitet t\u00eb lart\u00eb<\/strong>, t\u00eb p\u00ebrshtatshme p\u00ebr f\u00ebmij\u00ebt fillestar\u00eb<br data-start=\"1294\" data-end=\"1297\" \/>\u2714 <strong data-start=\"1299\" data-end=\"1331\">Material i fort\u00eb dhe i leht\u00eb<\/strong>, i dizajnuar p\u00ebr p\u00ebrdorim afatgjat\u00eb<br data-start=\"1367\" data-end=\"1370\" \/>\u2714 <strong data-start=\"1372\" data-end=\"1394\">Platform\u00eb e sigurt<\/strong>, e gjer\u00eb dhe e rehatshme p\u00ebr l\u00ebvizje t\u00eb balancuar<\/p>\n<p data-start=\"1448\" data-end=\"1680\">Ngjyrat e tyre t\u00eb ndezura dhe dritat LED i kthejn\u00eb k\u00ebta skuter\u00eb n\u00eb zgjedhjen perfekte p\u00ebr dhurata, dit\u00eblindje apo p\u00ebrdorim t\u00eb p\u00ebrditsh\u00ebm. Ideale p\u00ebr t\u2019i ndihmuar f\u00ebmij\u00ebt t\u00eb zhvillojn\u00eb koordinimin, ekuilibrin dhe sigurin\u00eb n\u00eb l\u00ebvizje.<\/p>","protected":false},"excerpt":{"rendered":"<p data-start=\"286\" data-end=\"625\">K\u00ebta skuter\u00eb premium p\u00ebr f\u00ebmij\u00eb vijn\u00eb n\u00eb kat\u00ebr ngjyra t\u00eb mrekullueshme \u2013 <strong data-start=\"359\" data-end=\"404\">bardh\u00eb, portokalli<\/strong>\u00a0\u2013 duke ofruar stil, siguri dhe arg\u00ebtim maksimal p\u00ebr \u00e7do vog\u00eblush. T\u00eb projektuar me materiale t\u00eb forta dhe t\u00eb q\u00ebndrueshme, skuter\u00ebt jan\u00eb ideal\u00eb p\u00ebr p\u00ebrdorim t\u00eb p\u00ebrditsh\u00ebm si n\u00eb ambiente t\u00eb jashtme ashtu edhe t\u00eb brendshme.<\/p>\n<p data-start=\"627\" data-end=\"814\">Ajo q\u00eb e b\u00ebn k\u00ebt\u00eb seri unike \u00ebsht\u00eb <strong data-start=\"662\" data-end=\"722\">drita LED shum\u00ebngjyr\u00ebshe n\u00eb pjes\u00ebn e p\u00ebrparme (4 ngjyra)<\/strong>, e cila aktivizohet gjat\u00eb l\u00ebvizjes dhe krijon nj\u00eb efekt spektakolar q\u00eb f\u00ebmij\u00ebt e adhurojn\u00eb.<\/p>","protected":false},"featured_media":32854,"template":"","meta":[],"product_brand":[],"product_cat":[344],"product_tag":[],"class_list":{"0":"post-32853","1":"product","2":"type-product","3":"status-publish","4":"has-post-thumbnail","6":"product_cat-trotineta","8":"first","9":"instock","10":"sale","11":"taxable","12":"shipping-taxable","13":"purchasable","14":"product-type-variable","15":"has-default-attributes"},"group_of_quantity":0,"min_quantity":0,"max_quantity":"","exclude_order_quantity_value_rules":"no","exclude_category_quantity_rules":"no","combine_variations":"no","jetpack_sharing_enabled":true,"_links":{"self":[{"href":"https:\/\/fushaco.com\/sq\/wp-json\/wp\/v2\/product\/32853","targetHints":{"allow":["GET"]}}],"collection":[{"href":"https:\/\/fushaco.com\/sq\/wp-json\/wp\/v2\/product"}],"about":[{"href":"https:\/\/fushaco.com\/sq\/wp-json\/wp\/v2\/types\/product"}],"version-history":[{"count":3,"href":"https:\/\/fushaco.com\/sq\/wp-json\/wp\/v2\/product\/32853\/revisions"}],"predecessor-version":[{"id":35821,"href":"https:\/\/fushaco.com\/sq\/wp-json\/wp\/v2\/product\/32853\/revisions\/35821"}],"wp:featuredmedia":[{"embeddable":true,"href":"https:\/\/fushaco.com\/sq\/wp-json\/wp\/v2\/media\/32854"}],"wp:attachment":[{"href":"https:\/\/fushaco.com\/sq\/wp-json\/wp\/v2\/media?parent=32853"}],"wp:term":[{"taxonomy":"product_brand","embeddable":true,"href":"https:\/\/fushaco.com\/sq\/wp-json\/wp\/v2\/product_brand?post=32853"},{"taxonomy":"product_cat","embeddable":true,"href":"https:\/\/fushaco.com\/sq\/wp-json\/wp\/v2\/product_cat?post=32853"},{"taxonomy":"product_tag","embeddable":true,"href":"https:\/\/fushaco.com\/sq\/wp-json\/wp\/v2\/product_tag?post=32853"}],"curies":[{"name":"wp","href":"https:\/\/api.w.org\/{rel}","templated":true}]}}