{"id":33188,"date":"2025-12-18T10:17:53","date_gmt":"2025-12-18T10:17:53","guid":{"rendered":"https:\/\/fushaco.com\/?post_type=product&#038;p=33188"},"modified":"2026-03-21T08:55:56","modified_gmt":"2026-03-21T08:55:56","slug":"trotinet-fush311","status":"publish","type":"product","link":"https:\/\/fushaco.com\/sq\/produkt\/trotinet-fush311\/","title":{"rendered":"Trotinet p\u00ebr f\u00ebmij\u00eb &#8211; FUSH311"},"content":{"rendered":"","protected":false},"excerpt":{"rendered":"<p data-start=\"135\" data-end=\"360\">Ky trotinet modern p\u00ebr f\u00ebmij\u00eb \u00ebsht\u00eb dizajnuar p\u00ebr t\u00eb ofruar stabilitet maksimal dhe k\u00ebnaq\u00ebsi gjat\u00eb p\u00ebrdorimit. Me 3 rrota t\u00eb forta dhe baz\u00eb t\u00eb q\u00ebndrueshme, \u00ebsht\u00eb ideal p\u00ebr f\u00ebmij\u00ebt q\u00eb po m\u00ebsojn\u00eb t\u00eb l\u00ebvizin n\u00eb m\u00ebnyr\u00eb t\u00eb sigurt.<\/p>\n<p data-start=\"362\" data-end=\"721\">\u2714\ufe0f <strong data-start=\"365\" data-end=\"385\">Dizajn ergonomik<\/strong> \u2013 timoni i rehatsh\u00ebm p\u00ebr kontroll t\u00eb leht\u00eb<br data-start=\"428\" data-end=\"431\" \/>\u2714\ufe0f <strong data-start=\"434\" data-end=\"460\">3 rrota p\u00ebr stabilitet<\/strong> \u2013 ndihmon n\u00eb balanc\u00eb dhe siguri m\u00eb t\u00eb madhe<br data-start=\"504\" data-end=\"507\" \/>\u2714\ufe0f <strong data-start=\"510\" data-end=\"530\">Material cil\u00ebsor<\/strong> \u2013 i q\u00ebndruesh\u00ebm dhe rezistent p\u00ebr p\u00ebrdorim t\u00eb p\u00ebrditsh\u00ebm<br data-start=\"587\" data-end=\"590\" \/>\u2714\ufe0f <strong data-start=\"593\" data-end=\"616\">I leht\u00eb dhe praktik<\/strong> \u2013 transportohet dhe ruhet leht\u00ebsisht<br data-start=\"653\" data-end=\"656\" \/>\u2714\ufe0f <strong data-start=\"659\" data-end=\"693\">Ngjyra t\u00eb bukura dhe t\u00ebrheq\u00ebse<\/strong> \u2013 i preferuar nga f\u00ebmij\u00ebt<\/p>","protected":false},"featured_media":33190,"template":"","meta":[],"product_brand":[],"product_cat":[344],"product_tag":[],"class_list":{"0":"post-33188","1":"product","2":"type-product","3":"status-publish","4":"has-post-thumbnail","6":"product_cat-trotineta","8":"first","9":"instock","10":"sale","11":"taxable","12":"shipping-taxable","13":"purchasable","14":"product-type-variable"},"group_of_quantity":0,"min_quantity":0,"max_quantity":"","exclude_order_quantity_value_rules":"no","exclude_category_quantity_rules":"no","combine_variations":"no","jetpack_sharing_enabled":true,"_links":{"self":[{"href":"https:\/\/fushaco.com\/sq\/wp-json\/wp\/v2\/product\/33188","targetHints":{"allow":["GET"]}}],"collection":[{"href":"https:\/\/fushaco.com\/sq\/wp-json\/wp\/v2\/product"}],"about":[{"href":"https:\/\/fushaco.com\/sq\/wp-json\/wp\/v2\/types\/product"}],"version-history":[{"count":2,"href":"https:\/\/fushaco.com\/sq\/wp-json\/wp\/v2\/product\/33188\/revisions"}],"predecessor-version":[{"id":35347,"href":"https:\/\/fushaco.com\/sq\/wp-json\/wp\/v2\/product\/33188\/revisions\/35347"}],"wp:featuredmedia":[{"embeddable":true,"href":"https:\/\/fushaco.com\/sq\/wp-json\/wp\/v2\/media\/33190"}],"wp:attachment":[{"href":"https:\/\/fushaco.com\/sq\/wp-json\/wp\/v2\/media?parent=33188"}],"wp:term":[{"taxonomy":"product_brand","embeddable":true,"href":"https:\/\/fushaco.com\/sq\/wp-json\/wp\/v2\/product_brand?post=33188"},{"taxonomy":"product_cat","embeddable":true,"href":"https:\/\/fushaco.com\/sq\/wp-json\/wp\/v2\/product_cat?post=33188"},{"taxonomy":"product_tag","embeddable":true,"href":"https:\/\/fushaco.com\/sq\/wp-json\/wp\/v2\/product_tag?post=33188"}],"curies":[{"name":"wp","href":"https:\/\/api.w.org\/{rel}","templated":true}]}}