{"id":33207,"date":"2025-12-18T10:26:34","date_gmt":"2025-12-18T10:26:34","guid":{"rendered":"https:\/\/fushaco.com\/?post_type=product&#038;p=33207"},"modified":"2026-03-28T15:08:40","modified_gmt":"2026-03-28T15:08:40","slug":"trotinet-fush323","status":"publish","type":"product","link":"https:\/\/fushaco.com\/sq\/produkt\/trotinet-fush323\/","title":{"rendered":"Trotinet Disney M &#8211;  FUSH323"},"content":{"rendered":"","protected":false},"excerpt":{"rendered":"<h3 data-section-id=\"kynuuk\" data-start=\"87\" data-end=\"135\">Trotinet p\u00ebr F\u00ebmij\u00eb me 3 Rrota (2\u20136 Vje\u00e7)<\/h3>\n<p data-start=\"137\" data-end=\"361\">Trotineti p\u00ebr f\u00ebmij\u00eb \u00ebsht\u00eb zgjedhja perfekte p\u00ebr arg\u00ebtim dhe aktivitet fizik p\u00ebr m\u00eb t\u00eb vegjlit. I dizajnuar p\u00ebr stabilitet dhe siguri, ky trotinet me <strong data-start=\"287\" data-end=\"298\">3 rrota<\/strong> ndihmon f\u00ebmij\u00ebt t\u00eb m\u00ebsojn\u00eb balanc\u00ebn dhe t\u00eb l\u00ebvizin me leht\u00ebsi.<\/p>\n<p data-start=\"363\" data-end=\"394\">\u2728 <strong data-start=\"365\" data-end=\"394\">Karakteristikat kryesore:<\/strong><\/p>\n<ul data-start=\"396\" data-end=\"730\">\n<li data-section-id=\"105z2m0\" data-start=\"396\" data-end=\"451\">\n<p data-start=\"398\" data-end=\"451\">\u2714\ufe0f I p\u00ebrshtatsh\u00ebm p\u00ebr f\u00ebmij\u00eb <strong data-start=\"427\" data-end=\"451\">nga 2 deri n\u00eb 6 vje\u00e7<\/strong><\/p>\n<\/li>\n<li data-section-id=\"1itnxtr\" data-start=\"452\" data-end=\"501\">\n<p data-start=\"454\" data-end=\"501\">\u2714\ufe0f <strong data-start=\"457\" data-end=\"476\">3 rrota stabile<\/strong> p\u00ebr ekuilib\u00ebr m\u00eb t\u00eb mir\u00eb<\/p>\n<\/li>\n<li data-section-id=\"1evvi3p\" data-start=\"502\" data-end=\"548\">\n<p data-start=\"504\" data-end=\"548\">\u2714\ufe0f <strong data-start=\"507\" data-end=\"533\">Rrota LED q\u00eb ndri\u00e7ojn\u00eb<\/strong> gjat\u00eb l\u00ebvizjes<\/p>\n<\/li>\n<li data-section-id=\"1qxzq87\" data-start=\"549\" data-end=\"591\">\n<p data-start=\"551\" data-end=\"591\">\u2714\ufe0f <strong data-start=\"554\" data-end=\"591\">Timoni i rregulluesh\u00ebm n\u00eb lart\u00ebsi<\/strong><\/p>\n<\/li>\n<li data-section-id=\"joabya\" data-start=\"592\" data-end=\"637\">\n<p data-start=\"594\" data-end=\"637\">\u2714\ufe0f Platform\u00eb e fort\u00eb dhe kund\u00ebr rr\u00ebshqitjes<\/p>\n<\/li>\n<li data-section-id=\"1bd5bdn\" data-start=\"638\" data-end=\"690\">\n<p data-start=\"640\" data-end=\"690\">\u2714\ufe0f Dizajne shum\u00ebngjyr\u00ebshe me personazhe p\u00ebr f\u00ebmij\u00eb<\/p>\n<\/li>\n<li data-section-id=\"1uhlsz8\" data-start=\"691\" data-end=\"730\">\n<p data-start=\"693\" data-end=\"730\">\u2714\ufe0f Material cil\u00ebsor dhe i q\u00ebndruesh\u00ebm<\/p>\n<\/li>\n<\/ul>\n<p data-start=\"732\" data-end=\"812\">\ud83c\udfa8 <strong data-start=\"735\" data-end=\"772\">Ngjyra t\u00eb ndryshme n\u00eb dispozicion<\/strong><br data-start=\"772\" data-end=\"775\" \/>\ud83d\udede Rrota t\u00eb forta p\u00ebr l\u00ebvizje t\u00eb qet\u00eb<\/p>","protected":false},"featured_media":35239,"template":"","meta":[],"product_brand":[],"product_cat":[344],"product_tag":[],"class_list":{"0":"post-33207","1":"product","2":"type-product","3":"status-publish","4":"has-post-thumbnail","6":"product_cat-trotineta","8":"first","9":"instock","10":"sale","11":"taxable","12":"shipping-taxable","13":"purchasable","14":"product-type-variable","15":"has-default-attributes"},"group_of_quantity":0,"min_quantity":0,"max_quantity":"","exclude_order_quantity_value_rules":"no","exclude_category_quantity_rules":"no","combine_variations":"no","jetpack_sharing_enabled":true,"_links":{"self":[{"href":"https:\/\/fushaco.com\/sq\/wp-json\/wp\/v2\/product\/33207","targetHints":{"allow":["GET"]}}],"collection":[{"href":"https:\/\/fushaco.com\/sq\/wp-json\/wp\/v2\/product"}],"about":[{"href":"https:\/\/fushaco.com\/sq\/wp-json\/wp\/v2\/types\/product"}],"version-history":[{"count":4,"href":"https:\/\/fushaco.com\/sq\/wp-json\/wp\/v2\/product\/33207\/revisions"}],"predecessor-version":[{"id":35485,"href":"https:\/\/fushaco.com\/sq\/wp-json\/wp\/v2\/product\/33207\/revisions\/35485"}],"wp:featuredmedia":[{"embeddable":true,"href":"https:\/\/fushaco.com\/sq\/wp-json\/wp\/v2\/media\/35239"}],"wp:attachment":[{"href":"https:\/\/fushaco.com\/sq\/wp-json\/wp\/v2\/media?parent=33207"}],"wp:term":[{"taxonomy":"product_brand","embeddable":true,"href":"https:\/\/fushaco.com\/sq\/wp-json\/wp\/v2\/product_brand?post=33207"},{"taxonomy":"product_cat","embeddable":true,"href":"https:\/\/fushaco.com\/sq\/wp-json\/wp\/v2\/product_cat?post=33207"},{"taxonomy":"product_tag","embeddable":true,"href":"https:\/\/fushaco.com\/sq\/wp-json\/wp\/v2\/product_tag?post=33207"}],"curies":[{"name":"wp","href":"https:\/\/api.w.org\/{rel}","templated":true}]}}