{"id":33215,"date":"2025-12-18T10:29:19","date_gmt":"2025-12-18T10:29:19","guid":{"rendered":"https:\/\/fushaco.com\/?post_type=product&#038;p=33215"},"modified":"2026-05-13T08:38:54","modified_gmt":"2026-05-13T08:38:54","slug":"trotinet-fush324","status":"publish","type":"product","link":"https:\/\/fushaco.com\/sq\/produkt\/trotinet-fush324\/","title":{"rendered":"Trotinet &#8211; FUSH324"},"content":{"rendered":"","protected":false},"excerpt":{"rendered":"<h3 data-section-id=\"1g03bqi\" data-start=\"102\" data-end=\"153\">\ud83d\udef4 Trotinet p\u00ebr F\u00ebmij\u00eb me 3 Rrota dhe Drita LED<\/h3>\n<p data-start=\"155\" data-end=\"375\">Trotineti p\u00ebr f\u00ebmij\u00eb \u00ebsht\u00eb perfekt p\u00ebr arg\u00ebtim dhe aktivitet fizik p\u00ebr m\u00eb t\u00eb vegjlit. I dizajnuar p\u00ebr <strong data-start=\"257\" data-end=\"282\">stabilitet dhe siguri<\/strong>, ky trotinet me 3 rrota ndihmon f\u00ebmij\u00ebt t\u00eb m\u00ebsojn\u00eb balanc\u00ebn dhe t\u00eb shijojn\u00eb loj\u00ebn n\u00eb natyr\u00eb.<\/p>\n<p data-start=\"377\" data-end=\"408\">\u2728 <strong data-start=\"379\" data-end=\"408\">Karakteristikat kryesore:<\/strong><\/p>\n<ul data-start=\"410\" data-end=\"743\">\n<li data-section-id=\"1nat8y0\" data-start=\"410\" data-end=\"465\">\n<p data-start=\"412\" data-end=\"465\">\ud83d\udc76 I p\u00ebrshtatsh\u00ebm p\u00ebr f\u00ebmij\u00eb <strong data-start=\"441\" data-end=\"465\">nga 2 deri n\u00eb 6 vje\u00e7<\/strong><\/p>\n<\/li>\n<li data-section-id=\"1sc00oz\" data-start=\"466\" data-end=\"513\">\n<p data-start=\"468\" data-end=\"513\">\ud83d\udede <strong data-start=\"471\" data-end=\"490\">3 rrota stabile<\/strong> p\u00ebr balanc\u00eb m\u00eb t\u00eb mir\u00eb<\/p>\n<\/li>\n<li data-section-id=\"11ret54\" data-start=\"514\" data-end=\"569\">\n<p data-start=\"516\" data-end=\"569\">\ud83c\udf08 <strong data-start=\"519\" data-end=\"541\">Rrota me drita LED<\/strong> q\u00eb ndri\u00e7ojn\u00eb gjat\u00eb l\u00ebvizjes<\/p>\n<\/li>\n<li data-section-id=\"14e9qry\" data-start=\"570\" data-end=\"612\">\n<p data-start=\"572\" data-end=\"612\">\ud83d\udccf <strong data-start=\"575\" data-end=\"612\">Timoni i rregulluesh\u00ebm n\u00eb lart\u00ebsi<\/strong><\/p>\n<\/li>\n<li data-section-id=\"123wlno\" data-start=\"613\" data-end=\"662\">\n<p data-start=\"615\" data-end=\"662\">\ud83e\uddb6 Platform\u00eb e gjer\u00eb dhe <strong data-start=\"640\" data-end=\"662\">kund\u00ebr rr\u00ebshqitjes<\/strong><\/p>\n<\/li>\n<li data-section-id=\"15x7wav\" data-start=\"663\" data-end=\"709\">\n<p data-start=\"665\" data-end=\"709\">\ud83c\udfa8 Dizajne dhe ngjyra t\u00eb ndryshme p\u00ebr f\u00ebmij\u00eb<\/p>\n<\/li>\n<li data-section-id=\"1tb7a7n\" data-start=\"710\" data-end=\"743\">\n<p data-start=\"712\" data-end=\"743\">\ud83d\udcaa Material i fort\u00eb dhe cil\u00ebsor<\/p>\n<\/li>\n<\/ul>\n<p data-start=\"745\" data-end=\"917\">Ky trotinet \u00ebsht\u00eb ideal p\u00ebr <strong data-start=\"773\" data-end=\"809\">park, sh\u00ebtitje dhe loj\u00ebra jasht\u00eb<\/strong>, duke ndihmuar f\u00ebmij\u00ebt t\u00eb zhvillojn\u00eb <strong data-start=\"847\" data-end=\"894\">balanc\u00ebn, koordinimin dhe aktivitetin fizik<\/strong> nd\u00ebrkoh\u00eb q\u00eb arg\u00ebtohen.<\/p>","protected":false},"featured_media":35245,"template":"","meta":[],"product_brand":[],"product_cat":[344],"product_tag":[],"class_list":{"0":"post-33215","1":"product","2":"type-product","3":"status-publish","4":"has-post-thumbnail","6":"product_cat-trotineta","8":"first","9":"instock","10":"sale","11":"taxable","12":"shipping-taxable","13":"purchasable","14":"product-type-variable","15":"has-default-attributes"},"group_of_quantity":0,"min_quantity":0,"max_quantity":"","exclude_order_quantity_value_rules":"no","exclude_category_quantity_rules":"no","combine_variations":"no","jetpack_sharing_enabled":true,"_links":{"self":[{"href":"https:\/\/fushaco.com\/sq\/wp-json\/wp\/v2\/product\/33215","targetHints":{"allow":["GET"]}}],"collection":[{"href":"https:\/\/fushaco.com\/sq\/wp-json\/wp\/v2\/product"}],"about":[{"href":"https:\/\/fushaco.com\/sq\/wp-json\/wp\/v2\/types\/product"}],"version-history":[{"count":2,"href":"https:\/\/fushaco.com\/sq\/wp-json\/wp\/v2\/product\/33215\/revisions"}],"predecessor-version":[{"id":35248,"href":"https:\/\/fushaco.com\/sq\/wp-json\/wp\/v2\/product\/33215\/revisions\/35248"}],"wp:featuredmedia":[{"embeddable":true,"href":"https:\/\/fushaco.com\/sq\/wp-json\/wp\/v2\/media\/35245"}],"wp:attachment":[{"href":"https:\/\/fushaco.com\/sq\/wp-json\/wp\/v2\/media?parent=33215"}],"wp:term":[{"taxonomy":"product_brand","embeddable":true,"href":"https:\/\/fushaco.com\/sq\/wp-json\/wp\/v2\/product_brand?post=33215"},{"taxonomy":"product_cat","embeddable":true,"href":"https:\/\/fushaco.com\/sq\/wp-json\/wp\/v2\/product_cat?post=33215"},{"taxonomy":"product_tag","embeddable":true,"href":"https:\/\/fushaco.com\/sq\/wp-json\/wp\/v2\/product_tag?post=33215"}],"curies":[{"name":"wp","href":"https:\/\/api.w.org\/{rel}","templated":true}]}}