{"id":33225,"date":"2025-12-18T10:31:03","date_gmt":"2025-12-18T10:31:03","guid":{"rendered":"https:\/\/fushaco.com\/?post_type=product&#038;p=33225"},"modified":"2026-03-21T08:59:53","modified_gmt":"2026-03-21T08:59:53","slug":"trotinet-fush325","status":"publish","type":"product","link":"https:\/\/fushaco.com\/sq\/produkt\/trotinet-fush325\/","title":{"rendered":"Trotinet Spiderman &#038; Frozen &#8211; FUSH325"},"content":{"rendered":"","protected":false},"excerpt":{"rendered":"<h3 data-section-id=\"kynuuk\" data-start=\"87\" data-end=\"135\">Trotinet p\u00ebr F\u00ebmij\u00eb me 3 Rrota (2\u20133.5 Vje\u00e7)<\/h3>\n<p data-start=\"123\" data-end=\"323\">\nKy skuter i bukur p\u00ebr vajza dhe djem\u00eb \u00ebsht\u00eb perfekt p\u00ebr loj\u00eb dhe arg\u00ebtim n\u00eb natyr\u00eb. Me dizajn modern n\u00eb ngjyr\u00eb <strong data-start=\"224\" data-end=\"232\">roz\u00eb<\/strong> dhe me <strong data-start=\"240\" data-end=\"266\">3 rrota p\u00ebr stabilitet<\/strong>, \u00ebsht\u00eb ideal p\u00ebr f\u00ebmij\u00ebt q\u00eb po m\u00ebsojn\u00eb t\u00eb ngasin skuter.<\/p>\n<p data-start=\"325\" data-end=\"469\">Rrotat transparente jan\u00eb t\u00eb pajisura me <strong data-start=\"365\" data-end=\"393\">drita LED shum\u00ebngjyr\u00ebshe<\/strong> q\u00eb ndizen gjat\u00eb l\u00ebvizjes dhe e b\u00ebjn\u00eb skuterin edhe m\u00eb t\u00ebrheq\u00ebs p\u00ebr f\u00ebmij\u00ebt.<\/p>\n<p data-start=\"471\" data-end=\"500\"><strong data-start=\"471\" data-end=\"500\">Karakteristikat kryesore:<\/strong><\/p>\n<ul data-start=\"502\" data-end=\"787\">\n<li data-section-id=\"1incufp\" data-start=\"502\" data-end=\"544\">\n<p data-start=\"504\" data-end=\"544\">\ud83d\udef4 <strong data-start=\"507\" data-end=\"544\">3 rrota p\u00ebr stabilitet m\u00eb t\u00eb madh<\/strong><\/p>\n<\/li>\n<li data-section-id=\"4z3ong\" data-start=\"545\" data-end=\"599\">\n<p data-start=\"547\" data-end=\"599\">\ud83c\udf08 <strong data-start=\"550\" data-end=\"572\">Rrota me drita LED<\/strong> q\u00eb ndizen gjat\u00eb l\u00ebvizjes<\/p>\n<\/li>\n<li data-section-id=\"l2nuzq\" data-start=\"600\" data-end=\"644\">\n<p data-start=\"602\" data-end=\"644\">\ud83d\udd27 <strong data-start=\"605\" data-end=\"642\">Timoni i rregulluesh\u00ebm n\u00eb lart\u00ebsi<\/strong><\/p>\n<\/li>\n<li data-section-id=\"q0whfx\" data-start=\"645\" data-end=\"692\">\n<p data-start=\"647\" data-end=\"692\">\ud83e\uddb6 <strong data-start=\"650\" data-end=\"690\">Platform\u00eb e gjer\u00eb kund\u00ebr rr\u00ebshqitjes<\/strong><\/p>\n<\/li>\n<li data-section-id=\"1ljlvac\" data-start=\"693\" data-end=\"738\">\n<p data-start=\"695\" data-end=\"738\">\ud83d\uded1 <strong data-start=\"698\" data-end=\"736\">Fren\u00eb e pasme p\u00ebr ndalim t\u00eb sigurt<\/strong><\/p>\n<\/li>\n<\/ul>\n<p data-start=\"789\" data-end=\"934\">Ky skuter ndihmon n\u00eb zhvillimin e <strong data-start=\"823\" data-end=\"870\">balanc\u00ebs, koordinimit dhe aktivitetit fizik<\/strong>, duke e b\u00ebr\u00eb loj\u00ebn m\u00eb arg\u00ebtuese dhe t\u00eb sh\u00ebndetshme p\u00ebr f\u00ebmij\u00ebt.<\/p>","protected":false},"featured_media":35185,"template":"","meta":[],"product_brand":[],"product_cat":[344],"product_tag":[],"class_list":{"0":"post-33225","1":"product","2":"type-product","3":"status-publish","4":"has-post-thumbnail","6":"product_cat-trotineta","8":"first","9":"instock","10":"sale","11":"taxable","12":"shipping-taxable","13":"purchasable","14":"product-type-variable","15":"has-default-attributes"},"group_of_quantity":0,"min_quantity":0,"max_quantity":"","exclude_order_quantity_value_rules":"no","exclude_category_quantity_rules":"no","combine_variations":"no","jetpack_sharing_enabled":true,"_links":{"self":[{"href":"https:\/\/fushaco.com\/sq\/wp-json\/wp\/v2\/product\/33225","targetHints":{"allow":["GET"]}}],"collection":[{"href":"https:\/\/fushaco.com\/sq\/wp-json\/wp\/v2\/product"}],"about":[{"href":"https:\/\/fushaco.com\/sq\/wp-json\/wp\/v2\/types\/product"}],"version-history":[{"count":3,"href":"https:\/\/fushaco.com\/sq\/wp-json\/wp\/v2\/product\/33225\/revisions"}],"predecessor-version":[{"id":35352,"href":"https:\/\/fushaco.com\/sq\/wp-json\/wp\/v2\/product\/33225\/revisions\/35352"}],"wp:featuredmedia":[{"embeddable":true,"href":"https:\/\/fushaco.com\/sq\/wp-json\/wp\/v2\/media\/35185"}],"wp:attachment":[{"href":"https:\/\/fushaco.com\/sq\/wp-json\/wp\/v2\/media?parent=33225"}],"wp:term":[{"taxonomy":"product_brand","embeddable":true,"href":"https:\/\/fushaco.com\/sq\/wp-json\/wp\/v2\/product_brand?post=33225"},{"taxonomy":"product_cat","embeddable":true,"href":"https:\/\/fushaco.com\/sq\/wp-json\/wp\/v2\/product_cat?post=33225"},{"taxonomy":"product_tag","embeddable":true,"href":"https:\/\/fushaco.com\/sq\/wp-json\/wp\/v2\/product_tag?post=33225"}],"curies":[{"name":"wp","href":"https:\/\/api.w.org\/{rel}","templated":true}]}}