{"id":33528,"date":"2025-12-20T08:47:02","date_gmt":"2025-12-20T08:47:02","guid":{"rendered":"https:\/\/fushaco.com\/?post_type=product&#038;p=33528"},"modified":"2026-01-29T21:32:10","modified_gmt":"2026-01-29T21:32:10","slug":"arush-pellushi-fush207","status":"publish","type":"product","link":"https:\/\/fushaco.com\/sq\/produkt\/arush-pellushi-fush207\/","title":{"rendered":"Arush Pellushi &#8211; FUSH207"},"content":{"rendered":"<p class=\"_aupe copyable-text x15bjb6t x1n2onr6\"><span class=\"_aupe copyable-text xkrh14z\">Shprehni ndjenjat tuaja me stil me k\u00ebt\u00eb ari t\u00eb but\u00eb dhe luksoz, simbol i dashuris\u00eb dhe p\u00ebrkujdesjes. Ariu \u00ebsht\u00eb i punuar me material pelushi premium, shum\u00eb i but\u00eb n\u00eb prekje dhe vjen i zbukuruar me nj\u00eb fjongo t\u00eb kuqe elegante, q\u00eb e b\u00ebn dhurat\u00ebn tuaj t\u00eb duket e ve\u00e7ant\u00eb dhe romantike.<\/span><\/p>","protected":false},"excerpt":{"rendered":"<p class=\"_aupe copyable-text x15bjb6t x1n2onr6\"><span class=\"_aupe copyable-text xkrh14z\">Karakteristikat kryesore:<\/span><\/p>\n<p class=\"_aupe copyable-text x15bjb6t x1n2onr6\"><span class=\"_aupe copyable-text xkrh14z\">Pelush shum\u00eb i but\u00eb dhe me cil\u00ebsi t\u00eb lart\u00eb<\/span><\/p>\n<p class=\"_aupe copyable-text x15bjb6t x1n2onr6\"><span class=\"_aupe copyable-text xkrh14z\">Ngjyr\u00eb e kuqe e ndezur \u2013 simbol i dashuris\u00eb<\/span><\/p>\n<p class=\"_aupe copyable-text x15bjb6t x1n2onr6\"><span class=\"_aupe copyable-text xkrh14z\">Fjongo sateni dekorative<\/span><\/p>\n<p class=\"_aupe copyable-text x15bjb6t x1n2onr6\"><span class=\"_aupe copyable-text xkrh14z\">Dizajn i bukur me pamje klasike<\/span><\/p>\n<p class=\"_aupe copyable-text x15bjb6t x1n2onr6\"><span class=\"_aupe copyable-text xkrh14z\">E p\u00ebrshtatshme si dhurat\u00eb p\u00ebr partneren, miqt\u00eb apo familjen<\/span><\/p>\n<p class=\"_aupe copyable-text x15bjb6t x1n2onr6\"><span class=\"_aupe copyable-text xkrh14z\">lartesia &#8211; 70cm<\/span><\/p>","protected":false},"featured_media":31579,"template":"","meta":[],"product_brand":[],"product_cat":[282],"product_tag":[],"class_list":{"0":"post-33528","1":"product","2":"type-product","3":"status-publish","4":"has-post-thumbnail","6":"product_cat-arusha-pelushi","8":"first","9":"instock","10":"sale","11":"taxable","12":"shipping-taxable","13":"purchasable","14":"product-type-variable"},"group_of_quantity":0,"min_quantity":0,"max_quantity":"","exclude_order_quantity_value_rules":"no","exclude_category_quantity_rules":"no","combine_variations":"no","jetpack_sharing_enabled":true,"_links":{"self":[{"href":"https:\/\/fushaco.com\/sq\/wp-json\/wp\/v2\/product\/33528","targetHints":{"allow":["GET"]}}],"collection":[{"href":"https:\/\/fushaco.com\/sq\/wp-json\/wp\/v2\/product"}],"about":[{"href":"https:\/\/fushaco.com\/sq\/wp-json\/wp\/v2\/types\/product"}],"version-history":[{"count":1,"href":"https:\/\/fushaco.com\/sq\/wp-json\/wp\/v2\/product\/33528\/revisions"}],"predecessor-version":[{"id":33529,"href":"https:\/\/fushaco.com\/sq\/wp-json\/wp\/v2\/product\/33528\/revisions\/33529"}],"wp:featuredmedia":[{"embeddable":true,"href":"https:\/\/fushaco.com\/sq\/wp-json\/wp\/v2\/media\/31579"}],"wp:attachment":[{"href":"https:\/\/fushaco.com\/sq\/wp-json\/wp\/v2\/media?parent=33528"}],"wp:term":[{"taxonomy":"product_brand","embeddable":true,"href":"https:\/\/fushaco.com\/sq\/wp-json\/wp\/v2\/product_brand?post=33528"},{"taxonomy":"product_cat","embeddable":true,"href":"https:\/\/fushaco.com\/sq\/wp-json\/wp\/v2\/product_cat?post=33528"},{"taxonomy":"product_tag","embeddable":true,"href":"https:\/\/fushaco.com\/sq\/wp-json\/wp\/v2\/product_tag?post=33528"}],"curies":[{"name":"wp","href":"https:\/\/api.w.org\/{rel}","templated":true}]}}