{"id":33530,"date":"2025-12-20T08:51:15","date_gmt":"2025-12-20T08:51:15","guid":{"rendered":"https:\/\/fushaco.com\/?post_type=product&#038;p=33530"},"modified":"2025-12-20T08:51:51","modified_gmt":"2025-12-20T08:51:51","slug":"arush-pellushi-fush192","status":"publish","type":"product","link":"https:\/\/fushaco.com\/sq\/produkt\/arush-pellushi-fush192\/","title":{"rendered":"Arush Pellushi &#8211; FUSH192"},"content":{"rendered":"<p class=\"_aupe copyable-text x15bjb6t x1n2onr6\"><span class=\"_aupe copyable-text xkrh14z\">Karakteristikat kryesore:<\/span><\/p>\n<p class=\"_aupe copyable-text x15bjb6t x1n2onr6\"><span class=\"_aupe copyable-text xkrh14z\">Material pelushi premium, shum\u00eb i but\u00eb n\u00eb prekje<\/span><\/p>\n<p class=\"_aupe copyable-text x15bjb6t x1n2onr6\"><span class=\"_aupe copyable-text xkrh14z\">Zem\u00ebr e q\u00ebndisur me fjal\u00ebn \u201cLOVE\u201d dhe re t\u00eb bardha dekorative<\/span><\/p>\n<p class=\"_aupe copyable-text x15bjb6t x1n2onr6\"><span class=\"_aupe copyable-text xkrh14z\">Dizajn i \u00ebmb\u00ebl dhe i p\u00ebrshtatsh\u00ebm p\u00ebr \u00e7do rast<\/span><\/p>\n<p class=\"_aupe copyable-text x15bjb6t x1n2onr6\"><span class=\"_aupe copyable-text xkrh14z\">I sigurt dhe rezistent, perfekt si dhurat\u00eb ose dekor<\/span><\/p>\n<p class=\"_aupe copyable-text x15bjb6t x1n2onr6\"><span class=\"_aupe copyable-text xkrh14z\">lartesia &#8211; 65cm<\/span><\/p>","protected":false},"excerpt":{"rendered":"<p class=\"_aupe copyable-text x15bjb6t x1n2onr6\"><span class=\"_aupe copyable-text xkrh14z\">Ky ari \u00ebsht\u00eb dhurata ideale p\u00ebr t\u00eb shprehur dashurin\u00eb dhe kujdesin n\u00eb m\u00ebnyr\u00ebn m\u00eb t\u00eb \u00ebmb\u00ebl!<\/span><\/p>\n<p class=\"_aupe copyable-text x15bjb6t x1n2onr6\"><span class=\"_aupe copyable-text xkrh14z\">I but\u00eb, i dashur dhe me nj\u00eb zem\u00ebr t\u00eb madhe me mbishkrimin \u201cLOVE\u201d, ky ari sjell ndjesi ngroht\u00ebsie dhe lumturie p\u00ebr \u00e7do mosh\u00eb.<\/span><\/p>","protected":false},"featured_media":31571,"template":"","meta":[],"product_brand":[],"product_cat":[282],"product_tag":[],"class_list":{"0":"post-33530","1":"product","2":"type-product","3":"status-publish","4":"has-post-thumbnail","6":"product_cat-arusha-pelushi","8":"first","9":"instock","10":"sale","11":"taxable","12":"shipping-taxable","13":"purchasable","14":"product-type-variable","15":"has-default-attributes"},"group_of_quantity":0,"min_quantity":0,"max_quantity":"","exclude_order_quantity_value_rules":"no","exclude_category_quantity_rules":"no","combine_variations":"no","jetpack_sharing_enabled":true,"_links":{"self":[{"href":"https:\/\/fushaco.com\/sq\/wp-json\/wp\/v2\/product\/33530","targetHints":{"allow":["GET"]}}],"collection":[{"href":"https:\/\/fushaco.com\/sq\/wp-json\/wp\/v2\/product"}],"about":[{"href":"https:\/\/fushaco.com\/sq\/wp-json\/wp\/v2\/types\/product"}],"version-history":[{"count":1,"href":"https:\/\/fushaco.com\/sq\/wp-json\/wp\/v2\/product\/33530\/revisions"}],"predecessor-version":[{"id":33533,"href":"https:\/\/fushaco.com\/sq\/wp-json\/wp\/v2\/product\/33530\/revisions\/33533"}],"wp:featuredmedia":[{"embeddable":true,"href":"https:\/\/fushaco.com\/sq\/wp-json\/wp\/v2\/media\/31571"}],"wp:attachment":[{"href":"https:\/\/fushaco.com\/sq\/wp-json\/wp\/v2\/media?parent=33530"}],"wp:term":[{"taxonomy":"product_brand","embeddable":true,"href":"https:\/\/fushaco.com\/sq\/wp-json\/wp\/v2\/product_brand?post=33530"},{"taxonomy":"product_cat","embeddable":true,"href":"https:\/\/fushaco.com\/sq\/wp-json\/wp\/v2\/product_cat?post=33530"},{"taxonomy":"product_tag","embeddable":true,"href":"https:\/\/fushaco.com\/sq\/wp-json\/wp\/v2\/product_tag?post=33530"}],"curies":[{"name":"wp","href":"https:\/\/api.w.org\/{rel}","templated":true}]}}