{"id":33547,"date":"2025-12-23T10:04:36","date_gmt":"2025-12-23T10:04:36","guid":{"rendered":"https:\/\/fushaco.com\/?post_type=product&#038;p=33547"},"modified":"2025-12-23T10:05:15","modified_gmt":"2025-12-23T10:05:15","slug":"arush-pellushi-fush210","status":"publish","type":"product","link":"https:\/\/fushaco.com\/sq\/produkt\/arush-pellushi-fush210\/","title":{"rendered":"Arush Pellushi &#8211; FUSH210"},"content":{"rendered":"<p class=\"_aupe copyable-text x15bjb6t x1n2onr6\"><span class=\"_aupe copyable-text xkrh14z\">Karakteristikat kryesore:<\/span><\/p>\n<p class=\"_aupe copyable-text x15bjb6t x1n2onr6\"><span class=\"_aupe copyable-text xkrh14z\">Material super i but\u00eb dhe me cil\u00ebsi t\u00eb lart\u00eb<\/span><\/p>\n<p class=\"_aupe copyable-text x15bjb6t x1n2onr6\"><span class=\"_aupe copyable-text xkrh14z\">Fjongo dekorative me detaje t\u00eb mrekullueshme<\/span><\/p>\n<p class=\"_aupe copyable-text x15bjb6t x1n2onr6\"><span class=\"_aupe copyable-text xkrh14z\">Ideale p\u00ebr dhurat\u00eb n\u00eb raste t\u00eb ve\u00e7anta<\/span><\/p>\n<p class=\"_aupe copyable-text x15bjb6t x1n2onr6\"><span class=\"_aupe copyable-text xkrh14z\">Lartesia &#8211; 20cm<\/span><\/p>","protected":false},"excerpt":{"rendered":"<p>Kjo lod\u00ebr e \u00ebmb\u00ebl dhe e but\u00eb \u00ebsht\u00eb perfekte p\u00ebr dhurat\u00eb! Ariu \u00ebsht\u00eb krijuar me kujdes p\u00ebr t\u00eb sjell\u00eb ngroht\u00ebsi dhe buz\u00ebqeshje \u2014 ideal p\u00ebr baby shower, dit\u00eblindje apo thjesht p\u00ebr t\u00eb zbukuruar dhom\u00ebn<\/p>\n<p>Ariu mban nj\u00eb fjongo t\u00eb bukur me detaje dekorative duke e b\u00ebr\u00eb dhurat\u00ebn edhe m\u00eb t\u00eb ve\u00e7ant\u00eb.<\/p>","protected":false},"featured_media":31582,"template":"","meta":[],"product_brand":[],"product_cat":[282,312],"product_tag":[],"class_list":{"0":"post-33547","1":"product","2":"type-product","3":"status-publish","4":"has-post-thumbnail","6":"product_cat-arusha-pelushi","7":"product_cat-baby-shower","9":"first","10":"instock","11":"taxable","12":"shipping-taxable","13":"purchasable","14":"product-type-variable"},"group_of_quantity":0,"min_quantity":0,"max_quantity":"","exclude_order_quantity_value_rules":"no","exclude_category_quantity_rules":"no","combine_variations":"no","jetpack_sharing_enabled":true,"_links":{"self":[{"href":"https:\/\/fushaco.com\/sq\/wp-json\/wp\/v2\/product\/33547","targetHints":{"allow":["GET"]}}],"collection":[{"href":"https:\/\/fushaco.com\/sq\/wp-json\/wp\/v2\/product"}],"about":[{"href":"https:\/\/fushaco.com\/sq\/wp-json\/wp\/v2\/types\/product"}],"version-history":[{"count":1,"href":"https:\/\/fushaco.com\/sq\/wp-json\/wp\/v2\/product\/33547\/revisions"}],"predecessor-version":[{"id":33550,"href":"https:\/\/fushaco.com\/sq\/wp-json\/wp\/v2\/product\/33547\/revisions\/33550"}],"wp:featuredmedia":[{"embeddable":true,"href":"https:\/\/fushaco.com\/sq\/wp-json\/wp\/v2\/media\/31582"}],"wp:attachment":[{"href":"https:\/\/fushaco.com\/sq\/wp-json\/wp\/v2\/media?parent=33547"}],"wp:term":[{"taxonomy":"product_brand","embeddable":true,"href":"https:\/\/fushaco.com\/sq\/wp-json\/wp\/v2\/product_brand?post=33547"},{"taxonomy":"product_cat","embeddable":true,"href":"https:\/\/fushaco.com\/sq\/wp-json\/wp\/v2\/product_cat?post=33547"},{"taxonomy":"product_tag","embeddable":true,"href":"https:\/\/fushaco.com\/sq\/wp-json\/wp\/v2\/product_tag?post=33547"}],"curies":[{"name":"wp","href":"https:\/\/api.w.org\/{rel}","templated":true}]}}