{"id":33565,"date":"2025-12-23T10:33:35","date_gmt":"2025-12-23T10:33:35","guid":{"rendered":"https:\/\/fushaco.com\/?post_type=product&#038;p=33565"},"modified":"2025-12-23T10:33:35","modified_gmt":"2025-12-23T10:33:35","slug":"mbeshtetese-ergonomike-per-dore-aksesor-profesional-per-manikyr-fush088","status":"publish","type":"product","link":"https:\/\/fushaco.com\/sq\/produkt\/mbeshtetese-ergonomike-per-dore-aksesor-profesional-per-manikyr-fush088\/","title":{"rendered":"Mb\u00ebshtet\u00ebse Ergonomike p\u00ebr Dor\u00eb \u2013 Aksesor Profesional p\u00ebr Manikyr &#8211; FUSH088"},"content":{"rendered":"<h2 data-start=\"1023\" data-end=\"1053\">\ud83d\udd27 Karakteristikat Kryesore<\/h2>\n<ul data-start=\"1054\" data-end=\"1306\">\n<li data-start=\"1054\" data-end=\"1099\">\n<p data-start=\"1056\" data-end=\"1099\">Dizajn <strong data-start=\"1063\" data-end=\"1076\">ergonomik<\/strong> p\u00ebr rehati maksimale<\/p>\n<\/li>\n<li data-start=\"1100\" data-end=\"1133\">\n<p data-start=\"1102\" data-end=\"1133\">Material i but\u00eb dhe rezistent<\/p>\n<\/li>\n<li data-start=\"1134\" data-end=\"1167\">\n<p data-start=\"1136\" data-end=\"1167\">K\u00ebmb\u00eb t\u00eb forta p\u00ebr stabilitet<\/p>\n<\/li>\n<li data-start=\"1168\" data-end=\"1212\">\n<p data-start=\"1170\" data-end=\"1212\">Hap\u00ebsir\u00eb ideale p\u00ebr llamb\u00eb UV\/LED posht\u00eb<\/p>\n<\/li>\n<li data-start=\"1213\" data-end=\"1239\">\n<p data-start=\"1215\" data-end=\"1239\">Leht\u00eb p\u00ebr t\u2019u pastruar<\/p>\n<\/li>\n<li data-start=\"1240\" data-end=\"1306\">\n<p data-start=\"1242\" data-end=\"1306\">I p\u00ebrshtatsh\u00ebm p\u00ebr <strong data-start=\"1261\" data-end=\"1306\">sallone profesionale &amp; p\u00ebrdorim n\u00eb sht\u00ebpi<\/strong><\/p>\n<\/li>\n<\/ul>","protected":false},"excerpt":{"rendered":"<p data-start=\"528\" data-end=\"805\">Mb\u00ebshtet\u00ebsja ergonomike p\u00ebr dor\u00eb \u00ebsht\u00eb nj\u00eb aksesor thelb\u00ebsor p\u00ebr <strong data-start=\"593\" data-end=\"639\">manikyr profesional dhe komoditet maksimal<\/strong> gjat\u00eb pun\u00ebs. E dizajnuar p\u00ebr t\u00eb mbajtur dor\u00ebn e klientit n\u00eb pozicion t\u00eb rehatsh\u00ebm, ndihmon n\u00eb reduktimin e lodhjes si p\u00ebr klientin ashtu edhe p\u00ebr teknikun e thonjve.<\/p>\n<p data-start=\"807\" data-end=\"1016\">Fal\u00eb <strong data-start=\"812\" data-end=\"859\">k\u00ebmb\u00ebve t\u00eb q\u00ebndrueshme dhe lart\u00ebsis\u00eb ideale<\/strong>, krijon hap\u00ebsir\u00eb t\u00eb mjaftueshme p\u00ebr vendosjen e llamb\u00ebs UV\/LED posht\u00eb saj. Materiali i but\u00eb dhe rezistent siguron rehati, stabilitet dhe p\u00ebrdorim afatgjat\u00eb.<\/p>","protected":false},"featured_media":33560,"template":"","meta":[],"product_brand":[],"product_cat":[325,374],"product_tag":[],"class_list":{"0":"post-33565","1":"product","2":"type-product","3":"status-publish","4":"has-post-thumbnail","6":"product_cat-aksesore","7":"product_cat-beauty-nails","9":"first","10":"instock","11":"sale","12":"taxable","13":"shipping-taxable","14":"purchasable","15":"product-type-simple"},"group_of_quantity":0,"min_quantity":0,"max_quantity":"","exclude_order_quantity_value_rules":"no","exclude_category_quantity_rules":"no","combine_variations":"no","jetpack_sharing_enabled":true,"_links":{"self":[{"href":"https:\/\/fushaco.com\/sq\/wp-json\/wp\/v2\/product\/33565","targetHints":{"allow":["GET"]}}],"collection":[{"href":"https:\/\/fushaco.com\/sq\/wp-json\/wp\/v2\/product"}],"about":[{"href":"https:\/\/fushaco.com\/sq\/wp-json\/wp\/v2\/types\/product"}],"version-history":[{"count":1,"href":"https:\/\/fushaco.com\/sq\/wp-json\/wp\/v2\/product\/33565\/revisions"}],"predecessor-version":[{"id":33566,"href":"https:\/\/fushaco.com\/sq\/wp-json\/wp\/v2\/product\/33565\/revisions\/33566"}],"wp:featuredmedia":[{"embeddable":true,"href":"https:\/\/fushaco.com\/sq\/wp-json\/wp\/v2\/media\/33560"}],"wp:attachment":[{"href":"https:\/\/fushaco.com\/sq\/wp-json\/wp\/v2\/media?parent=33565"}],"wp:term":[{"taxonomy":"product_brand","embeddable":true,"href":"https:\/\/fushaco.com\/sq\/wp-json\/wp\/v2\/product_brand?post=33565"},{"taxonomy":"product_cat","embeddable":true,"href":"https:\/\/fushaco.com\/sq\/wp-json\/wp\/v2\/product_cat?post=33565"},{"taxonomy":"product_tag","embeddable":true,"href":"https:\/\/fushaco.com\/sq\/wp-json\/wp\/v2\/product_tag?post=33565"}],"curies":[{"name":"wp","href":"https:\/\/api.w.org\/{rel}","templated":true}]}}