{"id":33738,"date":"2026-01-04T22:13:25","date_gmt":"2026-01-04T22:13:25","guid":{"rendered":"https:\/\/fushaco.com\/?post_type=product&#038;p=33738"},"modified":"2026-05-06T14:15:13","modified_gmt":"2026-05-06T14:15:13","slug":"nuance-buzesh-rhode-fush128","status":"publish","type":"product","link":"https:\/\/fushaco.com\/sq\/produkt\/nuance-buzesh-rhode-fush128\/","title":{"rendered":"Nuanc\u00eb Buz\u00ebsh Rhode &#8211; FUSH500"},"content":{"rendered":"<p>Karakteristikat e Produktit<\/p>\n<ul>\n<li>Formul\u00eb e leht\u00eb dhe komode p\u00ebr p\u00ebrdorim t\u00eb p\u00ebrditsh\u00ebm<\/li>\n<li>Ofron hidratim dhe but\u00ebsi p\u00ebr buz\u00ebt<\/li>\n<li>Jep shk\u00eblqim natyral dhe pamje t\u00eb fresk\u00ebt<\/li>\n<li>Aplikohet leht\u00ebsisht dhe shp\u00ebrndahet nj\u00ebtrajtsh\u00ebm<\/li>\n<li>Nuk krijon ndjesi t\u00eb r\u00ebnd\u00eb apo ngjit\u00ebse<\/li>\n<li>Ndihmon n\u00eb ruajtjen e lag\u00ebshtis\u00eb s\u00eb buz\u00ebve<\/li>\n<li>E p\u00ebrshtatshme p\u00ebr kombinim me produkte t\u00eb tjera grimi<\/li>\n<li>Finish modern dhe elegant<\/li>\n<li>E p\u00ebrshtatshme p\u00ebr \u00e7do sezon<\/li>\n<li>Praktike p\u00ebr p\u00ebrdorim gjat\u00eb gjith\u00eb dit\u00ebs<\/li>\n<\/ul>","protected":false},"excerpt":{"rendered":"<p>Nuanc\u00eb buz\u00ebsh me formul\u00eb t\u00eb leht\u00eb dhe komode q\u00eb ofron hidratim, but\u00ebsi dhe shk\u00eblqim natyral. Tekstura e saj p\u00ebrhapet leht\u00ebsisht n\u00eb buz\u00eb, duke dh\u00ebn\u00eb nj\u00eb pamje t\u00eb rregullt dhe t\u00eb fresk\u00ebt pa ndjesi ngjit\u00ebse. Ideale p\u00ebr p\u00ebrdorim t\u00eb p\u00ebrditsh\u00ebm, kjo nuanc\u00eb buz\u00ebsh kombinohet leht\u00ebsisht me stile t\u00eb ndryshme grimi.<\/p>\n<p>E p\u00ebrshtatshme p\u00ebr \u00e7do sezon, formula ndihmon n\u00eb ruajtjen e lag\u00ebshtis\u00eb s\u00eb buz\u00ebve dhe siguron nj\u00eb finish modern dhe elegant.<\/p>","protected":false},"featured_media":33739,"template":"","meta":[],"product_brand":[],"product_cat":[325,374],"product_tag":[],"class_list":{"0":"post-33738","1":"product","2":"type-product","3":"status-publish","4":"has-post-thumbnail","6":"product_cat-aksesore","7":"product_cat-beauty-nails","9":"first","10":"instock","11":"sale","12":"taxable","13":"shipping-taxable","14":"purchasable","15":"product-type-variable"},"group_of_quantity":0,"min_quantity":0,"max_quantity":"","exclude_order_quantity_value_rules":"no","exclude_category_quantity_rules":"no","combine_variations":"no","jetpack_sharing_enabled":true,"_links":{"self":[{"href":"https:\/\/fushaco.com\/sq\/wp-json\/wp\/v2\/product\/33738","targetHints":{"allow":["GET"]}}],"collection":[{"href":"https:\/\/fushaco.com\/sq\/wp-json\/wp\/v2\/product"}],"about":[{"href":"https:\/\/fushaco.com\/sq\/wp-json\/wp\/v2\/types\/product"}],"version-history":[{"count":3,"href":"https:\/\/fushaco.com\/sq\/wp-json\/wp\/v2\/product\/33738\/revisions"}],"predecessor-version":[{"id":35087,"href":"https:\/\/fushaco.com\/sq\/wp-json\/wp\/v2\/product\/33738\/revisions\/35087"}],"wp:featuredmedia":[{"embeddable":true,"href":"https:\/\/fushaco.com\/sq\/wp-json\/wp\/v2\/media\/33739"}],"wp:attachment":[{"href":"https:\/\/fushaco.com\/sq\/wp-json\/wp\/v2\/media?parent=33738"}],"wp:term":[{"taxonomy":"product_brand","embeddable":true,"href":"https:\/\/fushaco.com\/sq\/wp-json\/wp\/v2\/product_brand?post=33738"},{"taxonomy":"product_cat","embeddable":true,"href":"https:\/\/fushaco.com\/sq\/wp-json\/wp\/v2\/product_cat?post=33738"},{"taxonomy":"product_tag","embeddable":true,"href":"https:\/\/fushaco.com\/sq\/wp-json\/wp\/v2\/product_tag?post=33738"}],"curies":[{"name":"wp","href":"https:\/\/api.w.org\/{rel}","templated":true}]}}