{"id":33772,"date":"2026-01-06T01:37:55","date_gmt":"2026-01-06T01:37:55","guid":{"rendered":"https:\/\/fushaco.com\/?post_type=product&#038;p=33772"},"modified":"2026-01-06T01:37:55","modified_gmt":"2026-01-06T01:37:55","slug":"arush-pellushi-fush215","status":"publish","type":"product","link":"https:\/\/fushaco.com\/sq\/produkt\/arush-pellushi-fush215\/","title":{"rendered":"Arush Pellushi &#8211; FUSH215"},"content":{"rendered":"<p class=\"p1\" style=\"text-align: left;\"><span class=\"s1\">Karakteristikat kryesore:<\/span><\/p>\n<ul class=\"ul1\">\n<li class=\"li1\"><span class=\"s3\">Material super i but\u00eb dhe me cil\u00ebsi t\u00eb lart\u00eb<\/span><\/li>\n<li class=\"li1\"><span class=\"s3\">Dizajn i \u00ebmb\u00ebl me buz\u00ebqeshje t\u00eb gjer\u00eb<\/span><\/li>\n<li class=\"li1\"><span class=\"s3\">Fjongo dekorative e qepur me kujdes<\/span><\/li>\n<li class=\"li1\"><span class=\"s3\">E p\u00ebrshtatshme si dhurat\u00eb p\u00ebr t\u00eb dashur\u00ebn, f\u00ebmij\u00ebt ose miqt\u00eb<\/span><\/li>\n<li class=\"li1\"><span class=\"s3\">lartesia &#8211; 60cm<\/span><\/li>\n<\/ul>\n<p class=\"p1\"><span class=\"s1\">Sillni ngroht\u00ebsi dhe buz\u00ebqeshje me k\u00ebt\u00eb <\/span><span class=\"s2\">ari t\u00eb but\u00eb dhe t\u00eb dashur<\/span><span class=\"s1\">, perfekt p\u00ebr \u00e7do mosh\u00eb dhe rast t\u00eb ve\u00e7ant\u00eb!<\/span><\/p>\n<p class=\"p1\"><span class=\"s1\">Ky ari i \u00ebmb\u00ebl vjen me nj\u00eb <\/span><span class=\"s2\">fjongo elegante n\u00eb qaf\u00eb<\/span><span class=\"s1\"> dhe nj\u00eb <\/span><span class=\"s2\">detaj me fjongo t\u00eb q\u00ebndisur n\u00eb kraharor<\/span><span class=\"s1\">, q\u00eb i shton hijeshi dhe stil.<\/span><\/p>","protected":false},"excerpt":{"rendered":"<p>Karakteristikat kryesore: Material super i but\u00eb dhe me cil\u00ebsi t\u00eb lart\u00eb Dizajn i \u00ebmb\u00ebl me buz\u00ebqeshje t\u00eb gjer\u00eb Fjongo dekorative<\/p>","protected":false},"featured_media":31584,"template":"","meta":[],"product_brand":[],"product_cat":[282],"product_tag":[],"class_list":{"0":"post-33772","1":"product","2":"type-product","3":"status-publish","4":"has-post-thumbnail","6":"product_cat-arusha-pelushi","8":"first","9":"instock","10":"sale","11":"taxable","12":"shipping-taxable","13":"purchasable","14":"product-type-variable"},"group_of_quantity":0,"min_quantity":0,"max_quantity":"","exclude_order_quantity_value_rules":"no","exclude_category_quantity_rules":"no","combine_variations":"no","jetpack_sharing_enabled":true,"_links":{"self":[{"href":"https:\/\/fushaco.com\/sq\/wp-json\/wp\/v2\/product\/33772","targetHints":{"allow":["GET"]}}],"collection":[{"href":"https:\/\/fushaco.com\/sq\/wp-json\/wp\/v2\/product"}],"about":[{"href":"https:\/\/fushaco.com\/sq\/wp-json\/wp\/v2\/types\/product"}],"version-history":[{"count":1,"href":"https:\/\/fushaco.com\/sq\/wp-json\/wp\/v2\/product\/33772\/revisions"}],"predecessor-version":[{"id":33775,"href":"https:\/\/fushaco.com\/sq\/wp-json\/wp\/v2\/product\/33772\/revisions\/33775"}],"wp:featuredmedia":[{"embeddable":true,"href":"https:\/\/fushaco.com\/sq\/wp-json\/wp\/v2\/media\/31584"}],"wp:attachment":[{"href":"https:\/\/fushaco.com\/sq\/wp-json\/wp\/v2\/media?parent=33772"}],"wp:term":[{"taxonomy":"product_brand","embeddable":true,"href":"https:\/\/fushaco.com\/sq\/wp-json\/wp\/v2\/product_brand?post=33772"},{"taxonomy":"product_cat","embeddable":true,"href":"https:\/\/fushaco.com\/sq\/wp-json\/wp\/v2\/product_cat?post=33772"},{"taxonomy":"product_tag","embeddable":true,"href":"https:\/\/fushaco.com\/sq\/wp-json\/wp\/v2\/product_tag?post=33772"}],"curies":[{"name":"wp","href":"https:\/\/api.w.org\/{rel}","templated":true}]}}