{"id":33840,"date":"2026-01-21T08:51:51","date_gmt":"2026-01-21T08:51:51","guid":{"rendered":"https:\/\/fushaco.com\/?post_type=product&#038;p=33840"},"modified":"2026-04-22T12:12:28","modified_gmt":"2026-04-22T12:12:28","slug":"ariu-te-dua-fush367-wh","status":"publish","type":"product","link":"https:\/\/fushaco.com\/sq\/produkt\/ariu-te-dua-fush367-wh\/","title":{"rendered":"Ariu &#8221; T\u00eb Dua &#8221; &#8211; FUSH367-WH"},"content":{"rendered":"<p data-start=\"537\" data-end=\"560\">\ud83c\udf81 <strong data-start=\"540\" data-end=\"560\">Karakteristikat:<\/strong><\/p>\n<ul data-start=\"561\" data-end=\"712\">\n<li data-start=\"561\" data-end=\"598\">\n<p data-start=\"563\" data-end=\"598\">Material shum\u00eb i but\u00eb dhe cil\u00ebsor<\/p>\n<\/li>\n<li data-start=\"599\" data-end=\"636\">\n<p data-start=\"601\" data-end=\"636\">Dizajn i bukur me mesazh dashurie<\/p>\n<\/li>\n<li data-start=\"637\" data-end=\"681\">\n<p data-start=\"639\" data-end=\"681\">I p\u00ebrshtatsh\u00ebm p\u00ebr dhurat\u00eb p\u00ebr \u00e7do mosh\u00eb<\/p>\n<\/li>\n<li data-start=\"682\" data-end=\"712\">25cm<\/li>\n<li data-start=\"682\" data-end=\"712\">\n<p data-start=\"684\" data-end=\"712\">Pamje elegante dhe e \u00ebmb\u00ebl<\/p>\n<\/li>\n<\/ul>\n<p data-start=\"714\" data-end=\"752\">\ud83d\udc9d Nj\u00eb dhurat\u00eb e vog\u00ebl q\u00eb thot\u00eb shum\u00eb!<\/p>","protected":false},"excerpt":{"rendered":"<p data-start=\"167\" data-end=\"377\">Ky arush i but\u00eb dhe i k\u00ebndsh\u00ebm \u00ebsht\u00eb dhurata perfekte p\u00ebr t\u00eb shprehur ndjenjat tuaja \u2764\ufe0f<br data-start=\"254\" data-end=\"257\" \/>I veshur me nj\u00eb triko t\u00eb kuqe me mbishkrimin <strong data-start=\"302\" data-end=\"314\">\u201cT\u00eb Dua\u201d<\/strong>, ky arush sjell ngroht\u00ebsi, dashuri dhe buz\u00ebqeshje n\u00eb \u00e7do rast.<\/p>\n<p data-start=\"379\" data-end=\"535\">Me material cil\u00ebsor dhe prekje shum\u00eb t\u00eb but\u00eb, \u00ebsht\u00eb ideal si dhurat\u00eb p\u00ebr Sh\u00ebn Valentin, dit\u00eblindje, p\u00ebrvjetor apo thjesht p\u00ebr t\u00eb surprizuar dik\u00eb t\u00eb ve\u00e7ant\u00eb.<\/p>","protected":false},"featured_media":33844,"template":"","meta":[],"product_brand":[],"product_cat":[282],"product_tag":[],"class_list":{"0":"post-33840","1":"product","2":"type-product","3":"status-publish","4":"has-post-thumbnail","6":"product_cat-arusha-pelushi","8":"first","9":"instock","10":"taxable","11":"shipping-taxable","12":"purchasable","13":"product-type-simple"},"group_of_quantity":0,"min_quantity":0,"max_quantity":"","exclude_order_quantity_value_rules":"no","exclude_category_quantity_rules":"no","combine_variations":"no","jetpack_sharing_enabled":true,"_links":{"self":[{"href":"https:\/\/fushaco.com\/sq\/wp-json\/wp\/v2\/product\/33840","targetHints":{"allow":["GET"]}}],"collection":[{"href":"https:\/\/fushaco.com\/sq\/wp-json\/wp\/v2\/product"}],"about":[{"href":"https:\/\/fushaco.com\/sq\/wp-json\/wp\/v2\/types\/product"}],"version-history":[{"count":1,"href":"https:\/\/fushaco.com\/sq\/wp-json\/wp\/v2\/product\/33840\/revisions"}],"predecessor-version":[{"id":33845,"href":"https:\/\/fushaco.com\/sq\/wp-json\/wp\/v2\/product\/33840\/revisions\/33845"}],"wp:featuredmedia":[{"embeddable":true,"href":"https:\/\/fushaco.com\/sq\/wp-json\/wp\/v2\/media\/33844"}],"wp:attachment":[{"href":"https:\/\/fushaco.com\/sq\/wp-json\/wp\/v2\/media?parent=33840"}],"wp:term":[{"taxonomy":"product_brand","embeddable":true,"href":"https:\/\/fushaco.com\/sq\/wp-json\/wp\/v2\/product_brand?post=33840"},{"taxonomy":"product_cat","embeddable":true,"href":"https:\/\/fushaco.com\/sq\/wp-json\/wp\/v2\/product_cat?post=33840"},{"taxonomy":"product_tag","embeddable":true,"href":"https:\/\/fushaco.com\/sq\/wp-json\/wp\/v2\/product_tag?post=33840"}],"curies":[{"name":"wp","href":"https:\/\/api.w.org\/{rel}","templated":true}]}}