{"id":33867,"date":"2026-01-23T14:51:55","date_gmt":"2026-01-23T14:51:55","guid":{"rendered":"https:\/\/fushaco.com\/?post_type=product&#038;p=33867"},"modified":"2026-02-20T08:33:09","modified_gmt":"2026-02-20T08:33:09","slug":"stitch-arush-pellushi","status":"publish","type":"product","link":"https:\/\/fushaco.com\/sq\/produkt\/stitch-arush-pellushi\/","title":{"rendered":"Stitch Arush Pellushi"},"content":{"rendered":"<p data-start=\"445\" data-end=\"472\"><strong data-start=\"447\" data-end=\"472\">P\u00ebrdorim n\u00eb 2 m\u00ebnyra:<\/strong><\/p>\n<ol data-start=\"473\" data-end=\"725\">\n<li data-start=\"473\" data-end=\"591\">\n<p data-start=\"476\" data-end=\"591\"><strong data-start=\"476\" data-end=\"505\">Si pelush romantik me lule<\/strong> \u2013 ideal p\u00ebr dhurat\u00eb p\u00ebr Sh\u00ebn Valentin, dit\u00eblindje, p\u00ebrvjetor apo surpriz\u00eb speciale.<\/p>\n<\/li>\n<li data-start=\"592\" data-end=\"725\">\n<p data-start=\"595\" data-end=\"725\"><strong data-start=\"595\" data-end=\"621\">Si lod\u00ebr pelush klasike<\/strong> \u2013 tr\u00ebndafilat\/aksesor\u00ebt mund t\u00eb hiqen, duke e kthyer n\u00eb nj\u00eb pelush me kapele.<\/p>\n<\/li>\n<\/ol>\n<p data-start=\"727\" data-end=\"753\">\ud83c\udf81 <strong data-start=\"730\" data-end=\"753\">I p\u00ebrshtatsh\u00ebm p\u00ebr:<\/strong><\/p>\n<ul data-start=\"754\" data-end=\"869\">\n<li data-start=\"754\" data-end=\"775\">\n<p data-start=\"756\" data-end=\"775\">Dhurat\u00eb romantike<\/p>\n<\/li>\n<li data-start=\"776\" data-end=\"804\">\n<p data-start=\"778\" data-end=\"804\">Dekor sht\u00ebpie ose dyqani<\/p>\n<\/li>\n<li data-start=\"805\" data-end=\"829\">\n<p data-start=\"807\" data-end=\"829\">F\u00ebmij\u00eb dhe t\u00eb rritur<\/p>\n<\/li>\n<li data-start=\"830\" data-end=\"869\">\n<p data-start=\"832\" data-end=\"869\">Shitje sezonale dhe evente speciale<\/p>\n<\/li>\n<\/ul>","protected":false},"excerpt":{"rendered":"<p>Ky pelush i adhuruesh\u00ebm \u00ebsht\u00eb dhurata perfekte q\u00eb kombinon but\u00ebsin\u00eb dhe romantik\u00ebn n\u00eb nj\u00eb produkt unik. I realizuar nga material cil\u00ebsor, shum\u00eb i but\u00eb dhe i k\u00ebndsh\u00ebm n\u00eb prekje, vjen me nj\u00eb buqet\u00eb elegante tr\u00ebndafilash q\u00eb i japin nj\u00eb pamje t\u00eb ve\u00e7ant\u00eb dhe plot dashuri.<\/p>","protected":false},"featured_media":33871,"template":"","meta":[],"product_brand":[],"product_cat":[282],"product_tag":[],"class_list":{"0":"post-33867","1":"product","2":"type-product","3":"status-publish","4":"has-post-thumbnail","6":"product_cat-arusha-pelushi","8":"first","9":"instock","10":"sale","11":"taxable","12":"shipping-taxable","13":"purchasable","14":"product-type-variable","15":"has-default-attributes"},"group_of_quantity":0,"min_quantity":0,"max_quantity":"","exclude_order_quantity_value_rules":"no","exclude_category_quantity_rules":"no","combine_variations":"no","jetpack_sharing_enabled":true,"_links":{"self":[{"href":"https:\/\/fushaco.com\/sq\/wp-json\/wp\/v2\/product\/33867","targetHints":{"allow":["GET"]}}],"collection":[{"href":"https:\/\/fushaco.com\/sq\/wp-json\/wp\/v2\/product"}],"about":[{"href":"https:\/\/fushaco.com\/sq\/wp-json\/wp\/v2\/types\/product"}],"version-history":[{"count":1,"href":"https:\/\/fushaco.com\/sq\/wp-json\/wp\/v2\/product\/33867\/revisions"}],"predecessor-version":[{"id":33885,"href":"https:\/\/fushaco.com\/sq\/wp-json\/wp\/v2\/product\/33867\/revisions\/33885"}],"wp:featuredmedia":[{"embeddable":true,"href":"https:\/\/fushaco.com\/sq\/wp-json\/wp\/v2\/media\/33871"}],"wp:attachment":[{"href":"https:\/\/fushaco.com\/sq\/wp-json\/wp\/v2\/media?parent=33867"}],"wp:term":[{"taxonomy":"product_brand","embeddable":true,"href":"https:\/\/fushaco.com\/sq\/wp-json\/wp\/v2\/product_brand?post=33867"},{"taxonomy":"product_cat","embeddable":true,"href":"https:\/\/fushaco.com\/sq\/wp-json\/wp\/v2\/product_cat?post=33867"},{"taxonomy":"product_tag","embeddable":true,"href":"https:\/\/fushaco.com\/sq\/wp-json\/wp\/v2\/product_tag?post=33867"}],"curies":[{"name":"wp","href":"https:\/\/api.w.org\/{rel}","templated":true}]}}