{"id":33886,"date":"2026-01-23T14:56:36","date_gmt":"2026-01-23T14:56:36","guid":{"rendered":"https:\/\/fushaco.com\/?post_type=product&#038;p=33886"},"modified":"2026-04-13T15:44:28","modified_gmt":"2026-04-13T15:44:28","slug":"arush-pellushi-snow-love-fush501","status":"publish","type":"product","link":"https:\/\/fushaco.com\/sq\/produkt\/arush-pellushi-snow-love-fush501\/","title":{"rendered":"Arush Pellushi Snow Love &#8211; FUSH501"},"content":{"rendered":"<p data-start=\"488\" data-end=\"521\"><strong data-start=\"490\" data-end=\"519\">Karakteristikat kryesore:<\/strong><\/p>\n<ul data-start=\"522\" data-end=\"747\">\n<li data-start=\"522\" data-end=\"572\">\n<p data-start=\"524\" data-end=\"572\">Material shum\u00eb i but\u00eb dhe i k\u00ebndsh\u00ebm n\u00eb prekje<\/p>\n<\/li>\n<li data-start=\"573\" data-end=\"641\">\n<p data-start=\"575\" data-end=\"641\">Ngjyr\u00eb e bardh\u00eb elegante, q\u00eb simbolizon past\u00ebrtin\u00eb dhe dashurin\u00eb<\/p>\n<\/li>\n<li data-start=\"642\" data-end=\"695\">\n<p data-start=\"644\" data-end=\"695\">Fjongo dekorative e kuqe p\u00ebr nj\u00eb prekje romantike<\/p>\n<\/li>\n<li data-start=\"696\" data-end=\"747\">\n<p data-start=\"698\" data-end=\"747\">I p\u00ebrshtatsh\u00ebm p\u00ebr p\u00ebrqafime, dekor dhe dhurat\u00eb<\/p>\n<\/li>\n<\/ul>\n<p data-start=\"749\" data-end=\"769\">\ud83c\udf81 <strong data-start=\"752\" data-end=\"767\">Ideale p\u00ebr:<\/strong><\/p>\n<ul data-start=\"770\" data-end=\"895\">\n<li data-start=\"770\" data-end=\"799\">\n<p data-start=\"772\" data-end=\"799\">Dhurat\u00eb p\u00ebr Sh\u00ebn Valentin<\/p>\n<\/li>\n<li data-start=\"800\" data-end=\"829\">\n<p data-start=\"802\" data-end=\"829\">Dit\u00eblindje dhe p\u00ebrvjetor\u00eb<\/p>\n<\/li>\n<li data-start=\"830\" data-end=\"866\">\n<p data-start=\"832\" data-end=\"866\">Dhurat\u00eb p\u00ebr f\u00ebmij\u00eb dhe t\u00eb rritur<\/p>\n<\/li>\n<li data-start=\"867\" data-end=\"895\">\n<p data-start=\"869\" data-end=\"895\">Dekor sht\u00ebpie ose dyqani<\/p>\n<\/li>\n<\/ul>","protected":false},"excerpt":{"rendered":"<p>Ariu Pelushi <em data-start=\"199\" data-end=\"210\">Snow Love<\/em>\u201d \u00ebsht\u00eb simboli perfekt i but\u00ebsis\u00eb dhe dashuris\u00eb. I punuar me material super t\u00eb but\u00eb dhe cil\u00ebsor, ky ari i bardh\u00eb vjen i zbukuruar me nj\u00eb fjongo elegante ngjyr\u00eb t\u00eb kuqe, q\u00eb i jep nj\u00eb pamje romantike dhe t\u00eb past\u00ebr. Ideale p\u00ebr dhurata q\u00eb shprehin ndjenja t\u00eb sinqerta dhe kujdes.<br \/>\nArushi ka gjatesin 25cm.<\/p>","protected":false},"featured_media":33887,"template":"","meta":[],"product_brand":[],"product_cat":[282],"product_tag":[],"class_list":{"0":"post-33886","1":"product","2":"type-product","3":"status-publish","4":"has-post-thumbnail","6":"product_cat-arusha-pelushi","8":"first","9":"instock","10":"sale","11":"taxable","12":"shipping-taxable","13":"purchasable","14":"product-type-simple"},"group_of_quantity":0,"min_quantity":10,"max_quantity":"","exclude_order_quantity_value_rules":"no","exclude_category_quantity_rules":"no","combine_variations":"no","jetpack_sharing_enabled":true,"_links":{"self":[{"href":"https:\/\/fushaco.com\/sq\/wp-json\/wp\/v2\/product\/33886","targetHints":{"allow":["GET"]}}],"collection":[{"href":"https:\/\/fushaco.com\/sq\/wp-json\/wp\/v2\/product"}],"about":[{"href":"https:\/\/fushaco.com\/sq\/wp-json\/wp\/v2\/types\/product"}],"version-history":[{"count":1,"href":"https:\/\/fushaco.com\/sq\/wp-json\/wp\/v2\/product\/33886\/revisions"}],"predecessor-version":[{"id":33888,"href":"https:\/\/fushaco.com\/sq\/wp-json\/wp\/v2\/product\/33886\/revisions\/33888"}],"wp:featuredmedia":[{"embeddable":true,"href":"https:\/\/fushaco.com\/sq\/wp-json\/wp\/v2\/media\/33887"}],"wp:attachment":[{"href":"https:\/\/fushaco.com\/sq\/wp-json\/wp\/v2\/media?parent=33886"}],"wp:term":[{"taxonomy":"product_brand","embeddable":true,"href":"https:\/\/fushaco.com\/sq\/wp-json\/wp\/v2\/product_brand?post=33886"},{"taxonomy":"product_cat","embeddable":true,"href":"https:\/\/fushaco.com\/sq\/wp-json\/wp\/v2\/product_cat?post=33886"},{"taxonomy":"product_tag","embeddable":true,"href":"https:\/\/fushaco.com\/sq\/wp-json\/wp\/v2\/product_tag?post=33886"}],"curies":[{"name":"wp","href":"https:\/\/api.w.org\/{rel}","templated":true}]}}