{"id":34239,"date":"2026-02-09T15:10:15","date_gmt":"2026-02-09T15:10:15","guid":{"rendered":"https:\/\/fushaco.com\/?post_type=product&#038;p=34239"},"modified":"2026-02-09T15:10:15","modified_gmt":"2026-02-09T15:10:15","slug":"lule-trendafili-fush110","status":"publish","type":"product","link":"https:\/\/fushaco.com\/sq\/produkt\/lule-trendafili-fush110\/","title":{"rendered":"Lule Trendafili &#8211; FUSH110"},"content":{"rendered":"<ul>\n<li data-start=\"449\" data-end=\"480\">\n<p data-start=\"451\" data-end=\"480\">Dekorime dasmash dhe eventesh<\/p>\n<\/li>\n<li data-start=\"481\" data-end=\"503\">\n<p data-start=\"483\" data-end=\"503\">Aranzhime floristike<\/p>\n<\/li>\n<li data-start=\"504\" data-end=\"543\">\n<p data-start=\"506\" data-end=\"543\">Dekor sht\u00ebpie, dyqanesh apo vitrinash<\/p>\n<\/li>\n<li data-start=\"544\" data-end=\"576\">\n<p data-start=\"546\" data-end=\"576\">Dhurata simbolike dhe elegante<\/p>\n<ul>\n<li data-start=\"598\" data-end=\"633\">\n<p data-start=\"600\" data-end=\"633\">Pamje natyrale dhe cil\u00ebsi e lart\u00eb<\/p>\n<\/li>\n<li data-start=\"634\" data-end=\"666\">\n<p data-start=\"636\" data-end=\"666\">Ngjyra rezistente dhe elegante<\/p>\n<\/li>\n<li data-start=\"667\" data-end=\"709\">\n<p data-start=\"669\" data-end=\"709\">K\u00ebrcell i holl\u00eb dhe i leht\u00eb p\u00ebr kombinim<\/p>\n<\/li>\n<li data-start=\"710\" data-end=\"758\">\n<p data-start=\"712\" data-end=\"758\">Ideale p\u00ebr p\u00ebrdorim afatgjat\u00eb (pa mir\u00ebmbajtje)<\/p>\n<\/li>\n<\/ul>\n<\/li>\n<\/ul>","protected":false},"excerpt":{"rendered":"<p>Ky tr\u00ebndafil dekorativ elegant vjen n\u00eb 3 nuanca t\u00eb bukura dhe shum\u00eb t\u00eb k\u00ebrkuara: <strong>portokalli i ngroht\u00eb &amp; roz\u00eb &amp; vanilla e but\u00eb (krem).<\/strong> Me dizajn realist dhe detaje t\u00eb punuara me kujdes, ai sjell freski, ngroht\u00ebsi dhe stil n\u00eb \u00e7do ambient.<\/p>","protected":false},"featured_media":34241,"template":"","meta":[],"product_brand":[],"product_cat":[307],"product_tag":[],"class_list":{"0":"post-34239","1":"product","2":"type-product","3":"status-publish","4":"has-post-thumbnail","6":"product_cat-lule-artificiale","8":"first","9":"instock","10":"taxable","11":"shipping-taxable","12":"purchasable","13":"product-type-variable"},"group_of_quantity":0,"min_quantity":0,"max_quantity":"","exclude_order_quantity_value_rules":"no","exclude_category_quantity_rules":"no","combine_variations":"no","jetpack_sharing_enabled":true,"_links":{"self":[{"href":"https:\/\/fushaco.com\/sq\/wp-json\/wp\/v2\/product\/34239","targetHints":{"allow":["GET"]}}],"collection":[{"href":"https:\/\/fushaco.com\/sq\/wp-json\/wp\/v2\/product"}],"about":[{"href":"https:\/\/fushaco.com\/sq\/wp-json\/wp\/v2\/types\/product"}],"version-history":[{"count":1,"href":"https:\/\/fushaco.com\/sq\/wp-json\/wp\/v2\/product\/34239\/revisions"}],"predecessor-version":[{"id":34246,"href":"https:\/\/fushaco.com\/sq\/wp-json\/wp\/v2\/product\/34239\/revisions\/34246"}],"wp:featuredmedia":[{"embeddable":true,"href":"https:\/\/fushaco.com\/sq\/wp-json\/wp\/v2\/media\/34241"}],"wp:attachment":[{"href":"https:\/\/fushaco.com\/sq\/wp-json\/wp\/v2\/media?parent=34239"}],"wp:term":[{"taxonomy":"product_brand","embeddable":true,"href":"https:\/\/fushaco.com\/sq\/wp-json\/wp\/v2\/product_brand?post=34239"},{"taxonomy":"product_cat","embeddable":true,"href":"https:\/\/fushaco.com\/sq\/wp-json\/wp\/v2\/product_cat?post=34239"},{"taxonomy":"product_tag","embeddable":true,"href":"https:\/\/fushaco.com\/sq\/wp-json\/wp\/v2\/product_tag?post=34239"}],"curies":[{"name":"wp","href":"https:\/\/api.w.org\/{rel}","templated":true}]}}