{"id":34260,"date":"2026-02-09T17:15:38","date_gmt":"2026-02-09T17:15:38","guid":{"rendered":"https:\/\/fushaco.com\/?post_type=product&#038;p=34260"},"modified":"2026-02-09T17:15:39","modified_gmt":"2026-02-09T17:15:39","slug":"tulipan-i-mbushur-fush112","status":"publish","type":"product","link":"https:\/\/fushaco.com\/sq\/produkt\/tulipan-i-mbushur-fush112\/","title":{"rendered":"Tulipan i Mbushur &#8211; FUSH112"},"content":{"rendered":"<p data-start=\"637\" data-end=\"657\"><strong data-start=\"637\" data-end=\"657\">Karakteristikat:<\/strong><\/p>\n<ul data-start=\"658\" data-end=\"809\">\n<li data-start=\"658\" data-end=\"688\">\n<p data-start=\"660\" data-end=\"688\">6 cop\u00eb tulipan\u00eb t\u00eb mbushur<\/p>\n<\/li>\n<li data-start=\"689\" data-end=\"719\">\n<p data-start=\"691\" data-end=\"719\">Pamje natyrale dhe luksoze<\/p>\n<\/li>\n<li data-start=\"720\" data-end=\"761\">\n<p data-start=\"722\" data-end=\"761\">T\u00eb p\u00ebrshtatshme p\u00ebr dekor dhe dhurat\u00eb<\/p>\n<\/li>\n<li data-start=\"762\" data-end=\"809\">\n<p data-start=\"764\" data-end=\"809\">Disponueshme n\u00eb disa ngjyra (blu, e verdh\u00eb)<\/p>\n<\/li>\n<\/ul>\n<p data-start=\"811\" data-end=\"888\">Nj\u00eb zgjedhje perfekte p\u00ebr ata q\u00eb k\u00ebrkojn\u00eb <strong data-start=\"853\" data-end=\"885\">eleganc\u00eb dhe cil\u00ebsi t\u00eb lart\u00eb<\/strong> \ud83c\udf38<\/p>","protected":false},"excerpt":{"rendered":"<p>Kjo buqet\u00eb elegante p\u00ebrb\u00ebhet nga <strong data-start=\"196\" data-end=\"236\">6 tulipan\u00eb t\u00eb mbushur (Double Tulip)<\/strong>, t\u00eb njohur p\u00ebr petalet e tyre t\u00eb dendura dhe pamjen luksoze q\u00eb i ngjan bozhures. Me ngjyra t\u00eb gjalla dhe form\u00eb t\u00eb plot\u00eb, kjo buqet\u00eb sjell freski, fines\u00eb dhe stil n\u00eb \u00e7do ambient.<br \/>\nIdeale p\u00ebr <strong data-start=\"427\" data-end=\"498\">dekor sht\u00ebpie, evente, dasma, vitrina dyqanesh apo dhurat\u00eb speciale<\/strong>, tulipan\u00ebt ofrojn\u00eb nj\u00eb pamje natyrale dhe shum\u00eb elegante. Deg\u00ebt jan\u00eb t\u00eb lidhura bukur dhe ruajn\u00eb form\u00ebn perfekte p\u00ebr ekspozim afatgjat\u00eb.<\/p>","protected":false},"featured_media":34266,"template":"","meta":[],"product_brand":[],"product_cat":[307],"product_tag":[],"class_list":{"0":"post-34260","1":"product","2":"type-product","3":"status-publish","4":"has-post-thumbnail","6":"product_cat-lule-artificiale","8":"first","9":"instock","10":"taxable","11":"shipping-taxable","12":"purchasable","13":"product-type-variable"},"group_of_quantity":0,"min_quantity":0,"max_quantity":"","exclude_order_quantity_value_rules":"no","exclude_category_quantity_rules":"no","combine_variations":"no","jetpack_sharing_enabled":true,"_links":{"self":[{"href":"https:\/\/fushaco.com\/sq\/wp-json\/wp\/v2\/product\/34260","targetHints":{"allow":["GET"]}}],"collection":[{"href":"https:\/\/fushaco.com\/sq\/wp-json\/wp\/v2\/product"}],"about":[{"href":"https:\/\/fushaco.com\/sq\/wp-json\/wp\/v2\/types\/product"}],"version-history":[{"count":1,"href":"https:\/\/fushaco.com\/sq\/wp-json\/wp\/v2\/product\/34260\/revisions"}],"predecessor-version":[{"id":34274,"href":"https:\/\/fushaco.com\/sq\/wp-json\/wp\/v2\/product\/34260\/revisions\/34274"}],"wp:featuredmedia":[{"embeddable":true,"href":"https:\/\/fushaco.com\/sq\/wp-json\/wp\/v2\/media\/34266"}],"wp:attachment":[{"href":"https:\/\/fushaco.com\/sq\/wp-json\/wp\/v2\/media?parent=34260"}],"wp:term":[{"taxonomy":"product_brand","embeddable":true,"href":"https:\/\/fushaco.com\/sq\/wp-json\/wp\/v2\/product_brand?post=34260"},{"taxonomy":"product_cat","embeddable":true,"href":"https:\/\/fushaco.com\/sq\/wp-json\/wp\/v2\/product_cat?post=34260"},{"taxonomy":"product_tag","embeddable":true,"href":"https:\/\/fushaco.com\/sq\/wp-json\/wp\/v2\/product_tag?post=34260"}],"curies":[{"name":"wp","href":"https:\/\/api.w.org\/{rel}","templated":true}]}}