{"id":34349,"date":"2026-02-16T12:19:34","date_gmt":"2026-02-16T12:19:34","guid":{"rendered":"https:\/\/fushaco.com\/?post_type=product&#038;p=34349"},"modified":"2026-02-16T12:31:59","modified_gmt":"2026-02-16T12:31:59","slug":"paketim-bizhuterish-fush285","status":"publish","type":"product","link":"https:\/\/fushaco.com\/sq\/produkt\/paketim-bizhuterish-fush285\/","title":{"rendered":"Paketim Bizhuterish &#8211; FUSH285"},"content":{"rendered":"<p data-start=\"322\" data-end=\"354\"><strong data-start=\"322\" data-end=\"354\">Karakteristikat e paketimit:<\/strong><\/p>\n<ul data-start=\"355\" data-end=\"656\">\n<li data-start=\"355\" data-end=\"400\">\n<p data-start=\"357\" data-end=\"400\">Kuti e jashtme me doreza n\u00eb ngjyr\u00eb t\u00eb kuqe.<\/p>\n<\/li>\n<li data-start=\"401\" data-end=\"450\">\n<p data-start=\"403\" data-end=\"450\">Mbishkrim elegant \u201cLOVE FOREVER\u201d n\u00eb ngjyr\u00eb ari.<\/p>\n<\/li>\n<li data-start=\"451\" data-end=\"494\">\n<p data-start=\"453\" data-end=\"494\">Kuti e brendshme me ndarje t\u00eb organizuar.<\/p>\n<\/li>\n<li data-start=\"495\" data-end=\"533\">\n<p data-start=\"497\" data-end=\"533\">6 tr\u00ebndafila dekorativ\u00eb artificial\u00eb.<\/p>\n<\/li>\n<li data-start=\"534\" data-end=\"583\">\n<p data-start=\"536\" data-end=\"583\">Kapak transparent mbrojt\u00ebs p\u00ebr ekspozim luksoz.<\/p>\n<\/li>\n<li data-start=\"584\" data-end=\"656\">\n<p data-start=\"586\" data-end=\"656\">Ideale p\u00ebr vendosjen e bizhuterive, aksesor\u00ebve ose dhuratave t\u00eb vogla.<\/p>\n<\/li>\n<\/ul>\n<p data-start=\"658\" data-end=\"698\">\u26a0\ufe0f Shitet vet\u00ebm paketimi (pa bizhuteri).<\/p>","protected":false},"excerpt":{"rendered":"<p>Paketim premium i dizajnuar p\u00ebr dhurata romantike dhe produkte luksi.<br data-start=\"221\" data-end=\"224\" \/>Ngjyra e kuqe intensive e kombinuar me detaje ari krijon nj\u00eb pamje elegante dhe shum\u00eb t\u00ebrheq\u00ebse.<\/p>","protected":false},"featured_media":34368,"template":"","meta":[],"product_brand":[],"product_cat":[278],"product_tag":[],"class_list":{"0":"post-34349","1":"product","2":"type-product","3":"status-publish","4":"has-post-thumbnail","6":"product_cat-paketime","8":"first","9":"instock","10":"sale","11":"taxable","12":"shipping-taxable","13":"purchasable","14":"product-type-simple"},"group_of_quantity":0,"min_quantity":10,"max_quantity":"","exclude_order_quantity_value_rules":"no","exclude_category_quantity_rules":"no","combine_variations":"no","jetpack_sharing_enabled":true,"_links":{"self":[{"href":"https:\/\/fushaco.com\/sq\/wp-json\/wp\/v2\/product\/34349","targetHints":{"allow":["GET"]}}],"collection":[{"href":"https:\/\/fushaco.com\/sq\/wp-json\/wp\/v2\/product"}],"about":[{"href":"https:\/\/fushaco.com\/sq\/wp-json\/wp\/v2\/types\/product"}],"version-history":[{"count":1,"href":"https:\/\/fushaco.com\/sq\/wp-json\/wp\/v2\/product\/34349\/revisions"}],"predecessor-version":[{"id":34359,"href":"https:\/\/fushaco.com\/sq\/wp-json\/wp\/v2\/product\/34349\/revisions\/34359"}],"wp:featuredmedia":[{"embeddable":true,"href":"https:\/\/fushaco.com\/sq\/wp-json\/wp\/v2\/media\/34368"}],"wp:attachment":[{"href":"https:\/\/fushaco.com\/sq\/wp-json\/wp\/v2\/media?parent=34349"}],"wp:term":[{"taxonomy":"product_brand","embeddable":true,"href":"https:\/\/fushaco.com\/sq\/wp-json\/wp\/v2\/product_brand?post=34349"},{"taxonomy":"product_cat","embeddable":true,"href":"https:\/\/fushaco.com\/sq\/wp-json\/wp\/v2\/product_cat?post=34349"},{"taxonomy":"product_tag","embeddable":true,"href":"https:\/\/fushaco.com\/sq\/wp-json\/wp\/v2\/product_tag?post=34349"}],"curies":[{"name":"wp","href":"https:\/\/api.w.org\/{rel}","templated":true}]}}