{"id":34360,"date":"2026-02-16T12:21:44","date_gmt":"2026-02-16T12:21:44","guid":{"rendered":"https:\/\/fushaco.com\/?post_type=product&#038;p=34360"},"modified":"2026-02-19T21:44:50","modified_gmt":"2026-02-19T21:44:50","slug":"paketim-bizhtuerish-fush011","status":"publish","type":"product","link":"https:\/\/fushaco.com\/sq\/produkt\/paketim-bizhtuerish-fush011\/","title":{"rendered":"Paketim Bizhtuerish &#8211; FUSH011"},"content":{"rendered":"<p data-start=\"441\" data-end=\"473\"><strong data-start=\"441\" data-end=\"473\">Karakteristikat e paketimit:<\/strong><\/p>\n<ul data-start=\"474\" data-end=\"796\">\n<li data-start=\"474\" data-end=\"507\">\n<p data-start=\"476\" data-end=\"507\">Kuti e fort\u00eb me kapak magnetik.<\/p>\n<\/li>\n<li data-start=\"508\" data-end=\"565\">\n<p data-start=\"510\" data-end=\"565\">Dizajn me zem\u00ebr ari dhe mbishkrimin \u201cEverlasting Love\u201d.<\/p>\n<\/li>\n<li data-start=\"566\" data-end=\"600\">\n<p data-start=\"568\" data-end=\"600\">Qese dhurate me doreza elegante.<\/p>\n<\/li>\n<li data-start=\"601\" data-end=\"675\">\n<p data-start=\"603\" data-end=\"675\">Tr\u00ebndafila dekorativ\u00eb artificial\u00eb t\u00eb vendosur rreth kutis\u00eb s\u00eb brendshme.<\/p>\n<\/li>\n<li data-start=\"676\" data-end=\"746\">\n<p data-start=\"678\" data-end=\"746\">Kuti e brendshme p\u00ebr vendosjen e bizhuterive ose dhuratave t\u00eb vogla.<\/p>\n<\/li>\n<li data-start=\"747\" data-end=\"796\">\n<p data-start=\"749\" data-end=\"796\">Nd\u00ebrtim cil\u00ebsor dhe pamje luksoze p\u00ebr ekspozim.<\/p>\n<\/li>\n<\/ul>\n<p data-start=\"798\" data-end=\"844\">\u26a0\ufe0f Shitet vet\u00ebm paketimi (pa produkte brenda).<\/p>","protected":false},"excerpt":{"rendered":"<p data-start=\"123\" data-end=\"221\">Paketim premium me dizajn romantik dhe elegant, i krijuar p\u00ebr dhurata speciale dhe produkte luksi.<\/p>\n<p data-start=\"223\" data-end=\"439\">Ngjyra e kuqe intensive e kombinuar me zem\u00ebr n\u00eb ngjyr\u00eb ari dhe detaje delikate krijon nj\u00eb pamje shum\u00eb t\u00eb sofistikuar dhe t\u00ebrheq\u00ebse. Dizajni me motive zemrash dhe tr\u00ebndafila dekorativ\u00eb e b\u00ebn ideal p\u00ebr raste romantike.<\/p>","protected":false},"featured_media":34361,"template":"","meta":[],"product_brand":[],"product_cat":[278],"product_tag":[],"class_list":{"0":"post-34360","1":"product","2":"type-product","3":"status-publish","4":"has-post-thumbnail","6":"product_cat-paketime","8":"first","9":"instock","10":"sale","11":"taxable","12":"shipping-taxable","13":"purchasable","14":"product-type-simple"},"group_of_quantity":0,"min_quantity":5,"max_quantity":"","exclude_order_quantity_value_rules":"no","exclude_category_quantity_rules":"no","combine_variations":"no","jetpack_sharing_enabled":true,"_links":{"self":[{"href":"https:\/\/fushaco.com\/sq\/wp-json\/wp\/v2\/product\/34360","targetHints":{"allow":["GET"]}}],"collection":[{"href":"https:\/\/fushaco.com\/sq\/wp-json\/wp\/v2\/product"}],"about":[{"href":"https:\/\/fushaco.com\/sq\/wp-json\/wp\/v2\/types\/product"}],"version-history":[{"count":1,"href":"https:\/\/fushaco.com\/sq\/wp-json\/wp\/v2\/product\/34360\/revisions"}],"predecessor-version":[{"id":34362,"href":"https:\/\/fushaco.com\/sq\/wp-json\/wp\/v2\/product\/34360\/revisions\/34362"}],"wp:featuredmedia":[{"embeddable":true,"href":"https:\/\/fushaco.com\/sq\/wp-json\/wp\/v2\/media\/34361"}],"wp:attachment":[{"href":"https:\/\/fushaco.com\/sq\/wp-json\/wp\/v2\/media?parent=34360"}],"wp:term":[{"taxonomy":"product_brand","embeddable":true,"href":"https:\/\/fushaco.com\/sq\/wp-json\/wp\/v2\/product_brand?post=34360"},{"taxonomy":"product_cat","embeddable":true,"href":"https:\/\/fushaco.com\/sq\/wp-json\/wp\/v2\/product_cat?post=34360"},{"taxonomy":"product_tag","embeddable":true,"href":"https:\/\/fushaco.com\/sq\/wp-json\/wp\/v2\/product_tag?post=34360"}],"curies":[{"name":"wp","href":"https:\/\/api.w.org\/{rel}","templated":true}]}}