{"id":34548,"date":"2026-02-24T08:46:02","date_gmt":"2026-02-24T08:46:02","guid":{"rendered":"https:\/\/fushaco.com\/?post_type=product&#038;p=34548"},"modified":"2026-02-24T12:11:57","modified_gmt":"2026-02-24T12:11:57","slug":"ballona-transparent-fush171","status":"publish","type":"product","link":"https:\/\/fushaco.com\/sq\/produkt\/ballona-transparent-fush171\/","title":{"rendered":"Ballona transparent &#8211; FUSH171"},"content":{"rendered":"<p data-start=\"342\" data-end=\"447\">Baloni ka fund transparent me lidh\u00ebse dekorative, q\u00eb i jep nj\u00eb pamje t\u00eb past\u00ebr dhe moderne. Ideale p\u00ebr:<\/p>\n<ul data-start=\"449\" data-end=\"574\">\n<li data-start=\"449\" data-end=\"481\">\n<p data-start=\"451\" data-end=\"481\">\ud83c\udf39 Dhurat\u00eb p\u00ebr Sh\u00ebn Valentin<\/p>\n<\/li>\n<li data-start=\"482\" data-end=\"498\">\n<p data-start=\"484\" data-end=\"498\">\ud83c\udf81 P\u00ebrvjetor<\/p>\n<\/li>\n<li data-start=\"499\" data-end=\"523\">\n<p data-start=\"501\" data-end=\"523\">\ud83d\udc8d Fejesa \/ Propozim<\/p>\n<\/li>\n<li data-start=\"524\" data-end=\"541\">\n<p data-start=\"526\" data-end=\"541\">\ud83c\udf82 Dit\u00eblindje<\/p>\n<\/li>\n<li data-start=\"542\" data-end=\"574\">\n<p data-start=\"544\" data-end=\"574\">\ud83c\udf89 Dekor p\u00ebr evente speciale<\/p>\n<\/li>\n<\/ul>","protected":false},"excerpt":{"rendered":"<p>Balon dekorativ transparent me diamet\u00ebr <strong data-start=\"104\" data-end=\"129\">26 inch (rreth 66 cm)<\/strong>, i dizajnuar p\u00ebr t\u00eb krijuar nj\u00eb pamje elegante dhe luksoze.<\/p>","protected":false},"featured_media":34598,"template":"","meta":[],"product_brand":[],"product_cat":[295],"product_tag":[],"class_list":{"0":"post-34548","1":"product","2":"type-product","3":"status-publish","4":"has-post-thumbnail","6":"product_cat-ballone","8":"first","9":"instock","10":"taxable","11":"shipping-taxable","12":"purchasable","13":"product-type-simple"},"group_of_quantity":0,"min_quantity":10,"max_quantity":"","exclude_order_quantity_value_rules":"no","exclude_category_quantity_rules":"no","combine_variations":"no","jetpack_sharing_enabled":true,"_links":{"self":[{"href":"https:\/\/fushaco.com\/sq\/wp-json\/wp\/v2\/product\/34548","targetHints":{"allow":["GET"]}}],"collection":[{"href":"https:\/\/fushaco.com\/sq\/wp-json\/wp\/v2\/product"}],"about":[{"href":"https:\/\/fushaco.com\/sq\/wp-json\/wp\/v2\/types\/product"}],"version-history":[{"count":1,"href":"https:\/\/fushaco.com\/sq\/wp-json\/wp\/v2\/product\/34548\/revisions"}],"predecessor-version":[{"id":34551,"href":"https:\/\/fushaco.com\/sq\/wp-json\/wp\/v2\/product\/34548\/revisions\/34551"}],"wp:featuredmedia":[{"embeddable":true,"href":"https:\/\/fushaco.com\/sq\/wp-json\/wp\/v2\/media\/34598"}],"wp:attachment":[{"href":"https:\/\/fushaco.com\/sq\/wp-json\/wp\/v2\/media?parent=34548"}],"wp:term":[{"taxonomy":"product_brand","embeddable":true,"href":"https:\/\/fushaco.com\/sq\/wp-json\/wp\/v2\/product_brand?post=34548"},{"taxonomy":"product_cat","embeddable":true,"href":"https:\/\/fushaco.com\/sq\/wp-json\/wp\/v2\/product_cat?post=34548"},{"taxonomy":"product_tag","embeddable":true,"href":"https:\/\/fushaco.com\/sq\/wp-json\/wp\/v2\/product_tag?post=34548"}],"curies":[{"name":"wp","href":"https:\/\/api.w.org\/{rel}","templated":true}]}}